{"id":961155,"date":"2024-04-09T18:40:23","date_gmt":"2024-04-09T16:40:23","guid":{"rendered":"https:\/\/www.claret.cat\/llibre\/barbara-2-la-espada-fantasma-9788419099853\/"},"modified":"2026-02-27T19:12:48","modified_gmt":"2026-02-27T18:12:48","slug":"barbara-2-la-espada-fantasma-9788419099853","status":"publish","type":"product","link":"https:\/\/www.claret.cat\/es\/libro\/barbara-2-la-espada-fantasma-9788419099853\/","title":{"rendered":"B\u00c1RBARA 2: LA ESPADA FANTASMA"},"content":{"rendered":"<p>B\u00e1rbara, Costiyeti y el resto de la pandilla\u00a0contin\u00faan su misi\u00f3n para liberar a los serks y salvar Bail\u00eda. Para ello, deber\u00e1n\u00a0tratar de colarse en Cuerno de Maug, la ciudad monstruosa que proh\u00edbe la entrada\u00a0a los humanos, y localizar a Flor Fuego Flam\u00edgero, la \u00fanica persona capaz de liderar a los Magos Molones contra Cabeza de Bruja.<\/p>\n","protected":false},"excerpt":{"rendered":"<p>ABDO, DAN \/ PATTERSON, JASON<\/p>\n","protected":false},"featured_media":961724,"template":"","meta":{"_acf_changed":false,"om_disable_all_campaigns":false,"rs_blank_template":"","rs_page_bg_color":"","slide_template_v7":"","inline_featured_image":false,"_monsterinsights_skip_tracking":false,"_monsterinsights_sitenote_active":false,"_monsterinsights_sitenote_note":"","_monsterinsights_sitenote_category":0},"product_brand":[],"product_cat":[132,558,108,362],"product_tag":[],"class_list":{"0":"post-961155","1":"product","2":"type-product","3":"status-publish","4":"has-post-thumbnail","6":"product_cat-lectures-per-preadolescents-6-12-anys","7":"product_cat-comic-3_infantil-juvenil-spa-spa","8":"product_cat-comic","9":"product_cat-libros-preadolescentes-6-12-anos","11":"first","12":"instock","13":"taxable","14":"shipping-taxable","15":"purchasable","16":"product-type-simple"},"acf":{"autor":"ABDO, DAN \/ PATTERSON, JASON","codart":"841909985","libros-coleccion":"FORA DE COL.LECCI\u00d3","ediciones":"1","encuadernacion":"Carton\u00e9","fecha_de_publicacion":"01\/09\/2023","novedad":"0","paginas":"256","subtitulo":"","orden":"0","portada":"0","idioma":"spa","editorial":[{"ID":147854,"post_author":"3","post_date":"2022-10-14 11:53:43","post_date_gmt":"2022-10-14 09:53:43","post_content":"","post_title":"EDICIONES SM","post_excerpt":"","post_status":"publish","comment_status":"closed","ping_status":"closed","post_password":"","post_name":"ediciones-sm","to_ping":"","pinged":"","post_modified":"2022-10-14 11:53:43","post_modified_gmt":"2022-10-14 09:53:43","post_content_filtered":"","post_parent":0,"guid":"http:\/\/dev.claret.cat\/editorial\/ediciones-sm\/","menu_order":0,"post_type":"editorial","post_mime_type":"","comment_count":"0","filter":"raw"}],"booktrailer":"","resenas":""},"aioseo_notices":[],"_links":{"self":[{"href":"https:\/\/www.claret.cat\/es\/wp-json\/wp\/v2\/product\/961155","targetHints":{"allow":["GET"]}}],"collection":[{"href":"https:\/\/www.claret.cat\/es\/wp-json\/wp\/v2\/product"}],"about":[{"href":"https:\/\/www.claret.cat\/es\/wp-json\/wp\/v2\/types\/product"}],"wp:featuredmedia":[{"embeddable":true,"href":"https:\/\/www.claret.cat\/es\/wp-json\/wp\/v2\/media\/961724"}],"wp:attachment":[{"href":"https:\/\/www.claret.cat\/es\/wp-json\/wp\/v2\/media?parent=961155"}],"wp:term":[{"taxonomy":"product_brand","embeddable":true,"href":"https:\/\/www.claret.cat\/es\/wp-json\/wp\/v2\/product_brand?post=961155"},{"taxonomy":"product_cat","embeddable":true,"href":"https:\/\/www.claret.cat\/es\/wp-json\/wp\/v2\/product_cat?post=961155"},{"taxonomy":"product_tag","embeddable":true,"href":"https:\/\/www.claret.cat\/es\/wp-json\/wp\/v2\/product_tag?post=961155"}],"curies":[{"name":"wp","href":"https:\/\/api.w.org\/{rel}","templated":true}]}}