{"id":961177,"date":"2024-04-10T11:20:01","date_gmt":"2024-04-10T09:20:01","guid":{"rendered":"https:\/\/www.claret.cat\/llibre\/11-margaritas-9788414059760\/"},"modified":"2024-04-10T11:26:20","modified_gmt":"2024-04-10T09:26:20","slug":"11-margaritas-9788414059760","status":"publish","type":"product","link":"https:\/\/www.claret.cat\/es\/libro\/11-margaritas-9788414059760\/","title":{"rendered":"11 MARGARITAS"},"content":{"rendered":"<p>Hugo apenas recuerda a su padre, y tampoco sabe d\u00f3nde est\u00e1. Sus padres se divorciaron cuando \u00e9l ten\u00eda cinco a\u00f1os y desde entonces no sabe nada de su existencia. Su madre tampoco quiere, ni ha querido, darle ninguna explicaci\u00f3n. Es un tema tab\u00fa. Sin embargo, Hugo ahora es un adolescente de diecis\u00e9is a\u00f1os y se ha propuesto romper ese secreto. La investigaci\u00f3n que emprende va a cambiar de rumbo el 11 de marzo, cuando un atentado terrorista en la estaci\u00f3n madrile\u00f1a de Atocha acaba con la vida de muchas personas inocentes.<\/p>\n","protected":false},"excerpt":{"rendered":"<p>MARTOS MOLINA, MARTA<\/p>\n","protected":false},"featured_media":961178,"template":"","meta":{"_acf_changed":false,"om_disable_all_campaigns":false,"rs_blank_template":"","rs_page_bg_color":"","slide_template_v7":"","inline_featured_image":false,"_monsterinsights_skip_tracking":false,"_monsterinsights_sitenote_active":false,"_monsterinsights_sitenote_note":"","_monsterinsights_sitenote_category":0},"product_brand":[],"product_cat":[133,566,117,363],"product_tag":[],"class_list":{"0":"post-961177","1":"product","2":"type-product","3":"status-publish","4":"has-post-thumbnail","6":"product_cat-lectures-per-adolescents-12-18-anys","7":"product_cat-juvenil-3_infantil-juvenil-spa-spa","8":"product_cat-juvenil","9":"product_cat-lecturas-por-adolescentes-12-18-anos","11":"first","12":"instock","13":"taxable","14":"shipping-taxable","15":"purchasable","16":"product-type-simple"},"acf":{"autor":"MARTOS MOLINA, MARTA","codart":"841405976","libros-coleccion":"FORA DE COL.LECCI\u00d3","ediciones":"1","encuadernacion":"R\u00fastica","fecha_de_publicacion":"01\/04\/2024","novedad":"1","paginas":"171","subtitulo":"+15","orden":"0","portada":"0","idioma":"spa","editorial":[{"ID":6229,"post_author":"3","post_date":"2022-07-28 17:47:40","post_date_gmt":"2022-07-28 15:47:40","post_content":"","post_title":"Editorial Luis Vives (Edelvives)","post_excerpt":"","post_status":"publish","comment_status":"closed","ping_status":"closed","post_password":"","post_name":"editorial-luis-vives-edelvives","to_ping":"","pinged":"","post_modified":"2022-07-28 17:47:40","post_modified_gmt":"2022-07-28 15:47:40","post_content_filtered":"","post_parent":0,"guid":"http:\/\/dev.claret.cat\/editorial\/editorial-luis-vives-edelvives\/","menu_order":0,"post_type":"editorial","post_mime_type":"","comment_count":"0","filter":"raw"}]},"aioseo_notices":[],"_links":{"self":[{"href":"https:\/\/www.claret.cat\/es\/wp-json\/wp\/v2\/product\/961177","targetHints":{"allow":["GET"]}}],"collection":[{"href":"https:\/\/www.claret.cat\/es\/wp-json\/wp\/v2\/product"}],"about":[{"href":"https:\/\/www.claret.cat\/es\/wp-json\/wp\/v2\/types\/product"}],"wp:featuredmedia":[{"embeddable":true,"href":"https:\/\/www.claret.cat\/es\/wp-json\/wp\/v2\/media\/961178"}],"wp:attachment":[{"href":"https:\/\/www.claret.cat\/es\/wp-json\/wp\/v2\/media?parent=961177"}],"wp:term":[{"taxonomy":"product_brand","embeddable":true,"href":"https:\/\/www.claret.cat\/es\/wp-json\/wp\/v2\/product_brand?post=961177"},{"taxonomy":"product_cat","embeddable":true,"href":"https:\/\/www.claret.cat\/es\/wp-json\/wp\/v2\/product_cat?post=961177"},{"taxonomy":"product_tag","embeddable":true,"href":"https:\/\/www.claret.cat\/es\/wp-json\/wp\/v2\/product_tag?post=961177"}],"curies":[{"name":"wp","href":"https:\/\/api.w.org\/{rel}","templated":true}]}}