{"id":96123,"date":"2022-10-12T06:53:48","date_gmt":"2022-10-12T04:53:48","guid":{"rendered":"http:\/\/dev.claret.cat\/producte\/caballo-negro-carbon\/"},"modified":"2023-01-28T17:20:03","modified_gmt":"2023-01-28T16:20:03","slug":"caballo-negro-carbon-9788412281101","status":"publish","type":"product","link":"https:\/\/www.claret.cat\/es\/libro\/caballo-negro-carbon-9788412281101\/","title":{"rendered":"CABALLO NEGRO CARB\u00d3N"},"content":{"rendered":"<p>En plena guerra de Secesi\u00f3n, Robey Childs, de 14 a\u00f1os, vive en la monta\u00f1a y no ha visto el mundo. Un d\u00eda, su madre le dice que tiene que partir en busca de su padre, que ha ido a luchar con los confederados. A partir de ese momento, a trav\u00e9s de campos, r\u00edos y bosques, Robey emprender\u00e1 un periplo por un pa\u00eds devastado y amenazador en el que cualquier desconocido puede ser un amigo o un asesino, hasta recalar en Gettysburg, donde acaba de librarse la batalla m\u00e1s feroz que haya conocido la historia. Un viaje de iniciaci\u00f3n que supondr\u00e1 para el muchacho la p\u00e9rdida de la inocencia y el comienzo de la madurez, y quiz\u00e1 el descubrimiento de que toda vida es un misterio, un milagro en s\u00ed misma. Con una prosa desenfrenadamente l\u00edrica, Robert Olmstead recrea a trav\u00e9s de los ojos de un ni\u00f1o el horror de la guerra, la desesperanza de los que lo han perdido todo, pero tambi\u00e9n la pujanza de la vida, personificada en ese caballo negro carb\u00f3n casi humano, s\u00edmbolo de la naturaleza intocada y desbordante que siempre acaba por abrirse camino y lavar los pecados del hombre. Un relato de dimensiones \u00e9picas que ha obtenido el aplauso un\u00e1nime del p\u00fablico y la cr\u00edtica. &nbsp; \u00abUna novela preciosa y conmovedora\u00bb. The Washington Post &nbsp; \u00abUna contribuci\u00f3n singular y po\u00e9tica a la literatura de la Guerra Civil\u00bb. The Atlanta Journal-Constitution &nbsp; \u00abMagistral\u00bb. Chicago Tribune &nbsp; \u00abUna novela tensa y elegante, de tono y estructura casi impecables\u00bb. Chicago Sun-Times<\/p>\n","protected":false},"excerpt":{"rendered":"<p>OLMSTEAD ROBERT<\/p>\n","protected":false},"featured_media":96124,"template":"","meta":{"_acf_changed":false,"om_disable_all_campaigns":false,"rs_blank_template":"","rs_page_bg_color":"","slide_template_v7":"","inline_featured_image":false,"_monsterinsights_skip_tracking":false,"_monsterinsights_sitenote_active":false,"_monsterinsights_sitenote_note":"","_monsterinsights_sitenote_category":0},"product_brand":[],"product_cat":[127],"product_tag":[],"class_list":{"0":"post-96123","1":"product","2":"type-product","3":"status-publish","4":"has-post-thumbnail","6":"product_cat-novella-contemporania","8":"first","9":"instock","10":"taxable","11":"shipping-taxable","12":"purchasable","13":"product-type-simple"},"acf":{"editorial":[{"ID":148257,"post_author":"3","post_date":"2022-10-14 11:56:50","post_date_gmt":"2022-10-14 09:56:50","post_content":"","post_title":"HERMIDA EDITORES, S.L","post_excerpt":"","post_status":"publish","comment_status":"closed","ping_status":"closed","post_password":"","post_name":"hermida-editores-s-l","to_ping":"","pinged":"","post_modified":"2022-10-14 11:56:50","post_modified_gmt":"2022-10-14 09:56:50","post_content_filtered":"","post_parent":0,"guid":"http:\/\/dev.claret.cat\/editorial\/hermida-editores-s-l\/","menu_order":0,"post_type":"editorial","post_mime_type":"","comment_count":"0","filter":"raw"}],"autores-libros":[{"ID":166205,"post_author":"3","post_date":"2022-10-14 18:01:17","post_date_gmt":"2022-10-14 16:01:17","post_content":"","post_title":"OLMSTEAD ROBERT","post_excerpt":"","post_status":"publish","comment_status":"closed","ping_status":"closed","post_password":"","post_name":"olmstead-robert","to_ping":"","pinged":"","post_modified":"2022-10-14 18:01:17","post_modified_gmt":"2022-10-14 16:01:17","post_content_filtered":"","post_parent":0,"guid":"http:\/\/dev.claret.cat\/autor\/olmstead-robert\/","menu_order":0,"post_type":"autor","post_mime_type":"","comment_count":"0","filter":"raw"}],"autor":"OLMSTEAD ROBERT","codart":"841228110","libros-coleccion":"El Jard\u00edn de Epicuro","ediciones":"1","encuadernacion":"R\u00fastica","fecha_de_publicacion":"01\/02\/2021","novedad":"1","paginas":"224","subtitulo":"","orden":"0","portada":"0","idioma":"spa"},"aioseo_notices":[],"_links":{"self":[{"href":"https:\/\/www.claret.cat\/es\/wp-json\/wp\/v2\/product\/96123","targetHints":{"allow":["GET"]}}],"collection":[{"href":"https:\/\/www.claret.cat\/es\/wp-json\/wp\/v2\/product"}],"about":[{"href":"https:\/\/www.claret.cat\/es\/wp-json\/wp\/v2\/types\/product"}],"wp:featuredmedia":[{"embeddable":true,"href":"https:\/\/www.claret.cat\/es\/wp-json\/wp\/v2\/media\/96124"}],"wp:attachment":[{"href":"https:\/\/www.claret.cat\/es\/wp-json\/wp\/v2\/media?parent=96123"}],"wp:term":[{"taxonomy":"product_brand","embeddable":true,"href":"https:\/\/www.claret.cat\/es\/wp-json\/wp\/v2\/product_brand?post=96123"},{"taxonomy":"product_cat","embeddable":true,"href":"https:\/\/www.claret.cat\/es\/wp-json\/wp\/v2\/product_cat?post=96123"},{"taxonomy":"product_tag","embeddable":true,"href":"https:\/\/www.claret.cat\/es\/wp-json\/wp\/v2\/product_tag?post=96123"}],"curies":[{"name":"wp","href":"https:\/\/api.w.org\/{rel}","templated":true}]}}