{"id":961266,"date":"2024-04-10T13:30:03","date_gmt":"2024-04-10T11:30:03","guid":{"rendered":"https:\/\/www.claret.cat\/llibre\/la-nave-de-los-necios-9788419684004\/"},"modified":"2024-04-10T13:36:55","modified_gmt":"2024-04-10T11:36:55","slug":"la-nave-de-los-necios-9788419684004","status":"publish","type":"product","link":"https:\/\/www.claret.cat\/es\/libro\/la-nave-de-los-necios-9788419684004\/","title":{"rendered":"LA NAVE DE LOS NECIOS"},"content":{"rendered":"<p>Una misteriosa planta viajera, seg\u00fan va creciendo, va complicando la vida de las personas que la poseen. Despu\u00e9s de muchas vueltas, alguien la embarcar\u00e1 en la nave de los necios, donde la historia prosigue. Pero \u00bfde qu\u00e9 lugar ha partido la nave de los necios y hacia d\u00f3nde se dirige? \u00bfY qu\u00e9 extra\u00f1os pasajeros viajan en ella? Este libro navega por la tradici\u00f3n burlesca de la pintura de Brueguel el Viejo y El Bosco.<\/p>\n","protected":false},"excerpt":{"rendered":"<p>GONZ\u00c1LEZ LARTITEGUI, ANA<\/p>\n","protected":false},"featured_media":961267,"template":"","meta":{"_acf_changed":false,"om_disable_all_campaigns":false,"rs_blank_template":"","rs_page_bg_color":"","slide_template_v7":"","inline_featured_image":false,"_monsterinsights_skip_tracking":false,"_monsterinsights_sitenote_active":false,"_monsterinsights_sitenote_note":"","_monsterinsights_sitenote_category":0},"product_brand":[],"product_cat":[131,361],"product_tag":[],"class_list":{"0":"post-961266","1":"product","2":"type-product","3":"status-publish","4":"has-post-thumbnail","6":"product_cat-contes-per-infants-0-6-anys","7":"product_cat-cuentos-para-ninos-0-6-anos","9":"first","10":"instock","11":"taxable","12":"shipping-taxable","13":"purchasable","14":"product-type-simple"},"acf":{"autor":"GONZ\u00c1LEZ LARTITEGUI, ANA","codart":"841968400","libros-coleccion":"Deguria","ediciones":"1","encuadernacion":"Carton\u00e9","fecha_de_publicacion":"01\/09\/2023","novedad":"1","paginas":"36","subtitulo":"","orden":"0","portada":"0","idioma":"spa","editorial":[{"ID":147362,"post_author":"3","post_date":"2022-10-14 11:49:59","post_date_gmt":"2022-10-14 09:49:59","post_content":"","post_title":"A Fin de Cuentos Editorial","post_excerpt":"","post_status":"publish","comment_status":"closed","ping_status":"closed","post_password":"","post_name":"a-fin-de-cuentos-editorial","to_ping":"","pinged":"","post_modified":"2022-10-14 11:49:59","post_modified_gmt":"2022-10-14 09:49:59","post_content_filtered":"","post_parent":0,"guid":"http:\/\/dev.claret.cat\/editorial\/a-fin-de-cuentos-editorial\/","menu_order":0,"post_type":"editorial","post_mime_type":"","comment_count":"0","filter":"raw"}]},"aioseo_notices":[],"_links":{"self":[{"href":"https:\/\/www.claret.cat\/es\/wp-json\/wp\/v2\/product\/961266","targetHints":{"allow":["GET"]}}],"collection":[{"href":"https:\/\/www.claret.cat\/es\/wp-json\/wp\/v2\/product"}],"about":[{"href":"https:\/\/www.claret.cat\/es\/wp-json\/wp\/v2\/types\/product"}],"wp:featuredmedia":[{"embeddable":true,"href":"https:\/\/www.claret.cat\/es\/wp-json\/wp\/v2\/media\/961267"}],"wp:attachment":[{"href":"https:\/\/www.claret.cat\/es\/wp-json\/wp\/v2\/media?parent=961266"}],"wp:term":[{"taxonomy":"product_brand","embeddable":true,"href":"https:\/\/www.claret.cat\/es\/wp-json\/wp\/v2\/product_brand?post=961266"},{"taxonomy":"product_cat","embeddable":true,"href":"https:\/\/www.claret.cat\/es\/wp-json\/wp\/v2\/product_cat?post=961266"},{"taxonomy":"product_tag","embeddable":true,"href":"https:\/\/www.claret.cat\/es\/wp-json\/wp\/v2\/product_tag?post=961266"}],"curies":[{"name":"wp","href":"https:\/\/api.w.org\/{rel}","templated":true}]}}