{"id":961485,"date":"2024-04-11T17:30:02","date_gmt":"2024-04-11T15:30:02","guid":{"rendered":"https:\/\/www.claret.cat\/llibre\/que-es-el-hinduismo-9788412452884\/"},"modified":"2024-04-11T18:25:13","modified_gmt":"2024-04-11T16:25:13","slug":"que-es-el-hinduismo-9788412452884","status":"publish","type":"product","link":"https:\/\/www.claret.cat\/es\/libro\/que-es-el-hinduismo-9788412452884\/","title":{"rendered":"\u00bfQU\u00c9 ES EL HINDUISMO?"},"content":{"rendered":"<p>El hinduismo es una religi\u00f3n que, en sus tres mil a\u00f1os de historia, ha ido conociendo una enorme variedad de creencias, mitos, espiritualidades, teolog\u00edas, escrituras, pr\u00e1cticas, etc. Eso hace que quienes se interesan por algunos de sus aspectos, como el yoga, el tantra, la meditaci\u00f3n o la filosof\u00eda, se pierdan f\u00e1cilmente en este verdadero laberinto, en el que tambi\u00e9n se hallan, por ejemplo, las castas, las \u00abvacas sagradas\u00bb, las cremaciones junto al Ganges y multitud de dioses y diosas de apariencia sorprendente. Por eso se ha escrito este libro: en \u00e9l se expone, clara y ordenadamente, una visi\u00f3n de conjunto de esta religi\u00f3n que intenta mostrar su unidad y su diversidad con el fin de que el lector pueda orientarse en ella, situar cada cosa en su lugar y entender as\u00ed su contexto y su sentido.<\/p>\n","protected":false},"excerpt":{"rendered":"<p>RUIZ CALDERON, JAVIER<\/p>\n","protected":false},"featured_media":961514,"template":"","meta":{"_acf_changed":false,"om_disable_all_campaigns":false,"rs_blank_template":"","rs_page_bg_color":"","slide_template_v7":"","inline_featured_image":false,"_monsterinsights_skip_tracking":false,"_monsterinsights_sitenote_active":false,"_monsterinsights_sitenote_note":"","_monsterinsights_sitenote_category":0},"product_brand":[],"product_cat":[544,94],"product_tag":[],"class_list":{"0":"post-961485","1":"product","2":"type-product","3":"status-publish","4":"has-post-thumbnail","6":"product_cat-religiones","7":"product_cat-religions","9":"first","10":"instock","11":"taxable","12":"shipping-taxable","13":"purchasable","14":"product-type-simple"},"acf":{"autor":"RUIZ CALDERON, JAVIER","codart":"841245288","libros-coleccion":"FORA DE COL.LECCI\u00d3","ediciones":"1","encuadernacion":"R\u00fastica","fecha_de_publicacion":"01\/03\/2024","novedad":"1","paginas":"218","subtitulo":"","orden":"0","portada":"0","idioma":"spa","editorial":[{"ID":148034,"post_author":"3","post_date":"2022-10-14 11:55:07","post_date_gmt":"2022-10-14 09:55:07","post_content":"","post_title":"Editorial Senderos","post_excerpt":"","post_status":"publish","comment_status":"closed","ping_status":"closed","post_password":"","post_name":"editorial-senderos","to_ping":"","pinged":"","post_modified":"2022-10-14 11:55:07","post_modified_gmt":"2022-10-14 09:55:07","post_content_filtered":"","post_parent":0,"guid":"http:\/\/dev.claret.cat\/editorial\/editorial-senderos\/","menu_order":0,"post_type":"editorial","post_mime_type":"","comment_count":"0","filter":"raw"}]},"aioseo_notices":[],"_links":{"self":[{"href":"https:\/\/www.claret.cat\/es\/wp-json\/wp\/v2\/product\/961485","targetHints":{"allow":["GET"]}}],"collection":[{"href":"https:\/\/www.claret.cat\/es\/wp-json\/wp\/v2\/product"}],"about":[{"href":"https:\/\/www.claret.cat\/es\/wp-json\/wp\/v2\/types\/product"}],"wp:featuredmedia":[{"embeddable":true,"href":"https:\/\/www.claret.cat\/es\/wp-json\/wp\/v2\/media\/961514"}],"wp:attachment":[{"href":"https:\/\/www.claret.cat\/es\/wp-json\/wp\/v2\/media?parent=961485"}],"wp:term":[{"taxonomy":"product_brand","embeddable":true,"href":"https:\/\/www.claret.cat\/es\/wp-json\/wp\/v2\/product_brand?post=961485"},{"taxonomy":"product_cat","embeddable":true,"href":"https:\/\/www.claret.cat\/es\/wp-json\/wp\/v2\/product_cat?post=961485"},{"taxonomy":"product_tag","embeddable":true,"href":"https:\/\/www.claret.cat\/es\/wp-json\/wp\/v2\/product_tag?post=961485"}],"curies":[{"name":"wp","href":"https:\/\/api.w.org\/{rel}","templated":true}]}}