{"id":961571,"date":"2024-04-12T12:10:39","date_gmt":"2024-04-12T10:10:39","guid":{"rendered":"https:\/\/www.claret.cat\/llibre\/el-claustre-de-la-seu-vella-i-la-seva-recuperacio-19482018-9788413035352\/"},"modified":"2024-04-12T12:21:20","modified_gmt":"2024-04-12T10:21:20","slug":"el-claustre-de-la-seu-vella-i-la-seva-recuperacio-19482018-9788413035352","status":"publish","type":"product","link":"https:\/\/www.claret.cat\/es\/libro\/el-claustre-de-la-seu-vella-i-la-seva-recuperacio-19482018-9788413035352\/","title":{"rendered":"EL CLAUSTRE DE LA SEU VELLA I LA SEVA RECUPERACI\u00d3 (1948-2018)"},"content":{"rendered":"<p>La silueta de la Seu Vella de Lleida \u00e9s una icona no solament<br \/> pels seus valors pl\u00e0stics excepcionals, sin\u00f3 per la dif\u00edcil hist\u00f2ria<br \/> que ha viscut. La buidor del temple, la majestuositat de<br \/> l&#8221;at\u00edpic claustre i l&#8221;esveltesa del campanar al mig d&#8221;una ciutadella<br \/> formidable s\u00f3n algunes de les sorpreses que ofereix<br \/> als visitants.<br \/> Despr\u00e9s de ser destinada a caserna durant 241 anys, a partir<br \/> de 1948 se n&#8221;inici\u00e0 la recuperaci\u00f3. S&#8221;ha fet molt per millorar-<br \/> ne la imatge i l&#8221;estat general, per\u00f2 encara queda cam\u00ed<br \/> fins arribar a refer-la del tot.<br \/> El claustre \u00e9s una de les joies de la catedral medieval. Josep<br \/> Maria Font, membre d&#8221;una il\u00b7lustre nissaga d&#8221;arquitectes,<br \/> analitza acuradament la dif\u00edcil i rigorosa tasca de recuperar-<br \/> lo que va fer l&#8221;arquitecte Alejandro Ferrant. Aquest llibre<br \/> permet descobrir les parts originals que encara se&#8221;n conserven<br \/> i constitueix a la vegada un homenatge a tota la gent que<br \/> ha treballat en la recuperaci\u00f3 d&#8221;un espai que compta gaireb\u00e9<br \/> vuit segles d&#8221;hist\u00f2ria.<\/p>\n","protected":false},"excerpt":{"rendered":"<p>FONT ONCINS, JOSEP MARIA<\/p>\n","protected":false},"featured_media":961572,"template":"","meta":{"_acf_changed":false,"om_disable_all_campaigns":false,"rs_blank_template":"","rs_page_bg_color":"","slide_template_v7":"","inline_featured_image":false,"_monsterinsights_skip_tracking":false,"_monsterinsights_sitenote_active":false,"_monsterinsights_sitenote_note":"","_monsterinsights_sitenote_category":0},"product_brand":[],"product_cat":[92,542],"product_tag":[],"class_list":{"0":"post-961571","1":"product","2":"type-product","3":"status-publish","4":"has-post-thumbnail","6":"product_cat-vida-religiosa","7":"product_cat-vida-religiosa-1_espiritualidad-spa","9":"first","10":"instock","11":"taxable","12":"shipping-taxable","13":"purchasable","14":"product-type-simple"},"acf":{"autor":"FONT ONCINS, JOSEP MARIA","codart":"841303535","libros-coleccion":"Guimet","ediciones":"1","encuadernacion":"R\u00fastica","fecha_de_publicacion":"01\/02\/2024","novedad":"1","paginas":"250","subtitulo":"","orden":"0","portada":"0","idioma":"cat","editorial":[{"ID":6322,"post_author":"3","post_date":"2022-07-28 17:49:42","post_date_gmt":"2022-07-28 15:49:42","post_content":"","post_title":"PAG\u00c8S EDITORS","post_excerpt":"","post_status":"publish","comment_status":"closed","ping_status":"closed","post_password":"","post_name":"pages-editors","to_ping":"","pinged":"","post_modified":"2022-07-28 17:49:42","post_modified_gmt":"2022-07-28 15:49:42","post_content_filtered":"","post_parent":0,"guid":"http:\/\/dev.claret.cat\/editorial\/pages-editors\/","menu_order":0,"post_type":"editorial","post_mime_type":"","comment_count":"0","filter":"raw"}]},"aioseo_notices":[],"_links":{"self":[{"href":"https:\/\/www.claret.cat\/es\/wp-json\/wp\/v2\/product\/961571","targetHints":{"allow":["GET"]}}],"collection":[{"href":"https:\/\/www.claret.cat\/es\/wp-json\/wp\/v2\/product"}],"about":[{"href":"https:\/\/www.claret.cat\/es\/wp-json\/wp\/v2\/types\/product"}],"wp:featuredmedia":[{"embeddable":true,"href":"https:\/\/www.claret.cat\/es\/wp-json\/wp\/v2\/media\/961572"}],"wp:attachment":[{"href":"https:\/\/www.claret.cat\/es\/wp-json\/wp\/v2\/media?parent=961571"}],"wp:term":[{"taxonomy":"product_brand","embeddable":true,"href":"https:\/\/www.claret.cat\/es\/wp-json\/wp\/v2\/product_brand?post=961571"},{"taxonomy":"product_cat","embeddable":true,"href":"https:\/\/www.claret.cat\/es\/wp-json\/wp\/v2\/product_cat?post=961571"},{"taxonomy":"product_tag","embeddable":true,"href":"https:\/\/www.claret.cat\/es\/wp-json\/wp\/v2\/product_tag?post=961571"}],"curies":[{"name":"wp","href":"https:\/\/api.w.org\/{rel}","templated":true}]}}