{"id":961680,"date":"2024-04-12T14:15:27","date_gmt":"2024-04-12T12:15:27","guid":{"rendered":"https:\/\/www.claret.cat\/llibre\/viaje-al-centro-de-la-tierra-9788420609041\/"},"modified":"2024-06-19T17:50:10","modified_gmt":"2024-06-19T15:50:10","slug":"viaje-al-centro-de-la-tierra-9788420609041","status":"publish","type":"product","link":"https:\/\/www.claret.cat\/es\/libro\/viaje-al-centro-de-la-tierra-9788420609041\/","title":{"rendered":"VIAJE AL CENTRO DE LA TIERRA"},"content":{"rendered":"<p>Aunque las novelas de Jules Verne (1828-1905) siempre han gozado del favor del gran p\u00fablico, el paso de los a\u00f1os y la valoraci\u00f3n que entre tanto se ha venido haciendo de su obra han incrementado la magnitud de su figura. Hoy en d\u00eda, adem\u00e1s de su talla indiscutible como autor de novelas de aventuras o de anticipaci\u00f3n cient\u00edfica, se valora en igual o mayor grado la enorme riqueza po\u00e9tica, mitol\u00f3gica y simb\u00f3lica que late en ellas. Verdadero alarde de imaginaci\u00f3n, &#8216;Viaje al centro de la Tierra&#8217; es el relato apasionante de la exploraci\u00f3n de las entra\u00f1as de nuestro planeta que aborda el peque\u00f1o grupo que encabeza el profesor Lidenbrock.<\/p>\n","protected":false},"excerpt":{"rendered":"<p>VERNE, JULES<\/p>\n","protected":false},"featured_media":961681,"template":"","meta":{"_acf_changed":false,"om_disable_all_campaigns":false,"rs_blank_template":"","rs_page_bg_color":"","slide_template_v7":"","inline_featured_image":false,"_monsterinsights_skip_tracking":false,"_monsterinsights_sitenote_active":false,"_monsterinsights_sitenote_note":"","_monsterinsights_sitenote_category":0},"product_brand":[],"product_cat":[354,123],"product_tag":[],"class_list":{"0":"post-961680","1":"product","2":"type-product","3":"status-publish","4":"has-post-thumbnail","6":"product_cat-clasica","7":"product_cat-classica","9":"first","10":"instock","11":"taxable","12":"shipping-taxable","13":"purchasable","14":"product-type-simple"},"acf":{"autor":"VERNE, JULES","codart":"842060904","libros-coleccion":"","ediciones":"1","encuadernacion":"R\u00fastica","fecha_de_publicacion":"01\/09\/2012","novedad":"0","paginas":"360","subtitulo":"","orden":"999","portada":"0","idioma":"spa","editorial":[{"ID":261789,"post_author":"3","post_date":"2022-10-24 11:15:52","post_date_gmt":"2022-10-24 09:15:52","post_content":"","post_title":"ALIANZA LITERARIA","post_excerpt":"","post_status":"publish","comment_status":"closed","ping_status":"closed","post_password":"","post_name":"alianza-literaria","to_ping":"","pinged":"","post_modified":"2022-10-24 11:15:52","post_modified_gmt":"2022-10-24 09:15:52","post_content_filtered":"","post_parent":0,"guid":"http:\/\/dev.claret.cat\/editorial\/alianza-literaria\/","menu_order":0,"post_type":"editorial","post_mime_type":"","comment_count":"0","filter":"raw"}],"autores-libros":[{"ID":161236,"post_author":"3","post_date":"2022-10-14 17:16:35","post_date_gmt":"2022-10-14 15:16:35","post_content":"","post_title":"JULES VERNE","post_excerpt":"","post_status":"publish","comment_status":"closed","ping_status":"closed","post_password":"","post_name":"jules-verne","to_ping":"","pinged":"","post_modified":"2022-10-14 17:16:35","post_modified_gmt":"2022-10-14 15:16:35","post_content_filtered":"","post_parent":0,"guid":"http:\/\/dev.claret.cat\/autor\/jules-verne\/","menu_order":0,"post_type":"autor","post_mime_type":"","comment_count":"0","filter":"raw"}]},"aioseo_notices":[],"_links":{"self":[{"href":"https:\/\/www.claret.cat\/es\/wp-json\/wp\/v2\/product\/961680","targetHints":{"allow":["GET"]}}],"collection":[{"href":"https:\/\/www.claret.cat\/es\/wp-json\/wp\/v2\/product"}],"about":[{"href":"https:\/\/www.claret.cat\/es\/wp-json\/wp\/v2\/types\/product"}],"wp:featuredmedia":[{"embeddable":true,"href":"https:\/\/www.claret.cat\/es\/wp-json\/wp\/v2\/media\/961681"}],"wp:attachment":[{"href":"https:\/\/www.claret.cat\/es\/wp-json\/wp\/v2\/media?parent=961680"}],"wp:term":[{"taxonomy":"product_brand","embeddable":true,"href":"https:\/\/www.claret.cat\/es\/wp-json\/wp\/v2\/product_brand?post=961680"},{"taxonomy":"product_cat","embeddable":true,"href":"https:\/\/www.claret.cat\/es\/wp-json\/wp\/v2\/product_cat?post=961680"},{"taxonomy":"product_tag","embeddable":true,"href":"https:\/\/www.claret.cat\/es\/wp-json\/wp\/v2\/product_tag?post=961680"}],"curies":[{"name":"wp","href":"https:\/\/api.w.org\/{rel}","templated":true}]}}