{"id":961804,"date":"2024-04-15T12:00:30","date_gmt":"2024-04-15T10:00:30","guid":{"rendered":"https:\/\/www.claret.cat\/llibre\/la-biblia-9788475883380\/"},"modified":"2024-04-15T12:00:38","modified_gmt":"2024-04-15T10:00:38","slug":"la-biblia-9788475883380","status":"publish","type":"product","link":"https:\/\/www.claret.cat\/es\/libro\/la-biblia-9788475883380\/","title":{"rendered":"LA BIBLIA"},"content":{"rendered":"<p>La col\u00b7lecci\u00f3 A Tot Vent de Proa acull una edici\u00f3 acurada de La B\u00edblia amb il\u00b7lustracions originals de Perico Pastor que destaquen el seu indiscutible valor literari i fa accessible a tothom un dels textos fonamentals de la nostra civilitzaci\u00f3.&#8217;La B\u00edblia posseeix la innegable pot\u00e8ncia narrativa reservada als textos d els or\u00edgens dels pobles&#8217;, JAUME CABR\u00c9&#8217;La B\u00edblia \u00e9s el nostre monument quotidi\u00e0 contra l&#8217;oblit&#8217;, JOAN MARGARIT&#8217;Vaig a la B\u00edblia com vaig a Homer, Lucreci i Shakespeare: no per cap dimensi\u00f3 transcendent, sin\u00f3 pel valor moral i po\u00e8tic&#8217;, MIQUEL DE PALOL&#8217;La B\u00edblia, com totes les grans obres, est\u00e0 en nosaltres encara que no n&#8217;hagu\u00e9ssim llegit mai ni tan sols un versicle&#8217;, ROGER MAS&#8217;La B\u00edblia \u00e9s el millor llibre que hi ha i que hi haur\u00e0 hagut mai al m\u00f3n&#8217;, CHARLES DICKENS&#8217;Hi ha llibres als quals torno de tant en tant com si fossin vells amics: l&#8217;Antic Testament, Dickens, Conrad, Cervantes&#8230;&#8217;, WILLIAM FAULKNERVeure v\u00eddeo amb il\u00b7lustracions del volum<\/p>\n","protected":false},"excerpt":{"rendered":"<p>AA.VV.<\/p>\n","protected":false},"featured_media":961805,"template":"","meta":{"_acf_changed":false,"om_disable_all_campaigns":false,"rs_blank_template":"","rs_page_bg_color":"","slide_template_v7":"","inline_featured_image":false,"_monsterinsights_skip_tracking":false,"_monsterinsights_sitenote_active":false,"_monsterinsights_sitenote_note":"","_monsterinsights_sitenote_category":0},"product_brand":[],"product_cat":[90,540],"product_tag":[],"class_list":{"0":"post-961804","1":"product","2":"type-product","3":"status-publish","4":"has-post-thumbnail","6":"product_cat-altres","7":"product_cat-otros","9":"first","10":"outofstock","11":"taxable","12":"shipping-taxable","13":"purchasable","14":"product-type-simple"},"acf":{"autor":"AA.VV.","codart":"847588338","libros-coleccion":"","ediciones":"0","encuadernacion":"Carton\u00e9","fecha_de_publicacion":"10\/07\/2013","novedad":"0","paginas":"200","subtitulo":"","orden":"999","portada":"0","idioma":"cat","editorial":[{"ID":148696,"post_author":"3","post_date":"2022-10-14 12:00:16","post_date_gmt":"2022-10-14 10:00:16","post_content":"","post_title":"PROA, S.A. EDICIONS","post_excerpt":"","post_status":"publish","comment_status":"closed","ping_status":"closed","post_password":"","post_name":"proa-s-a-edicions","to_ping":"","pinged":"","post_modified":"2022-10-14 12:00:16","post_modified_gmt":"2022-10-14 10:00:16","post_content_filtered":"","post_parent":0,"guid":"http:\/\/dev.claret.cat\/editorial\/proa-s-a-edicions\/","menu_order":0,"post_type":"editorial","post_mime_type":"","comment_count":"0","filter":"raw"}],"autores-libros":[{"ID":5199,"post_author":"3","post_date":"2022-07-28 17:16:54","post_date_gmt":"2022-07-28 15:16:54","post_content":"","post_title":"AA.VV.","post_excerpt":"","post_status":"publish","comment_status":"closed","ping_status":"closed","post_password":"","post_name":"aa-vv-3","to_ping":"","pinged":"","post_modified":"2022-07-28 17:16:54","post_modified_gmt":"2022-07-28 15:16:54","post_content_filtered":"","post_parent":0,"guid":"http:\/\/dev.claret.cat\/autor\/aa-vv-3\/","menu_order":0,"post_type":"autor","post_mime_type":"","comment_count":"0","filter":"raw"}]},"aioseo_notices":[],"_links":{"self":[{"href":"https:\/\/www.claret.cat\/es\/wp-json\/wp\/v2\/product\/961804","targetHints":{"allow":["GET"]}}],"collection":[{"href":"https:\/\/www.claret.cat\/es\/wp-json\/wp\/v2\/product"}],"about":[{"href":"https:\/\/www.claret.cat\/es\/wp-json\/wp\/v2\/types\/product"}],"wp:featuredmedia":[{"embeddable":true,"href":"https:\/\/www.claret.cat\/es\/wp-json\/wp\/v2\/media\/961805"}],"wp:attachment":[{"href":"https:\/\/www.claret.cat\/es\/wp-json\/wp\/v2\/media?parent=961804"}],"wp:term":[{"taxonomy":"product_brand","embeddable":true,"href":"https:\/\/www.claret.cat\/es\/wp-json\/wp\/v2\/product_brand?post=961804"},{"taxonomy":"product_cat","embeddable":true,"href":"https:\/\/www.claret.cat\/es\/wp-json\/wp\/v2\/product_cat?post=961804"},{"taxonomy":"product_tag","embeddable":true,"href":"https:\/\/www.claret.cat\/es\/wp-json\/wp\/v2\/product_tag?post=961804"}],"curies":[{"name":"wp","href":"https:\/\/api.w.org\/{rel}","templated":true}]}}