{"id":961855,"date":"2024-04-15T12:55:30","date_gmt":"2024-04-15T10:55:30","guid":{"rendered":"https:\/\/www.claret.cat\/llibre\/introduccion-a-la-fisica-cuantica-9788419878427\/"},"modified":"2024-09-18T19:40:21","modified_gmt":"2024-09-18T17:40:21","slug":"introduccion-a-la-fisica-cuantica-9788419878427","status":"publish","type":"product","link":"https:\/\/www.claret.cat\/es\/libro\/introduccion-a-la-fisica-cuantica-9788419878427\/","title":{"rendered":"INTRODUCCI\u00d3N A LA F\u00cdSICA CU\u00c1NTICA"},"content":{"rendered":"<p>\u00abAquellos que no se sorprenden cuando se encuentran por primera vez con la teor\u00eda cu\u00e1ntica posiblemente no la hayan entendido\u00bb.<br \/> Niels Bohr, Premio Nobel de F\u00edsica 1922<\/p>\n<p> La visi\u00f3n newtoniana y la f\u00edsica cl\u00e1sica se cimentaban en un cosmos sin fin y est\u00e1tico, siguiendo una trayectoria lineal y mec\u00e1nica seg\u00fan las leyes f\u00edsicas, que se cre\u00edan absolutamente certeras y arm\u00f3nicas. Sin embargo, esta perspectiva del universo se desmoron\u00f3 a principios del siglo XX debido a las investigaciones de cient\u00edficos como Max Planck, Louis De Broglie o Erwin Schr\u00f6dinger y sus descubrimientos.  <br \/> A trav\u00e9s de un recorrido por la historia de esta reciente ciencia, hasta su impacto revolucionario en la tecnolog\u00eda moderna, el libro ofrece una introducci\u00f3n accesible y cautivadora a esta rama fundamental de la ciencia. Desde el \u00e1tomo cu\u00e1ntico hasta el enigm\u00e1tico experimento del gato de Schr\u00f6dinger o el principio de incertidumbre, se presentan conceptos clave de manera clara y concisa. &#8216;Introducci\u00f3n a la f\u00edsica cu\u00e1ntica&#8217; no solo aborda los fundamentos te\u00f3ricos, sino que tambi\u00e9n explora aplicaciones pr\u00e1cticas que han transformado nuestra sociedad como la criptograf\u00eda cu\u00e1ntica, que promete una seguridad incomparable en las comunicaciones, hasta la superconductividad y la revoluci\u00f3n l\u00e1ser que han revolucionado la tecnolog\u00eda moderna.<br \/> Una lectura imprescindible para aquellos que buscan comprender los misterios y aplicaciones emocionantes de una de las teor\u00edas m\u00e1s sorprendentes y poderosas de la ciencia moderna.<\/p>\n","protected":false},"excerpt":{"rendered":"<p>EUGENIO MANUEL FERN\u00c1NDEZ AGUILAR<\/p>\n","protected":false},"featured_media":962472,"template":"","meta":{"_acf_changed":false,"om_disable_all_campaigns":false,"rs_blank_template":"","rs_page_bg_color":"","slide_template_v7":"","inline_featured_image":false,"_monsterinsights_skip_tracking":false,"_monsterinsights_sitenote_active":false,"_monsterinsights_sitenote_note":"","_monsterinsights_sitenote_category":0},"product_brand":[],"product_cat":[104,554],"product_tag":[],"class_list":{"0":"post-961855","1":"product","2":"type-product","3":"status-publish","4":"has-post-thumbnail","6":"product_cat-ciencia","7":"product_cat-ciencia-5_otras-spa","9":"first","10":"instock","11":"taxable","12":"shipping-taxable","13":"purchasable","14":"product-type-simple"},"acf":{"autor":"EUGENIO MANUEL FERN\u00c1NDEZ AGUILAR","codart":"841987842","libros-coleccion":"DIVULGACION CIENTIFICA","ediciones":"1","encuadernacion":"R\u00fastica","fecha_de_publicacion":"01\/04\/2024","novedad":"1","paginas":"203","subtitulo":"DESAFIANDO LA INTUICI\u00d3N: UN VIAJE POR LOS MISTERIOS DE LA REALIDAD","orden":"0","portada":"0","idioma":"spa","editorial":[{"ID":148021,"post_author":"3","post_date":"2022-10-14 11:55:01","post_date_gmt":"2022-10-14 09:55:01","post_content":"","post_title":"Editorial Pinolia, S.l.","post_excerpt":"","post_status":"publish","comment_status":"closed","ping_status":"closed","post_password":"","post_name":"editorial-pinolia-s-l","to_ping":"","pinged":"","post_modified":"2022-10-14 11:55:01","post_modified_gmt":"2022-10-14 09:55:01","post_content_filtered":"","post_parent":0,"guid":"http:\/\/dev.claret.cat\/editorial\/editorial-pinolia-s-l\/","menu_order":0,"post_type":"editorial","post_mime_type":"","comment_count":"0","filter":"raw"}]},"aioseo_notices":[],"_links":{"self":[{"href":"https:\/\/www.claret.cat\/es\/wp-json\/wp\/v2\/product\/961855","targetHints":{"allow":["GET"]}}],"collection":[{"href":"https:\/\/www.claret.cat\/es\/wp-json\/wp\/v2\/product"}],"about":[{"href":"https:\/\/www.claret.cat\/es\/wp-json\/wp\/v2\/types\/product"}],"wp:featuredmedia":[{"embeddable":true,"href":"https:\/\/www.claret.cat\/es\/wp-json\/wp\/v2\/media\/962472"}],"wp:attachment":[{"href":"https:\/\/www.claret.cat\/es\/wp-json\/wp\/v2\/media?parent=961855"}],"wp:term":[{"taxonomy":"product_brand","embeddable":true,"href":"https:\/\/www.claret.cat\/es\/wp-json\/wp\/v2\/product_brand?post=961855"},{"taxonomy":"product_cat","embeddable":true,"href":"https:\/\/www.claret.cat\/es\/wp-json\/wp\/v2\/product_cat?post=961855"},{"taxonomy":"product_tag","embeddable":true,"href":"https:\/\/www.claret.cat\/es\/wp-json\/wp\/v2\/product_tag?post=961855"}],"curies":[{"name":"wp","href":"https:\/\/api.w.org\/{rel}","templated":true}]}}