{"id":961905,"date":"2024-04-15T13:30:03","date_gmt":"2024-04-15T11:30:03","guid":{"rendered":"https:\/\/www.claret.cat\/llibre\/quien-domina-el-mundo-9788413148984\/"},"modified":"2024-11-12T17:15:20","modified_gmt":"2024-11-12T16:15:20","slug":"quien-domina-el-mundo-9788413148984","status":"publish","type":"product","link":"https:\/\/www.claret.cat\/es\/libro\/quien-domina-el-mundo-9788413148984\/","title":{"rendered":"\u00bfQUI\u00c9N DOMINA EL MUNDO?"},"content":{"rendered":"<p>\u00bfQui\u00e9n domina el mundo? Encarnizado, implacable y meticulosamente documentado, proporciona la explicaci\u00f3n indispensable de los conflictos y peligros clave de nuestro tiempo que siempre se espera de Noam Chomsky. En un an\u00e1lisis incisivo y concienzudo de la presente situaci\u00f3n internacional, Chomsky argumenta que Estados Unidos, por medio de sus pol\u00edticas predominantemente militaristas y su ilimitada devoci\u00f3n por mantener un imperio de escala mundial, est\u00e1 arriesg\u00e1ndose a una cat\u00e1strofe que destrozar\u00eda los bienes comunes del planeta.Recurriendo a una amplia variedad de ejemplos, desde el programa en expansi\u00f3n de asesinatos mediante drones hasta la amenaza de una guerra nuclear, pasando por los puntos cr\u00edticos que representan los conflictos de Irak, Ir\u00e1n, Afganist\u00e1n e Israel-Palestina, Chomsky ofrece reflexiones inesperadas y cargadas de matices sobre el funcionamiento del poder imperial en un planeta cada vez m\u00e1s ca\u00f3tico.De paso, el autor proporciona un brillante estudio acerca de c\u00f3mo las \u00e9lites de Estados Unidos han ido aisl\u00e1ndose cada vez m\u00e1s ante cualquier restricci\u00f3n que la democracia pretenda imponer a su poder. Mientras el grueso de la poblaci\u00f3n es empujada a la apat\u00eda -desviada hacia el consumismo o al odio al vulnerable- a las corporaciones y los ricos se les permite, cada vez m\u00e1s, hacer lo que les plazca.La cr\u00edtica ha dicho&#8230;<br \/>\u00abPara cualquiera que quiera descubrir m\u00e1s sobre el mundo en que vivimos [&#8230;] hay una respuesta simple: lee a Noam Chomsky.\u00bb<br \/>New Statesman \u00abEl libro de Chomsky es [&#8230;] una pol\u00e9mica concebida para sacar a los estadounidenses de la autocomplacencia. Estados Unidos, en su opini\u00f3n, debe ser controlado, y Chomsky defiende esa idea con \u00edmpetu [&#8230;] Deber\u00edamos entender esta obra como un alegato para terminar con lahipocres\u00eda, presentar una dimensi\u00f3n con principios firmes de las relaciones de Estados Unidos con el mundo y, en lugar de asumir la benevolencia estadounidense, llevar a cabo un examen cr\u00edtico de los m\u00e9todos mediante los cuales el gobierno de Washington ejerce, en la pr\u00e1ctica, un poder todav\u00eda sin parang\u00f3n.\u00bb<br \/>The New York Review of Books \u00abConl\u00f3gica implacable, Chomsky nos obliga a escuchar con atenci\u00f3n lo que nuestros dirigentes nos cuentan, y a discernir lo que omiten [&#8230;] Estemos de acuerdo con \u00e9l o no, si no lo escuchamos saldremos perdiendo.\u00bb<br \/>BusinessWeek \u00ab\u00bfC\u00f3mo llegamos a ser un imperio? Los escritos de Noam Chomsky -el ciudadano m\u00e1s \u00fatil de Estados Unidos- son la mejor respuesta a esa pregunta.\u00bb<br \/>The Boston Globe \u00abEs posible que si Estados Unidos act\u00faa como el Reino Unidos en el siglo XIX, dentro de cien a\u00f1os la interpretaci\u00f3n de Chomsky constituya el est\u00e1ndar entre los historiadores.\u00bb<br \/>The New Yorker<\/p>\n","protected":false},"excerpt":{"rendered":"<p>CHOMSKY, NOAM<\/p>\n","protected":false},"featured_media":962474,"template":"","meta":{"_acf_changed":false,"om_disable_all_campaigns":false,"rs_blank_template":"","rs_page_bg_color":"","slide_template_v7":"","inline_featured_image":false,"_monsterinsights_skip_tracking":false,"_monsterinsights_sitenote_active":false,"_monsterinsights_sitenote_note":"","_monsterinsights_sitenote_category":0},"product_brand":[],"product_cat":[162,436],"product_tag":[],"class_list":{"0":"post-961905","1":"product","2":"type-product","3":"status-publish","4":"has-post-thumbnail","6":"product_cat-economica-i-politica","7":"product_cat-economica-y-politica","9":"first","10":"instock","11":"taxable","12":"shipping-taxable","13":"purchasable","14":"product-type-simple"},"acf":{"autor":"CHOMSKY, NOAM","codart":"841314898","libros-coleccion":"NO FICCION","ediciones":"1","encuadernacion":"R\u00fastica","fecha_de_publicacion":"01\/04\/2024","novedad":"1","paginas":"395","subtitulo":"","orden":"0","portada":"0","idioma":"spa","editorial":[{"ID":6137,"post_author":"3","post_date":"2022-07-28 17:45:41","post_date_gmt":"2022-07-28 15:45:41","post_content":"","post_title":"B de Bolsillo","post_excerpt":"","post_status":"publish","comment_status":"closed","ping_status":"closed","post_password":"","post_name":"b-de-bolsillo","to_ping":"","pinged":"","post_modified":"2022-07-28 17:45:41","post_modified_gmt":"2022-07-28 15:45:41","post_content_filtered":"","post_parent":0,"guid":"http:\/\/dev.claret.cat\/editorial\/b-de-bolsillo\/","menu_order":0,"post_type":"editorial","post_mime_type":"","comment_count":"0","filter":"raw"}]},"aioseo_notices":[],"_links":{"self":[{"href":"https:\/\/www.claret.cat\/es\/wp-json\/wp\/v2\/product\/961905","targetHints":{"allow":["GET"]}}],"collection":[{"href":"https:\/\/www.claret.cat\/es\/wp-json\/wp\/v2\/product"}],"about":[{"href":"https:\/\/www.claret.cat\/es\/wp-json\/wp\/v2\/types\/product"}],"wp:featuredmedia":[{"embeddable":true,"href":"https:\/\/www.claret.cat\/es\/wp-json\/wp\/v2\/media\/962474"}],"wp:attachment":[{"href":"https:\/\/www.claret.cat\/es\/wp-json\/wp\/v2\/media?parent=961905"}],"wp:term":[{"taxonomy":"product_brand","embeddable":true,"href":"https:\/\/www.claret.cat\/es\/wp-json\/wp\/v2\/product_brand?post=961905"},{"taxonomy":"product_cat","embeddable":true,"href":"https:\/\/www.claret.cat\/es\/wp-json\/wp\/v2\/product_cat?post=961905"},{"taxonomy":"product_tag","embeddable":true,"href":"https:\/\/www.claret.cat\/es\/wp-json\/wp\/v2\/product_tag?post=961905"}],"curies":[{"name":"wp","href":"https:\/\/api.w.org\/{rel}","templated":true}]}}