{"id":961918,"date":"2024-04-15T14:20:18","date_gmt":"2024-04-15T12:20:18","guid":{"rendered":"https:\/\/www.claret.cat\/llibre\/among-us-elige-tu-aventura-3-9788408285373\/"},"modified":"2024-04-23T18:56:04","modified_gmt":"2024-04-23T16:56:04","slug":"among-us-elige-tu-aventura-3-9788408285373","status":"publish","type":"product","link":"https:\/\/www.claret.cat\/es\/libro\/among-us-elige-tu-aventura-3-9788408285373\/","title":{"rendered":"AMONG US. ELIGE TU AVENTURA 3"},"content":{"rendered":"<p>Descubre si eres el h\u00e9roe&#8230; \u00a1o el impostor zombi!<br \/> Tu nave espacial est\u00e1 en una misi\u00f3n de exploraci\u00f3n cient\u00edfica. Su objetivo: encontrar vida extraterrestre y traerla de vuelta a la Tierra para su estudio. Despu\u00e9s de semanas de navegaci\u00f3n, la misi\u00f3n se ha cumplido: se ha detectado una se\u00f1al de vida en un asteroide. Por lo tanto, cargas ese pedrusco en la nave. Es hora de regresar.<br \/> Sin embargo, a bordo, cada uno persigue sus propios intereses. Pronto se descubre el primer cad\u00e1ver&#8230; \u00a1y se levanta, transformado en un zombi! Esto marca el comienzo de una verdadera epidemia, ya que cada vez que un zombi mata a uno de tus compa\u00f1eros, este \u00faltimo se transforma a su vez en una de esas criaturas, sembrando el caos&#8230;<br \/> ESCOGE ENTRE 3 PERSONAJES Y VIVE TU PROPIA AVENTURA COMO TRIPULANTE\u2026 \u00a1O COMO IMPOSTOR!<br \/> Recomendado a partir de 7 a\u00f1os.<\/p>\n","protected":false},"excerpt":{"rendered":"<p>MIALON, ESTELLE<\/p>\n","protected":false},"featured_media":961928,"template":"","meta":{"_acf_changed":false,"om_disable_all_campaigns":false,"rs_blank_template":"","rs_page_bg_color":"","slide_template_v7":"","inline_featured_image":false,"_monsterinsights_skip_tracking":false,"_monsterinsights_sitenote_active":false,"_monsterinsights_sitenote_note":"","_monsterinsights_sitenote_category":0},"product_brand":[],"product_cat":[132,362],"product_tag":[],"class_list":{"0":"post-961918","1":"product","2":"type-product","3":"status-publish","4":"has-post-thumbnail","6":"product_cat-lectures-per-preadolescents-6-12-anys","7":"product_cat-libros-preadolescentes-6-12-anos","9":"first","10":"instock","11":"taxable","12":"shipping-taxable","13":"purchasable","14":"product-type-simple"},"acf":{"autor":"MIALON, ESTELLE","codart":"840828537","libros-coleccion":"Libros basados en juegos","ediciones":"1","encuadernacion":"R\u00fastica","fecha_de_publicacion":"01\/03\/2024","novedad":"1","paginas":"72","subtitulo":"EL ATAQUE DE LOS ZOMBIS","orden":"0","portada":"0","idioma":"spa","editorial":[{"ID":6233,"post_author":"3","post_date":"2022-07-28 17:47:48","post_date_gmt":"2022-07-28 15:47:48","post_content":"","post_title":"EDITORIAL PLANETA","post_excerpt":"","post_status":"publish","comment_status":"closed","ping_status":"closed","post_password":"","post_name":"editorial-planeta","to_ping":"","pinged":"","post_modified":"2022-07-28 17:47:48","post_modified_gmt":"2022-07-28 15:47:48","post_content_filtered":"","post_parent":0,"guid":"http:\/\/dev.claret.cat\/editorial\/editorial-planeta\/","menu_order":0,"post_type":"editorial","post_mime_type":"","comment_count":"0","filter":"raw"}]},"aioseo_notices":[],"_links":{"self":[{"href":"https:\/\/www.claret.cat\/es\/wp-json\/wp\/v2\/product\/961918","targetHints":{"allow":["GET"]}}],"collection":[{"href":"https:\/\/www.claret.cat\/es\/wp-json\/wp\/v2\/product"}],"about":[{"href":"https:\/\/www.claret.cat\/es\/wp-json\/wp\/v2\/types\/product"}],"wp:featuredmedia":[{"embeddable":true,"href":"https:\/\/www.claret.cat\/es\/wp-json\/wp\/v2\/media\/961928"}],"wp:attachment":[{"href":"https:\/\/www.claret.cat\/es\/wp-json\/wp\/v2\/media?parent=961918"}],"wp:term":[{"taxonomy":"product_brand","embeddable":true,"href":"https:\/\/www.claret.cat\/es\/wp-json\/wp\/v2\/product_brand?post=961918"},{"taxonomy":"product_cat","embeddable":true,"href":"https:\/\/www.claret.cat\/es\/wp-json\/wp\/v2\/product_cat?post=961918"},{"taxonomy":"product_tag","embeddable":true,"href":"https:\/\/www.claret.cat\/es\/wp-json\/wp\/v2\/product_tag?post=961918"}],"curies":[{"name":"wp","href":"https:\/\/api.w.org\/{rel}","templated":true}]}}