{"id":96207,"date":"2022-10-12T06:54:57","date_gmt":"2022-10-12T04:54:57","guid":{"rendered":"http:\/\/dev.claret.cat\/producte\/el-ecologismo-de-los-pobres\/"},"modified":"2023-01-28T04:49:28","modified_gmt":"2023-01-28T03:49:28","slug":"el-ecologismo-de-los-pobres-9788498883930","status":"publish","type":"product","link":"https:\/\/www.claret.cat\/es\/libro\/el-ecologismo-de-los-pobres-9788498883930\/","title":{"rendered":"EL ECOLOGISMO DE LOS POBRES"},"content":{"rendered":"<p>Mart\u00ednez Alier combina la honesta disciplina de un acad\u00e9mico con la apasionada energ\u00eda de un activista. El resultado, El ecologismo de los pobres, es sumamente recomendable.<br \/> Herman E. Daly. University of Maryland<\/p>\n<p> He aqu\u00ed un libro excelente, rico en detalles emp\u00edricos, lleno de percepciones te\u00f3ricas y que invita a la esperanza en un mundo oscuro; una obra inspiradora. El autor es uno de los m\u00e1s destacados economistas ecol\u00f3gicos y ecologistas pol\u00edticos del mundo. Es tambi\u00e9n un referente dentro del cada vez m\u00e1s influyente movimiento mundial por la sostenibilidad ecol\u00f3gica y la justicia social, ?interesado en el activismo reflexivo y la investigaci\u00f3n participativa en los conflictos ecol\u00f3gicos?. Esto confiere a la obra un tono de urgencia comprometida, a medida que uno lee las numerosas descripciones de movimientos ecologistas de los pobres de todo el mundo en defensa de los servicios y recursos ambientales de los que depende su supervivencia.<br \/> Pat Devine (University of Manchester), Environmental Values, 50, 2004. <\/p>\n<p> El ecologismo de los pobres tiene la intenci\u00f3n expl\u00edcita de contribuir a consolidar dos \u00e1reas de estudio recientes, la ecolog\u00eda pol\u00edtica y la econom\u00eda ecol\u00f3gica, al tiempo que analiza las relaciones entre ambas. El libro analiza diversas manifestaciones del creciente \u00bfmovimiento por la justicia ecol\u00f3gica\u00bf, as\u00ed como el &#8216;ecologismo popular&#8217; y el &#8216;ecologismo de los pobres&#8217;, que en las pr\u00f3ximas d\u00e9cadas se convertir\u00e1n en fuerzas motrices para lograr una sociedad ecol\u00f3gicamente sostenible. El autor estudia detalladamente muchos conflictos ecol\u00f3gicos a lo largo de la historia y actuales, en \u00e1mbitos urbanos y rurales, mostrando c\u00f3mo los pobres con frecuencia favorecen la conservaci\u00f3n de los recursos. El medio ambiente es, por lo tanto, una necesidad de los pobres y no un lujo de los ricos. Mart\u00ednez Alier concluye con el interrogante fundamental: \u00bfqui\u00e9n tiene el derecho de imponer un lenguaje de evaluaci\u00f3n y qui\u00e9n tiene el poder de simplificar la complejidad?<\/p>\n<p> Joan Martinez Alier es catedr\u00e1tico del Dpto. de Econom\u00eda e Historia Econ\u00f3mica de la Universitat Aut\u00f2noma de Barcela, miembro del Comit\u00e9 Cient\u00edfico de la Agencia Europea de Medio Ambiente, y Presidente-electo de la International Society of Ecological Economics. Es director de la revista Ecolog\u00eda Pol\u00edtica que la editorial Icaria publica desde 1991. Es autor de las obras La econom\u00eda y la ecolog\u00eda (1991) y Econom\u00eda ecol\u00f3gica y pol\u00edtica ambiental (2000) editadas por el Fondo de Cultura Econ\u00f3mica, M\u00e9xico, De la econom\u00eda ecol\u00f3gica al ecologismo popular (Icaria, Barcelona, 1994) y El ecologismo de los pobres (2004).<\/p>\n","protected":false},"excerpt":{"rendered":"<p>MART\u00cdNEZ ALIER, JOAN<\/p>\n","protected":false},"featured_media":96208,"template":"","meta":{"_acf_changed":false,"om_disable_all_campaigns":false,"rs_blank_template":"","rs_page_bg_color":"","slide_template_v7":"","inline_featured_image":false,"_monsterinsights_skip_tracking":false,"_monsterinsights_sitenote_active":false,"_monsterinsights_sitenote_note":"","_monsterinsights_sitenote_category":0},"product_brand":[],"product_cat":[120],"product_tag":[],"class_list":{"0":"post-96207","1":"product","2":"type-product","3":"status-publish","4":"has-post-thumbnail","6":"product_cat-politica","8":"first","9":"instock","10":"taxable","11":"shipping-taxable","12":"purchasable","13":"product-type-simple"},"acf":{"editorial":[{"ID":6269,"post_author":"3","post_date":"2022-07-28 17:48:34","post_date_gmt":"2022-07-28 15:48:34","post_content":"","post_title":"Icaria editorial","post_excerpt":"","post_status":"publish","comment_status":"closed","ping_status":"closed","post_password":"","post_name":"icaria-editorial","to_ping":"","pinged":"","post_modified":"2022-07-28 17:48:34","post_modified_gmt":"2022-07-28 15:48:34","post_content_filtered":"","post_parent":0,"guid":"http:\/\/dev.claret.cat\/editorial\/icaria-editorial\/","menu_order":0,"post_type":"editorial","post_mime_type":"","comment_count":"0","filter":"raw"}],"autores-libros":[{"ID":5601,"post_author":"3","post_date":"2022-07-28 17:27:29","post_date_gmt":"2022-07-28 15:27:29","post_content":"","post_title":"JOAN MARTINEZ ALIER","post_excerpt":"","post_status":"publish","comment_status":"closed","ping_status":"closed","post_password":"","post_name":"joan-martinez-alier","to_ping":"","pinged":"","post_modified":"2022-07-28 17:27:29","post_modified_gmt":"2022-07-28 15:27:29","post_content_filtered":"","post_parent":0,"guid":"http:\/\/dev.claret.cat\/autor\/joan-martinez-alier\/","menu_order":0,"post_type":"autor","post_mime_type":"","comment_count":"0","filter":"raw"}],"autor":"MART\u00cdNEZ ALIER, JOAN","codart":"849888393","libros-coleccion":"Antrazyt","ediciones":"1","encuadernacion":"R\u00fastica","fecha_de_publicacion":"01\/11\/2011","novedad":"1","paginas":"445","subtitulo":"CONFLICTOS AMBIENTALES Y LENGUAJES DE VALORACI\u00d3N","orden":"0","portada":"0","idioma":"spa"},"aioseo_notices":[],"_links":{"self":[{"href":"https:\/\/www.claret.cat\/es\/wp-json\/wp\/v2\/product\/96207","targetHints":{"allow":["GET"]}}],"collection":[{"href":"https:\/\/www.claret.cat\/es\/wp-json\/wp\/v2\/product"}],"about":[{"href":"https:\/\/www.claret.cat\/es\/wp-json\/wp\/v2\/types\/product"}],"wp:featuredmedia":[{"embeddable":true,"href":"https:\/\/www.claret.cat\/es\/wp-json\/wp\/v2\/media\/96208"}],"wp:attachment":[{"href":"https:\/\/www.claret.cat\/es\/wp-json\/wp\/v2\/media?parent=96207"}],"wp:term":[{"taxonomy":"product_brand","embeddable":true,"href":"https:\/\/www.claret.cat\/es\/wp-json\/wp\/v2\/product_brand?post=96207"},{"taxonomy":"product_cat","embeddable":true,"href":"https:\/\/www.claret.cat\/es\/wp-json\/wp\/v2\/product_cat?post=96207"},{"taxonomy":"product_tag","embeddable":true,"href":"https:\/\/www.claret.cat\/es\/wp-json\/wp\/v2\/product_tag?post=96207"}],"curies":[{"name":"wp","href":"https:\/\/api.w.org\/{rel}","templated":true}]}}