{"id":962119,"date":"2024-04-17T13:20:23","date_gmt":"2024-04-17T11:20:23","guid":{"rendered":"https:\/\/www.claret.cat\/llibre\/sal-a-jugar-9788410124141\/"},"modified":"2024-04-19T13:37:24","modified_gmt":"2024-04-19T11:37:24","slug":"sal-a-jugar-9788410124141","status":"publish","type":"product","link":"https:\/\/www.claret.cat\/es\/libro\/sal-a-jugar-9788410124141\/","title":{"rendered":"\u00a1SAL A JUGAR!"},"content":{"rendered":"<p>Ha llegado el momento de desconectar las pantallas, arremangarse y prepararse para sentir la tierra en las manos. \u00a1Sal a jugar! nos gu\u00eda en este emocionante viaje hacia una infancia m\u00e1s saludable, creativa y alegre. <br \/>Jugar al aire libre es mucho m\u00e1s que diversi\u00f3n y entretenimiento: es una cuesti\u00f3n de salud f\u00edsica y mental. En la primera parte de esta obra se ahonda en los innumerables beneficios del juego al aire libre y en c\u00f3mo el contacto con la naturaleza y los espacios exteriores son esenciales para el bienestar de los ni\u00f1os. <br \/>La segunda parte es pura acci\u00f3n, con 50 actividades y juegos pensados para inspirar la diversi\u00f3n al aire libre. Acompa\u00f1adas de fotograf\u00edas originales y llenas de sensibilidad, estas propuestas se presentan en forma de fichas ilustradas, con sus \u00abpaso a paso\u00bb, e incluyen una gran variedad de actividades (l\u00fadicas, creativas, de exploraci\u00f3n, etc.), para incorporar al d\u00eda a d\u00eda, en las plazas y parques del entorno de los lectores o en emocionantes salidas a la naturaleza.<\/p>\n","protected":false},"excerpt":{"rendered":"<p>PONS-MESMAN, CLARA<\/p>\n","protected":false},"featured_media":962519,"template":"","meta":{"_acf_changed":false,"om_disable_all_campaigns":false,"rs_blank_template":"","rs_page_bg_color":"","slide_template_v7":"","inline_featured_image":false,"_monsterinsights_skip_tracking":false,"_monsterinsights_sitenote_active":false,"_monsterinsights_sitenote_note":"","_monsterinsights_sitenote_category":0},"product_brand":[],"product_cat":[451,186],"product_tag":[],"class_list":{"0":"post-962119","1":"product","2":"type-product","3":"status-publish","4":"has-post-thumbnail","6":"product_cat-estudios-e-investigacion-pedagogia-2_humanidades","7":"product_cat-estudis-i-investigacio-pedagogia-2_humanitats","9":"first","10":"instock","11":"taxable","12":"shipping-taxable","13":"purchasable","14":"product-type-simple"},"acf":{"autor":"PONS-MESMAN, CLARA","codart":"841012414","libros-coleccion":"Larousse - Libros Ilustrados\/ Pr\u00e1cticos","ediciones":"1","encuadernacion":"R\u00fastica","fecha_de_publicacion":"01\/04\/2024","novedad":"1","paginas":"159","subtitulo":"GU\u00cdA DE ACTIVIDADES Y JUEGOS AL AIRE LIBRE","orden":"0","portada":"0","idioma":"spa","editorial":[{"ID":148398,"post_author":"3","post_date":"2022-10-14 11:57:56","post_date_gmt":"2022-10-14 09:57:56","post_content":"","post_title":"Larousse","post_excerpt":"","post_status":"publish","comment_status":"closed","ping_status":"closed","post_password":"","post_name":"larousse","to_ping":"","pinged":"","post_modified":"2022-10-14 11:57:56","post_modified_gmt":"2022-10-14 09:57:56","post_content_filtered":"","post_parent":0,"guid":"http:\/\/dev.claret.cat\/editorial\/larousse\/","menu_order":0,"post_type":"editorial","post_mime_type":"","comment_count":"0","filter":"raw"}]},"aioseo_notices":[],"_links":{"self":[{"href":"https:\/\/www.claret.cat\/es\/wp-json\/wp\/v2\/product\/962119","targetHints":{"allow":["GET"]}}],"collection":[{"href":"https:\/\/www.claret.cat\/es\/wp-json\/wp\/v2\/product"}],"about":[{"href":"https:\/\/www.claret.cat\/es\/wp-json\/wp\/v2\/types\/product"}],"wp:featuredmedia":[{"embeddable":true,"href":"https:\/\/www.claret.cat\/es\/wp-json\/wp\/v2\/media\/962519"}],"wp:attachment":[{"href":"https:\/\/www.claret.cat\/es\/wp-json\/wp\/v2\/media?parent=962119"}],"wp:term":[{"taxonomy":"product_brand","embeddable":true,"href":"https:\/\/www.claret.cat\/es\/wp-json\/wp\/v2\/product_brand?post=962119"},{"taxonomy":"product_cat","embeddable":true,"href":"https:\/\/www.claret.cat\/es\/wp-json\/wp\/v2\/product_cat?post=962119"},{"taxonomy":"product_tag","embeddable":true,"href":"https:\/\/www.claret.cat\/es\/wp-json\/wp\/v2\/product_tag?post=962119"}],"curies":[{"name":"wp","href":"https:\/\/api.w.org\/{rel}","templated":true}]}}