{"id":962187,"date":"2024-04-17T16:30:21","date_gmt":"2024-04-17T14:30:21","guid":{"rendered":"https:\/\/www.claret.cat\/llibre\/la-asistenta-la-asistenta-1-9788491294283\/"},"modified":"2026-03-30T14:34:29","modified_gmt":"2026-03-30T12:34:29","slug":"la-asistenta-la-asistenta-1-9788491294283","status":"publish","type":"product","link":"https:\/\/www.claret.cat\/es\/libro\/la-asistenta-la-asistenta-1-9788491294283\/","title":{"rendered":"LA ASISTENTA (LA ASISTENTA 1)"},"content":{"rendered":"<p><strong>El libro del que todo el mundo habla.<\/strong><\/p>\n<p>Un <strong>thriller psicol\u00f3gico<\/strong> absolutamente <strong>adictivo<\/strong> que los lectores de <em>La mujer en la ventana<\/em> y <em>La pareja de al lado<\/em> no se querr\u00e1n perder.<\/p>\n<p>Cada d\u00eda <strong>friego<\/strong> la preciosa casa de los Winchester de arriba abajo. Recojo a su hija del colegio y <strong>preparo deliciosas comidas<\/strong> para toda la familia antes de subir a cenar sola en mi <strong>min\u00fascula habitaci\u00f3n<\/strong> del piso superior.<\/p>\n<p>Intento no prestar atenci\u00f3n a <strong>Nina<\/strong> cuando lo ensucia todo simplemente para ver c\u00f3mo lo limpio. A las <strong>extra\u00f1as mentiras<\/strong> que cuenta sobre su propia hija. A su marido, cada d\u00eda m\u00e1s abatido. Pero cuando miro a <strong>Andrew<\/strong> a los ojos\u2014<strong>casta\u00f1os<\/strong>, encantadores y llenos de dolor\u2014no me resulta dif\u00edcil imaginar c\u00f3mo ser\u00eda vivir en la piel de Nina: el gran vestidor, el coche de lujo, el <strong>esposo perfecto<\/strong>.<\/p>\n<p>Hasta que un d\u00eda no me puedo resistir a <strong>probarme uno de sus vestidos blancos<\/strong> exquisitamente elegantes. Solo quiero saber qu\u00e9 se siente\u2026 Pero ella pronto lo descubre, y cuando me doy cuenta de que la <strong>puerta de mi habitaci\u00f3n solo cierra por fuera<\/strong>, ya es <strong>demasiado tarde<\/strong>.<\/p>\n<p>Algo me reconforta: los Winchester no saben <strong>qui\u00e9n soy en realidad<\/strong>. No saben de lo que <strong>soy capaz<\/strong>\u2026<\/p>\n<p>Y a partir del 9 de mayo, no te pierdas <strong>El secreto de la asistenta<\/strong> \u2013 Premio Goodreads 2023 al mejor thriller del a\u00f1o.<\/p>\n<p><strong>Los lectores comentan:<\/strong><\/p>\n<p>\u00ab\u00a1No pod\u00eda dejarlo!\u2026 <strong>\u00a1Una monta\u00f1a rusa incre\u00edble!<\/strong>\u00bb<\/p>\n<p>\u00ab<strong>Adictivo<\/strong>\u2026 <strong>Pura perfecci\u00f3n<\/strong>.\u00bb<\/p>\n<p>\u00ab<strong>\u00a1Fant\u00e1stico!<\/strong>\u2026 Me lo le\u00ed en una sola noche de lectura compulsiva\u2026 <strong>El final te deja noqueado<\/strong>.\u00bb<\/p>\n<p>\u00ab<strong>\u00a1Incre\u00edble!\u2026 \u00a1Alucinante!<\/strong>\u2026 Una absoluta delicia con una oscura guarnici\u00f3n de exquisiteces. <strong>\u00a1Es todo y m\u00e1s!<\/strong>\u00bb<\/p>\n<p>\u00abNo te vas a poder creer la <strong>direcci\u00f3n<\/strong> que toma este libro\u2026 Sus <strong>giros<\/strong> te dejan con la boca abierta\u2026 <strong>\u00a1Un thriller deslumbrante!<\/strong>\u00bb<\/p>\n<p>\u00ab<strong>\u00a1Un cinco estrellas perfecto!<\/strong>\u00bb<\/p>\n<p>\u00ab<strong>\u00a1Todav\u00eda no he le\u00eddo una novela de Freida McFadden que no me vuele la cabeza!<\/strong> Esta me la acab\u00e9 en una sentada. El final fue <strong>absolutamente perfecto<\/strong> y me dej\u00f3 con ganas de m\u00e1s.\u00bb<\/p>\n<p>\u00ab<strong>Oscuro y retorcido<\/strong>, no podr\u00e1s dejar de pasar p\u00e1ginas hasta su <strong>escalofriantemente delicioso final<\/strong>. <strong>\u00a1Cinco estrellas supermerecidas!<\/strong>\u00bb<\/p>\n<p><\/p>\n","protected":false},"excerpt":{"rendered":"<p>MCFADDEN, FREIDA<\/p>\n","protected":false},"featured_media":1019034,"template":"","meta":{"_acf_changed":false,"om_disable_all_campaigns":false,"rs_blank_template":"","rs_page_bg_color":"","slide_template_v7":"","inline_featured_image":false,"_monsterinsights_skip_tracking":false,"_monsterinsights_sitenote_active":false,"_monsterinsights_sitenote_note":"","_monsterinsights_sitenote_category":0},"product_brand":[],"product_cat":[127,357],"product_tag":[],"class_list":{"0":"post-962187","1":"product","2":"type-product","3":"status-publish","4":"has-post-thumbnail","6":"product_cat-novella-contemporania","7":"product_cat-novela-contemporanea","9":"first","10":"instock","11":"taxable","12":"shipping-taxable","13":"purchasable","14":"product-type-simple"},"acf":{"autor":"MCFADDEN, FREIDA","codart":"849129428","libros-coleccion":"","ediciones":"1","encuadernacion":"R\u00fastica","fecha_de_publicacion":"01\/10\/2023","novedad":"1","paginas":"343","subtitulo":"EL ADICTIVO THRILLER VIRAL QUE EST\u00c1 ARRASANDO INTERNACIONALMENTE","orden":"0","portada":"0","idioma":"spa","editorial":[{"ID":6370,"post_author":"3","post_date":"2022-07-28 17:50:44","post_date_gmt":"2022-07-28 15:50:44","post_content":"","post_title":"SUMA","post_excerpt":"","post_status":"publish","comment_status":"closed","ping_status":"closed","post_password":"","post_name":"suma","to_ping":"","pinged":"","post_modified":"2022-07-28 17:50:44","post_modified_gmt":"2022-07-28 15:50:44","post_content_filtered":"","post_parent":0,"guid":"http:\/\/dev.claret.cat\/editorial\/suma\/","menu_order":0,"post_type":"editorial","post_mime_type":"","comment_count":"0","filter":"raw"}],"booktrailer":"","resenas":""},"aioseo_notices":[],"_links":{"self":[{"href":"https:\/\/www.claret.cat\/es\/wp-json\/wp\/v2\/product\/962187","targetHints":{"allow":["GET"]}}],"collection":[{"href":"https:\/\/www.claret.cat\/es\/wp-json\/wp\/v2\/product"}],"about":[{"href":"https:\/\/www.claret.cat\/es\/wp-json\/wp\/v2\/types\/product"}],"wp:featuredmedia":[{"embeddable":true,"href":"https:\/\/www.claret.cat\/es\/wp-json\/wp\/v2\/media\/1019034"}],"wp:attachment":[{"href":"https:\/\/www.claret.cat\/es\/wp-json\/wp\/v2\/media?parent=962187"}],"wp:term":[{"taxonomy":"product_brand","embeddable":true,"href":"https:\/\/www.claret.cat\/es\/wp-json\/wp\/v2\/product_brand?post=962187"},{"taxonomy":"product_cat","embeddable":true,"href":"https:\/\/www.claret.cat\/es\/wp-json\/wp\/v2\/product_cat?post=962187"},{"taxonomy":"product_tag","embeddable":true,"href":"https:\/\/www.claret.cat\/es\/wp-json\/wp\/v2\/product_tag?post=962187"}],"curies":[{"name":"wp","href":"https:\/\/api.w.org\/{rel}","templated":true}]}}