{"id":962313,"date":"2024-04-18T16:05:02","date_gmt":"2024-04-18T14:05:02","guid":{"rendered":"https:\/\/www.claret.cat\/llibre\/el-abuso-sexual-en-contextos-eclesiales-9788428841382\/"},"modified":"2024-05-24T10:01:23","modified_gmt":"2024-05-24T08:01:23","slug":"el-abuso-sexual-en-contextos-eclesiales-9788428841382","status":"publish","type":"product","link":"https:\/\/www.claret.cat\/es\/libro\/el-abuso-sexual-en-contextos-eclesiales-9788428841382\/","title":{"rendered":"EL ABUSO  SEXUAL EN CONTEXTOS ECLESIALES"},"content":{"rendered":"<p class='ql-align-justify'>El presente libro se basa en los resultados del estudio&nbsp;<em>Din\u00e1micas relacionales de abuso sexual en contexto eclesial en Chile: conocer para prevenir<\/em>, solicitado por el Consejo Nacional de Prevenci\u00f3n de la Conferencia Episcopal de Chile y desarrollado por un equipo interdisciplinario bajo el alero del Centro UC Derecho y Religi\u00f3n.<\/p>\n<p class='ql-align-justify'>En&nbsp;<em>El abuso sexual en contextos eclesiales<\/em>&nbsp;se busca comprender el tipo de v\u00ednculo que ha propiciado los abusos sexuales en contextos eclesiales cometidos principalmente por cl\u00e9rigos a nivel nacional y que comprenden \u00e1mbitos pastorales diversos, tales como las relaciones y din\u00e1micas existentes en parroquias, colegios, hogares, movimientos y congregaciones religiosas, entre otros.<\/p>\n<p class='ql-align-justify'>El esp\u00edritu del estudio es conocer para prevenir. El llamado \u201ctema de los abusos\u201d constituye el mayor desaf\u00edo pastoral, la mayor urgencia para la \u201cIglesia que peregrina en Chile\u201d (Papa Francisco, 2018).<\/p>\n<p><\/p>\n","protected":false},"excerpt":{"rendered":"<p>CEL\u00cdS , ANA MAR\u00cdA<\/p>\n","protected":false},"featured_media":962713,"template":"","meta":{"_acf_changed":false,"om_disable_all_campaigns":false,"rs_blank_template":"","rs_page_bg_color":"","slide_template_v7":"","inline_featured_image":false,"_monsterinsights_skip_tracking":false,"_monsterinsights_sitenote_active":false,"_monsterinsights_sitenote_note":"","_monsterinsights_sitenote_category":0},"product_brand":[],"product_cat":[259,504,271,409],"product_tag":[],"class_list":{"0":"post-962313","1":"product","2":"type-product","3":"status-publish","4":"has-post-thumbnail","6":"product_cat-de-lensenyament","7":"product_cat-de-la-ensenanza","8":"product_cat-en-general","9":"product_cat-en-general-pastoral-1_espiritualidad","11":"first","12":"instock","13":"taxable","14":"shipping-taxable","15":"purchasable","16":"product-type-simple"},"acf":{"autor":"CEL\u00cdS , ANA MAR\u00cdA","codart":"842884138","libros-coleccion":"GS","ediciones":"1","encuadernacion":"R\u00fastica","fecha_de_publicacion":"18\/04\/2024","novedad":"1","paginas":"192","subtitulo":"AN\u00c1LISIS DEL CASO CHILENO. APRENDIZAJES Y DESAF\u00cdOS","orden":"0","portada":"0","idioma":"spa","editorial":[{"ID":6335,"post_author":"3","post_date":"2022-07-28 17:49:59","post_date_gmt":"2022-07-28 15:49:59","post_content":"","post_title":"PPC altres","post_excerpt":"","post_status":"publish","comment_status":"closed","ping_status":"closed","post_password":"","post_name":"ppc-altres","to_ping":"","pinged":"","post_modified":"2022-07-28 17:49:59","post_modified_gmt":"2022-07-28 15:49:59","post_content_filtered":"","post_parent":0,"guid":"http:\/\/dev.claret.cat\/editorial\/ppc-altres\/","menu_order":0,"post_type":"editorial","post_mime_type":"","comment_count":"0","filter":"raw"}]},"aioseo_notices":[],"_links":{"self":[{"href":"https:\/\/www.claret.cat\/es\/wp-json\/wp\/v2\/product\/962313","targetHints":{"allow":["GET"]}}],"collection":[{"href":"https:\/\/www.claret.cat\/es\/wp-json\/wp\/v2\/product"}],"about":[{"href":"https:\/\/www.claret.cat\/es\/wp-json\/wp\/v2\/types\/product"}],"wp:featuredmedia":[{"embeddable":true,"href":"https:\/\/www.claret.cat\/es\/wp-json\/wp\/v2\/media\/962713"}],"wp:attachment":[{"href":"https:\/\/www.claret.cat\/es\/wp-json\/wp\/v2\/media?parent=962313"}],"wp:term":[{"taxonomy":"product_brand","embeddable":true,"href":"https:\/\/www.claret.cat\/es\/wp-json\/wp\/v2\/product_brand?post=962313"},{"taxonomy":"product_cat","embeddable":true,"href":"https:\/\/www.claret.cat\/es\/wp-json\/wp\/v2\/product_cat?post=962313"},{"taxonomy":"product_tag","embeddable":true,"href":"https:\/\/www.claret.cat\/es\/wp-json\/wp\/v2\/product_tag?post=962313"}],"curies":[{"name":"wp","href":"https:\/\/api.w.org\/{rel}","templated":true}]}}