{"id":962346,"date":"2024-04-18T16:15:59","date_gmt":"2024-04-18T14:15:59","guid":{"rendered":"https:\/\/www.claret.cat\/llibre\/orad-en-toda-ocasion-9788428571159\/"},"modified":"2024-04-29T12:00:26","modified_gmt":"2024-04-29T10:00:26","slug":"orad-en-toda-ocasion-9788428571159","status":"publish","type":"product","link":"https:\/\/www.claret.cat\/es\/libro\/orad-en-toda-ocasion-9788428571159\/","title":{"rendered":"ORAD EN TODA OCASI\u00d3N"},"content":{"rendered":"<p>Orar con los Salmos es una antiqu\u00edsima tradici\u00f3n jud\u00eda y cristiana. As\u00ed como toda la historia de Israel se narra en los Salmos, el Salterio contiene el grito, el dolor, la alegr\u00eda y la tristeza, los temores, las dudas, las esperanzas, toda la experiencia, en definitiva, de la vida y la muerte humanas. Su m\u00fasica y su poes\u00eda convierten los versos de un \u00abyo orante\u00bb en la voz de toda la asamblea. Desde esta perspectiva, la autora analiza en este libro la experiencia orante de los Salmos, en una invitaci\u00f3n a vivificar esa experiencia de oraci\u00f3n.&nbsp;<\/p>\n","protected":false},"excerpt":{"rendered":"<p>VIRGILI, ROSANNA<\/p>\n","protected":false},"featured_media":962437,"template":"","meta":{"_acf_changed":false,"om_disable_all_campaigns":false,"rs_blank_template":"","rs_page_bg_color":"","slide_template_v7":"","inline_featured_image":false,"_monsterinsights_skip_tracking":false,"_monsterinsights_sitenote_active":false,"_monsterinsights_sitenote_note":"","_monsterinsights_sitenote_category":0},"product_brand":[],"product_cat":[396,247],"product_tag":[],"class_list":{"0":"post-962346","1":"product","2":"type-product","3":"status-publish","4":"has-post-thumbnail","6":"product_cat-oracion","7":"product_cat-pregaria","9":"first","10":"instock","11":"taxable","12":"shipping-taxable","13":"purchasable","14":"product-type-simple"},"acf":{"autor":"VIRGILI, ROSANNA","codart":"842857115","libros-coleccion":"","ediciones":"1","encuadernacion":"R\u00fastica","fecha_de_publicacion":"12\/04\/2024","novedad":"1","paginas":"156","subtitulo":"LA ORACI\u00d3N DE LOS SALMOS ","orden":"0","portada":"0","idioma":"spa","editorial":[{"ID":6356,"post_author":"3","post_date":"2022-07-28 17:50:26","post_date_gmt":"2022-07-28 15:50:26","post_content":"","post_title":"SAN PABLO COMUNICACI\u00d3N","post_excerpt":"","post_status":"publish","comment_status":"closed","ping_status":"closed","post_password":"","post_name":"san-pablo-comunicacion","to_ping":"","pinged":"","post_modified":"2022-07-28 17:50:26","post_modified_gmt":"2022-07-28 15:50:26","post_content_filtered":"","post_parent":0,"guid":"http:\/\/dev.claret.cat\/editorial\/san-pablo-comunicacion\/","menu_order":0,"post_type":"editorial","post_mime_type":"","comment_count":"0","filter":"raw"}]},"aioseo_notices":[],"_links":{"self":[{"href":"https:\/\/www.claret.cat\/es\/wp-json\/wp\/v2\/product\/962346","targetHints":{"allow":["GET"]}}],"collection":[{"href":"https:\/\/www.claret.cat\/es\/wp-json\/wp\/v2\/product"}],"about":[{"href":"https:\/\/www.claret.cat\/es\/wp-json\/wp\/v2\/types\/product"}],"wp:featuredmedia":[{"embeddable":true,"href":"https:\/\/www.claret.cat\/es\/wp-json\/wp\/v2\/media\/962437"}],"wp:attachment":[{"href":"https:\/\/www.claret.cat\/es\/wp-json\/wp\/v2\/media?parent=962346"}],"wp:term":[{"taxonomy":"product_brand","embeddable":true,"href":"https:\/\/www.claret.cat\/es\/wp-json\/wp\/v2\/product_brand?post=962346"},{"taxonomy":"product_cat","embeddable":true,"href":"https:\/\/www.claret.cat\/es\/wp-json\/wp\/v2\/product_cat?post=962346"},{"taxonomy":"product_tag","embeddable":true,"href":"https:\/\/www.claret.cat\/es\/wp-json\/wp\/v2\/product_tag?post=962346"}],"curies":[{"name":"wp","href":"https:\/\/api.w.org\/{rel}","templated":true}]}}