{"id":962376,"date":"2024-04-18T16:30:31","date_gmt":"2024-04-18T14:30:31","guid":{"rendered":"https:\/\/www.claret.cat\/llibre\/dignitas-infinita-declaracion-sobre-la-dignidad-humana-9788428571579\/"},"modified":"2026-02-24T12:00:11","modified_gmt":"2026-02-24T11:00:11","slug":"dignitas-infinita-declaracion-sobre-la-dignidad-humana-9788428571579","status":"publish","type":"product","link":"https:\/\/www.claret.cat\/es\/libro\/dignitas-infinita-declaracion-sobre-la-dignidad-humana-9788428571579\/","title":{"rendered":"DIGNITAS INFINITA. DECLARACI\u00d3N SOBRE LA DIGNIDAD HUMANA"},"content":{"rendered":"<p>El Dicasterio para Doctrina de la Fe con esta Declaraci\u00f3n, aprobada por el Papa Francisco, quiere recordar los principios fundamentales de la dignidad de todos los seres humanos, que va m\u00e1s all\u00e1 de todas las apariencias o caracter\u00edsticas de la vida concreta de las personas y puede entenderse como \u00abinfinita\u00bb (dignitas infinita). Ofrece importantes aclaraciones y elementos de reflexi\u00f3n para evitar las frecuentes confusiones y las violaciones graves que surgen actualmente \u2013pobreza, guerra, trata, abusos sexuales, violencia, aborto, maternidad subrogada, eutanasia, teor\u00eda de g\u00e9nero, cambio de sexo, violencia digital&#8230;\u2013. Todos estamos invitados a defender la dignidad en cada contexto cultural, en cada momento de la existencia de una persona, independientemente de cualquier deficiencia f\u00edsica, psicol\u00f3gica, social o incluso moral. En este sentido, la Declaraci\u00f3n se esfuerza por mostrar que estamos ante una verdad universal, que todos estamos llamados a reconocer, como condici\u00f3n fundamental para que nuestras sociedades sean verdaderamente justas, pac\u00edficas, sanas y, en definitiva, aut\u00e9nticamente humanas. El Papa Francisco nos hace un llamamiento a cada uno de nosotros: \u00abA cada persona de este mundo le pido que no olvide esa dignidad suya que nadie tiene derecho a quitarle\u00bb.&nbsp;<\/p>\n","protected":false},"excerpt":{"rendered":"<p>DICASTERIO PARA LA DOCTRINA DE LA FE<\/p>\n","protected":false},"featured_media":962394,"template":"","meta":{"_acf_changed":false,"om_disable_all_campaigns":false,"rs_blank_template":"","rs_page_bg_color":"","slide_template_v7":"","inline_featured_image":false,"_monsterinsights_skip_tracking":false,"_monsterinsights_sitenote_active":false,"_monsterinsights_sitenote_note":"","_monsterinsights_sitenote_category":0},"product_brand":[],"product_cat":[93,543],"product_tag":[],"class_list":{"0":"post-962376","1":"product","2":"type-product","3":"status-publish","4":"has-post-thumbnail","6":"product_cat-eclesiologia","7":"product_cat-eclesiologia-es","9":"first","10":"instock","11":"taxable","12":"shipping-taxable","13":"purchasable","14":"product-type-simple"},"acf":{"autor":"DICASTERIO PARA LA DOCTRINA DE LA FE","codart":"842857157","libros-coleccion":"SAN PABLO - ENCICLICAS-DOCUMENTOS","ediciones":"1","encuadernacion":"R\u00fastica","fecha_de_publicacion":"18\/04\/2024","novedad":"1","paginas":"96","subtitulo":"SOBRE LA DIGNIDAD HUMANA","orden":"0","portada":"0","idioma":"spa","editorial":[{"ID":6356,"post_author":"3","post_date":"2022-07-28 17:50:26","post_date_gmt":"2022-07-28 15:50:26","post_content":"","post_title":"SAN PABLO COMUNICACI\u00d3N","post_excerpt":"","post_status":"publish","comment_status":"closed","ping_status":"closed","post_password":"","post_name":"san-pablo-comunicacion","to_ping":"","pinged":"","post_modified":"2022-07-28 17:50:26","post_modified_gmt":"2022-07-28 15:50:26","post_content_filtered":"","post_parent":0,"guid":"http:\/\/dev.claret.cat\/editorial\/san-pablo-comunicacion\/","menu_order":0,"post_type":"editorial","post_mime_type":"","comment_count":"0","filter":"raw"}],"booktrailer":"","resenas":""},"aioseo_notices":[],"_links":{"self":[{"href":"https:\/\/www.claret.cat\/es\/wp-json\/wp\/v2\/product\/962376","targetHints":{"allow":["GET"]}}],"collection":[{"href":"https:\/\/www.claret.cat\/es\/wp-json\/wp\/v2\/product"}],"about":[{"href":"https:\/\/www.claret.cat\/es\/wp-json\/wp\/v2\/types\/product"}],"wp:featuredmedia":[{"embeddable":true,"href":"https:\/\/www.claret.cat\/es\/wp-json\/wp\/v2\/media\/962394"}],"wp:attachment":[{"href":"https:\/\/www.claret.cat\/es\/wp-json\/wp\/v2\/media?parent=962376"}],"wp:term":[{"taxonomy":"product_brand","embeddable":true,"href":"https:\/\/www.claret.cat\/es\/wp-json\/wp\/v2\/product_brand?post=962376"},{"taxonomy":"product_cat","embeddable":true,"href":"https:\/\/www.claret.cat\/es\/wp-json\/wp\/v2\/product_cat?post=962376"},{"taxonomy":"product_tag","embeddable":true,"href":"https:\/\/www.claret.cat\/es\/wp-json\/wp\/v2\/product_tag?post=962376"}],"curies":[{"name":"wp","href":"https:\/\/api.w.org\/{rel}","templated":true}]}}