{"id":962539,"date":"2024-04-19T13:41:34","date_gmt":"2024-04-19T11:41:34","guid":{"rendered":"https:\/\/www.claret.cat\/llibre\/lobo-solo-queria-cantar-9788418687938\/"},"modified":"2024-04-19T13:55:28","modified_gmt":"2024-04-19T11:55:28","slug":"lobo-solo-queria-cantar-9788418687938","status":"publish","type":"product","link":"https:\/\/www.claret.cat\/es\/libro\/lobo-solo-queria-cantar-9788418687938\/","title":{"rendered":"LOBO. S\u00d3LO QUER\u00cdA CANTAR"},"content":{"rendered":"<p>La convivencia entre vecinos es complicada, m\u00e1s cuando uno de ellos es un lobo que no puede dejar de seguir su instinto&#8230;\u00a1musical!. <br \/> Tendr\u00e1n que encontrar la forma de vivir en armon\u00eda con ese lobo imparable.<\/p>\n","protected":false},"excerpt":{"rendered":"<p>SERRANO, PILAR<\/p>\n","protected":false},"featured_media":962540,"template":"","meta":{"_acf_changed":false,"om_disable_all_campaigns":false,"rs_blank_template":"","rs_page_bg_color":"","slide_template_v7":"","inline_featured_image":false,"_monsterinsights_skip_tracking":false,"_monsterinsights_sitenote_active":false,"_monsterinsights_sitenote_note":"","_monsterinsights_sitenote_category":0},"product_brand":[],"product_cat":[132,362],"product_tag":[],"class_list":{"0":"post-962539","1":"product","2":"type-product","3":"status-publish","4":"has-post-thumbnail","6":"product_cat-lectures-per-preadolescents-6-12-anys","7":"product_cat-libros-preadolescentes-6-12-anos","9":"first","10":"instock","11":"taxable","12":"shipping-taxable","13":"purchasable","14":"product-type-simple"},"acf":{"autor":"SERRANO, PILAR","codart":"8418687938","libros-coleccion":"","ediciones":"1","encuadernacion":"Carton\u00e9","fecha_de_publicacion":"01\/04\/2024","novedad":"1","paginas":"45","subtitulo":"","orden":"0","portada":"0","idioma":"spa","editorial":[{"ID":148904,"post_author":"3","post_date":"2022-10-14 12:01:54","post_date_gmt":"2022-10-14 10:01:54","post_content":"","post_title":"TRIQUETA VERDE","post_excerpt":"","post_status":"publish","comment_status":"closed","ping_status":"closed","post_password":"","post_name":"triqueta-verde","to_ping":"","pinged":"","post_modified":"2022-10-14 12:01:54","post_modified_gmt":"2022-10-14 10:01:54","post_content_filtered":"","post_parent":0,"guid":"http:\/\/dev.claret.cat\/editorial\/triqueta-verde\/","menu_order":0,"post_type":"editorial","post_mime_type":"","comment_count":"0","filter":"raw"}]},"aioseo_notices":[],"_links":{"self":[{"href":"https:\/\/www.claret.cat\/es\/wp-json\/wp\/v2\/product\/962539","targetHints":{"allow":["GET"]}}],"collection":[{"href":"https:\/\/www.claret.cat\/es\/wp-json\/wp\/v2\/product"}],"about":[{"href":"https:\/\/www.claret.cat\/es\/wp-json\/wp\/v2\/types\/product"}],"wp:featuredmedia":[{"embeddable":true,"href":"https:\/\/www.claret.cat\/es\/wp-json\/wp\/v2\/media\/962540"}],"wp:attachment":[{"href":"https:\/\/www.claret.cat\/es\/wp-json\/wp\/v2\/media?parent=962539"}],"wp:term":[{"taxonomy":"product_brand","embeddable":true,"href":"https:\/\/www.claret.cat\/es\/wp-json\/wp\/v2\/product_brand?post=962539"},{"taxonomy":"product_cat","embeddable":true,"href":"https:\/\/www.claret.cat\/es\/wp-json\/wp\/v2\/product_cat?post=962539"},{"taxonomy":"product_tag","embeddable":true,"href":"https:\/\/www.claret.cat\/es\/wp-json\/wp\/v2\/product_tag?post=962539"}],"curies":[{"name":"wp","href":"https:\/\/api.w.org\/{rel}","templated":true}]}}