{"id":962659,"date":"2024-04-19T18:16:45","date_gmt":"2024-04-19T16:16:45","guid":{"rendered":"https:\/\/www.claret.cat\/llibre\/discernimiento-vocacional-y-homosexualidad-9788497155786\/"},"modified":"2024-05-22T22:40:11","modified_gmt":"2024-05-22T20:40:11","slug":"discernimiento-vocacional-y-homosexualidad-9788497155786","status":"publish","type":"product","link":"https:\/\/www.claret.cat\/es\/libro\/discernimiento-vocacional-y-homosexualidad-9788497155786\/","title":{"rendered":"DISCERNIMIENTO VOCACIONAL Y HOMOSEXUALIDAD"},"content":{"rendered":"<p class='ql-align-justify'>La orientaci\u00f3n sexual es una cuesti\u00f3n delicada y controvertida, especialmente en relaci\u00f3n con el proceso de discernimiento vocacional. Ciertamente, no se puede una respuesta \u00fanica e inequ\u00edvoca, como tampoco renunciar a reflexionar y a activar procesos hacia una mayor comprensi\u00f3n de las din\u00e1micas humanas en nuestras sociedades actuales.<\/p>\n<p class='ql-align-justify'>Chiara D\u2019Urbano aborda esta problem\u00e1tica bas\u00e1ndose en historias reales, fruto de su experiencia como psicoterapeuta cristiana, en particular en el acompa\u00f1amiento psicoterap\u00e9utico de la vida sacerdotal y consagrada.<\/p>\n<p class='ql-align-justify'>Este libro aspira a ser una herramienta psicol\u00f3gica centrado en el hombre y la mujer llamados por Dios, con toda su originalidad y complejidad. Recomendado para formadores, directores espirituales, confesores y acompa\u00f1antes de cualquier forma de vida consagrada.<\/p>\n<p><\/p>\n","protected":false},"excerpt":{"rendered":"<p>D&#8217;URBANO, CHIARA<\/p>\n","protected":false},"featured_media":962660,"template":"","meta":{"_acf_changed":false,"om_disable_all_campaigns":false,"rs_blank_template":"","rs_page_bg_color":"","slide_template_v7":"","inline_featured_image":false,"_monsterinsights_skip_tracking":false,"_monsterinsights_sitenote_active":false,"_monsterinsights_sitenote_note":"","_monsterinsights_sitenote_category":0},"product_brand":[],"product_cat":[516,290],"product_tag":[],"class_list":{"0":"post-962659","1":"product","2":"type-product","3":"status-publish","4":"has-post-thumbnail","6":"product_cat-moral-de-la-persona-sexualidad","7":"product_cat-moral-de-la-persona-sexualitat","9":"first","10":"instock","11":"taxable","12":"shipping-taxable","13":"purchasable","14":"product-type-simple"},"acf":{"autor":"D'URBANO, CHIARA","codart":"849715578","libros-coleccion":"Desarrollo personal","ediciones":"1","encuadernacion":"R\u00fastica","fecha_de_publicacion":"19\/04\/2024","novedad":"1","paginas":"268","subtitulo":"","orden":"0","portada":"1","idioma":"spa","editorial":[{"ID":6157,"post_author":"3","post_date":"2022-07-28 17:46:07","post_date_gmt":"2022-07-28 15:46:07","post_content":"","post_title":"Ciudad Nueva","post_excerpt":"","post_status":"publish","comment_status":"closed","ping_status":"closed","post_password":"","post_name":"ciudad-nueva","to_ping":"","pinged":"","post_modified":"2022-07-28 17:46:07","post_modified_gmt":"2022-07-28 15:46:07","post_content_filtered":"","post_parent":0,"guid":"http:\/\/dev.claret.cat\/editorial\/ciudad-nueva\/","menu_order":0,"post_type":"editorial","post_mime_type":"","comment_count":"0","filter":"raw"}]},"aioseo_notices":[],"_links":{"self":[{"href":"https:\/\/www.claret.cat\/es\/wp-json\/wp\/v2\/product\/962659","targetHints":{"allow":["GET"]}}],"collection":[{"href":"https:\/\/www.claret.cat\/es\/wp-json\/wp\/v2\/product"}],"about":[{"href":"https:\/\/www.claret.cat\/es\/wp-json\/wp\/v2\/types\/product"}],"wp:featuredmedia":[{"embeddable":true,"href":"https:\/\/www.claret.cat\/es\/wp-json\/wp\/v2\/media\/962660"}],"wp:attachment":[{"href":"https:\/\/www.claret.cat\/es\/wp-json\/wp\/v2\/media?parent=962659"}],"wp:term":[{"taxonomy":"product_brand","embeddable":true,"href":"https:\/\/www.claret.cat\/es\/wp-json\/wp\/v2\/product_brand?post=962659"},{"taxonomy":"product_cat","embeddable":true,"href":"https:\/\/www.claret.cat\/es\/wp-json\/wp\/v2\/product_cat?post=962659"},{"taxonomy":"product_tag","embeddable":true,"href":"https:\/\/www.claret.cat\/es\/wp-json\/wp\/v2\/product_tag?post=962659"}],"curies":[{"name":"wp","href":"https:\/\/api.w.org\/{rel}","templated":true}]}}