{"id":96275,"date":"2022-10-12T06:55:54","date_gmt":"2022-10-12T04:55:54","guid":{"rendered":"http:\/\/dev.claret.cat\/producte\/el-silenci-trencat\/"},"modified":"2023-07-10T17:52:25","modified_gmt":"2023-07-10T15:52:25","slug":"el-silenci-trencat-9788418496202","status":"publish","type":"product","link":"https:\/\/www.claret.cat\/es\/libro\/el-silenci-trencat-9788418496202\/","title":{"rendered":"EL SILENCI TRENCAT"},"content":{"rendered":"<p>La hist\u00f2ria es desenvolupa en dos per\u00edodes de temps, des de les transformacions socials del segle XIX al XX, fins els inicis de la transici\u00f3 democr\u00e0tica, l&#8221;any 1979; i transcorre en un poble de Val\u00e8ncia. Eduard Fauquet, un empresari jubilat per una malaltia, llegeix al diari que la policia sol\u00b7licita la col\u00b7laboraci\u00f3 ciutadana per a esbrinar qui \u00e9s l&#8221;indigent que ha mort a l&#8221;Hospital La Fe, sense documentaci\u00f3 i sense dir qui era abans de morir. El rostre de la fotografia copsa Eduard de tal manera que no se&#8221;l pot treure del cap. Demana ajuda al seu fill periodista, Biel, perqu\u00e8 investigue qui \u00e9s aquest home. A partir d&#8221;aquesta investigaci\u00f3, que li far\u00e0 visitar diversos estaments oficials, es capbussar\u00e0 en els documents d&#8221;empresonats i afusellats del poble per si hi ha la identificaci\u00f3 de qui busca. A trav\u00e9s d&#8221;aquest material informatiu es mostrar\u00e0 la vida d&#8221;alguns personatges durant la Guerra Civil i la Postguerra, i les diferents formes de fer front a la falta de llibertat pol\u00edtica. I Eduard Fauquet trobar\u00e0 resposta a determinades conductes de ve\u00efns que el desenlla\u00e7 del conflicte b\u00e8l\u00b7lic havia deixat sense justificaci\u00f3. La investigaci\u00f3 tamb\u00e9 ajudar\u00e0 a trencar el silenci i la por que impos\u00e0 la dictadura franquista i a recuperar la hist\u00f2ria d&#8221;un temps en qu\u00e8 la repressi\u00f3 amag\u00e0 la diversitat ideol\u00f2gica de les fam\u00edlies del poble i les enemistats entre ve\u00efns.<\/p>\n","protected":false},"excerpt":{"rendered":"<p>BENET, MALUY<\/p>\n","protected":false},"featured_media":450622,"template":"","meta":{"_acf_changed":false,"om_disable_all_campaigns":false,"rs_blank_template":"","rs_page_bg_color":"","slide_template_v7":"","inline_featured_image":false,"_monsterinsights_skip_tracking":false,"_monsterinsights_sitenote_active":false,"_monsterinsights_sitenote_note":"","_monsterinsights_sitenote_category":0},"product_brand":[],"product_cat":[157,370],"product_tag":[],"class_list":{"0":"post-96275","1":"product","2":"type-product","3":"status-publish","4":"has-post-thumbnail","6":"product_cat-investigacio-i-corrents","7":"product_cat-investigacion-y-corrientes","9":"first","10":"instock","11":"taxable","12":"shipping-taxable","13":"purchasable","14":"product-type-simple"},"acf":{"autor":"BENET, MALUY","codart":"841849620","libros-coleccion":"","ediciones":"1","encuadernacion":"R\u00fastica","fecha_de_publicacion":"01\/01\/2021","novedad":"1","paginas":"266","subtitulo":"","orden":"0","portada":"0","idioma":"cat","editorial":[{"ID":148590,"post_author":"3","post_date":"2022-10-14 11:59:26","post_date_gmt":"2022-10-14 09:59:26","post_content":"","post_title":"Npq Editores","post_excerpt":"","post_status":"publish","comment_status":"closed","ping_status":"closed","post_password":"","post_name":"npq-editores","to_ping":"","pinged":"","post_modified":"2022-10-14 11:59:26","post_modified_gmt":"2022-10-14 09:59:26","post_content_filtered":"","post_parent":0,"guid":"http:\/\/dev.claret.cat\/editorial\/npq-editores\/","menu_order":0,"post_type":"editorial","post_mime_type":"","comment_count":"0","filter":"raw"}],"autores-libros":[{"ID":163061,"post_author":"3","post_date":"2022-10-14 17:36:00","post_date_gmt":"2022-10-14 15:36:00","post_content":"","post_title":"MALUY BENET","post_excerpt":"","post_status":"publish","comment_status":"closed","ping_status":"closed","post_password":"","post_name":"maluy-benet","to_ping":"","pinged":"","post_modified":"2022-10-14 17:36:00","post_modified_gmt":"2022-10-14 15:36:00","post_content_filtered":"","post_parent":0,"guid":"http:\/\/dev.claret.cat\/autor\/maluy-benet\/","menu_order":0,"post_type":"autor","post_mime_type":"","comment_count":"0","filter":"raw"}]},"aioseo_notices":[],"_links":{"self":[{"href":"https:\/\/www.claret.cat\/es\/wp-json\/wp\/v2\/product\/96275","targetHints":{"allow":["GET"]}}],"collection":[{"href":"https:\/\/www.claret.cat\/es\/wp-json\/wp\/v2\/product"}],"about":[{"href":"https:\/\/www.claret.cat\/es\/wp-json\/wp\/v2\/types\/product"}],"wp:featuredmedia":[{"embeddable":true,"href":"https:\/\/www.claret.cat\/es\/wp-json\/wp\/v2\/media\/450622"}],"wp:attachment":[{"href":"https:\/\/www.claret.cat\/es\/wp-json\/wp\/v2\/media?parent=96275"}],"wp:term":[{"taxonomy":"product_brand","embeddable":true,"href":"https:\/\/www.claret.cat\/es\/wp-json\/wp\/v2\/product_brand?post=96275"},{"taxonomy":"product_cat","embeddable":true,"href":"https:\/\/www.claret.cat\/es\/wp-json\/wp\/v2\/product_cat?post=96275"},{"taxonomy":"product_tag","embeddable":true,"href":"https:\/\/www.claret.cat\/es\/wp-json\/wp\/v2\/product_tag?post=96275"}],"curies":[{"name":"wp","href":"https:\/\/api.w.org\/{rel}","templated":true}]}}