{"id":962787,"date":"2024-04-22T18:25:03","date_gmt":"2024-04-22T16:25:03","guid":{"rendered":"https:\/\/www.claret.cat\/llibre\/multipoly-9788428840767\/"},"modified":"2024-05-24T10:06:58","modified_gmt":"2024-05-24T08:06:58","slug":"multipoly-9788428840767","status":"publish","type":"product","link":"https:\/\/www.claret.cat\/es\/libro\/multipoly-9788428840767\/","title":{"rendered":"MULTIPOLY"},"content":{"rendered":"<p><span>Multipoly es un juego de gran formato que nos sumerge de forma divertida y amena en el conocimiento de Jes\u00fas y su mundo. Destinado fundamentalmente para jugar en clase de Religi\u00f3n, catequesis, grupos parroquiales y familias. La edad indicada para jugar es de 8 a\u00f1os en adelante. Pueden jugar 2 jugadores o m\u00e1s, aunque est\u00e1 especialmente dise\u00f1ado, por su gran tama\u00f1o, para disfrutar en grandes grupos. Jugar repetidamente al Multipoly favorecer\u00e1 la asimilaci\u00f3n de las palabras y momentos importantes de la vida de Jes\u00fas junto a los lugares que transit\u00f3 y las costumbres de su \u00e9poca.<\/span><\/p>\n","protected":false},"excerpt":{"rendered":"<p>MANZANO, ANTONIO JES\u00daS <\/p>\n","protected":false},"featured_media":962788,"template":"","meta":{"_acf_changed":false,"om_disable_all_campaigns":false,"rs_blank_template":"","rs_page_bg_color":"","slide_template_v7":"","inline_featured_image":false,"_monsterinsights_skip_tracking":false,"_monsterinsights_sitenote_active":false,"_monsterinsights_sitenote_note":"","_monsterinsights_sitenote_category":0},"product_brand":[],"product_cat":[388,226,230,391],"product_tag":[],"class_list":{"0":"post-962787","1":"product","2":"type-product","3":"status-publish","4":"has-post-thumbnail","6":"product_cat-didactica-catequesis-1_espiritualidad","7":"product_cat-didactica","8":"product_cat-jocs-cancons-i-dances","9":"product_cat-juegos-canciones-y-danzas","11":"first","12":"instock","13":"taxable","14":"shipping-taxable","15":"purchasable","16":"product-type-simple"},"acf":{"autor":"MANZANO, ANTONIO JES\u00daS ","codart":"842884076","libros-coleccion":"","ediciones":"1","encuadernacion":"Carton\u00e9","fecha_de_publicacion":"22\/04\/2024","novedad":"1","paginas":"0","subtitulo":"EN TIEMPOS DE JES\u00daS","orden":"0","portada":"1","idioma":"spa","editorial":[{"ID":6335,"post_author":"3","post_date":"2022-07-28 17:49:59","post_date_gmt":"2022-07-28 15:49:59","post_content":"","post_title":"PPC altres","post_excerpt":"","post_status":"publish","comment_status":"closed","ping_status":"closed","post_password":"","post_name":"ppc-altres","to_ping":"","pinged":"","post_modified":"2022-07-28 17:49:59","post_modified_gmt":"2022-07-28 15:49:59","post_content_filtered":"","post_parent":0,"guid":"http:\/\/dev.claret.cat\/editorial\/ppc-altres\/","menu_order":0,"post_type":"editorial","post_mime_type":"","comment_count":"0","filter":"raw"}]},"aioseo_notices":[],"_links":{"self":[{"href":"https:\/\/www.claret.cat\/es\/wp-json\/wp\/v2\/product\/962787","targetHints":{"allow":["GET"]}}],"collection":[{"href":"https:\/\/www.claret.cat\/es\/wp-json\/wp\/v2\/product"}],"about":[{"href":"https:\/\/www.claret.cat\/es\/wp-json\/wp\/v2\/types\/product"}],"wp:featuredmedia":[{"embeddable":true,"href":"https:\/\/www.claret.cat\/es\/wp-json\/wp\/v2\/media\/962788"}],"wp:attachment":[{"href":"https:\/\/www.claret.cat\/es\/wp-json\/wp\/v2\/media?parent=962787"}],"wp:term":[{"taxonomy":"product_brand","embeddable":true,"href":"https:\/\/www.claret.cat\/es\/wp-json\/wp\/v2\/product_brand?post=962787"},{"taxonomy":"product_cat","embeddable":true,"href":"https:\/\/www.claret.cat\/es\/wp-json\/wp\/v2\/product_cat?post=962787"},{"taxonomy":"product_tag","embeddable":true,"href":"https:\/\/www.claret.cat\/es\/wp-json\/wp\/v2\/product_tag?post=962787"}],"curies":[{"name":"wp","href":"https:\/\/api.w.org\/{rel}","templated":true}]}}