{"id":963014,"date":"2024-04-26T14:35:17","date_gmt":"2024-04-26T12:35:17","guid":{"rendered":"https:\/\/www.claret.cat\/llibre\/fe-esperanza-y-caridad-9788413391892\/"},"modified":"2026-01-23T17:40:27","modified_gmt":"2026-01-23T16:40:27","slug":"fe-esperanza-y-caridad-9788413391892","status":"publish","type":"product","link":"https:\/\/www.claret.cat\/es\/libro\/fe-esperanza-y-caridad-9788413391892\/","title":{"rendered":"FE, ESPERANZA Y CARIDAD"},"content":{"rendered":"<p>\u00abLos paganos conoc\u00edan el mito de las &#8221;tres Gracias&#8221;; los cristianos conocemos las tres virtudes teologales: fe, esperanza y caridad. Tres Gracias que no son m\u00edticas, sino reales\u00bb. El padre Raniero Cantalamessa acompa\u00f1a a los lectores en un viaje hacia la comprensi\u00f3n de las virtudes, con la certeza de que no hay ning\u00fan contenido de la fe, por elevado que sea, que no pueda hacerse comprensible a cualquier inteligencia abierta a la verdad. Estas p\u00e1ginas examinan cada uno de nuestros m\u00e1s peque\u00f1os actos de amor: que pueden ser \u00abestremecedores\u00bb, una \u00abola de retorno\u00bb al oc\u00e9ano del amor de Dios, en el que podemos zambullirnos con la gozosa libertad que nos distingue como hijos y cristianos.<br \/> Las Gracias nos invitan a mirar al cielo. Como ellas, tambi\u00e9n las tres virtudes teologales son inseparables. Apoy\u00e1ndose en el dicho evang\u00e9lico sobre la necesidad de mantener unidas \u00ablas cosas nuevas y las cosas viejas\u00bb, este libro presenta las virtudes en un presente concreto, hecho de cosas grandes y peque\u00f1as, para que, adem\u00e1s de conocerlas, uno pueda ejercitarlas en la vida cotidiana.<\/p>\n","protected":false},"excerpt":{"rendered":"<p>CANTALAMESSA, RANIERO<\/p>\n","protected":false},"featured_media":1077112,"template":"","meta":{"_acf_changed":false,"om_disable_all_campaigns":false,"rs_blank_template":"","rs_page_bg_color":"","slide_template_v7":"","inline_featured_image":false,"_monsterinsights_skip_tracking":false,"_monsterinsights_sitenote_active":false,"_monsterinsights_sitenote_note":"","_monsterinsights_sitenote_category":0},"product_brand":[],"product_cat":[275,413],"product_tag":[],"class_list":{"0":"post-963014","1":"product","2":"type-product","3":"status-publish","4":"has-post-thumbnail","6":"product_cat-fonamental","7":"product_cat-fundamental","9":"first","10":"instock","11":"taxable","12":"shipping-taxable","13":"purchasable","14":"product-type-simple"},"acf":{"autor":"CANTALAMESSA, RANIERO","codart":"841339189","libros-coleccion":"100XUNO","ediciones":"1","encuadernacion":"R\u00fastica","fecha_de_publicacion":"01\/04\/2024","novedad":"1","paginas":"232","subtitulo":"UN ITINERARIO HACIA DIOS PARA NUESTRA \u00c9POCA","orden":"0","portada":"0","idioma":"spa","editorial":[{"ID":6201,"post_author":"3","post_date":"2022-07-28 17:47:01","post_date_gmt":"2022-07-28 15:47:01","post_content":"","post_title":"Ediciones Encuentro","post_excerpt":"","post_status":"publish","comment_status":"closed","ping_status":"closed","post_password":"","post_name":"ediciones-encuentro","to_ping":"","pinged":"","post_modified":"2022-07-28 17:47:01","post_modified_gmt":"2022-07-28 15:47:01","post_content_filtered":"","post_parent":0,"guid":"http:\/\/dev.claret.cat\/editorial\/ediciones-encuentro\/","menu_order":0,"post_type":"editorial","post_mime_type":"","comment_count":"0","filter":"raw"}],"booktrailer":"","resenas":""},"aioseo_notices":[],"_links":{"self":[{"href":"https:\/\/www.claret.cat\/es\/wp-json\/wp\/v2\/product\/963014","targetHints":{"allow":["GET"]}}],"collection":[{"href":"https:\/\/www.claret.cat\/es\/wp-json\/wp\/v2\/product"}],"about":[{"href":"https:\/\/www.claret.cat\/es\/wp-json\/wp\/v2\/types\/product"}],"wp:featuredmedia":[{"embeddable":true,"href":"https:\/\/www.claret.cat\/es\/wp-json\/wp\/v2\/media\/1077112"}],"wp:attachment":[{"href":"https:\/\/www.claret.cat\/es\/wp-json\/wp\/v2\/media?parent=963014"}],"wp:term":[{"taxonomy":"product_brand","embeddable":true,"href":"https:\/\/www.claret.cat\/es\/wp-json\/wp\/v2\/product_brand?post=963014"},{"taxonomy":"product_cat","embeddable":true,"href":"https:\/\/www.claret.cat\/es\/wp-json\/wp\/v2\/product_cat?post=963014"},{"taxonomy":"product_tag","embeddable":true,"href":"https:\/\/www.claret.cat\/es\/wp-json\/wp\/v2\/product_tag?post=963014"}],"curies":[{"name":"wp","href":"https:\/\/api.w.org\/{rel}","templated":true}]}}