{"id":96308,"date":"2022-10-12T06:56:19","date_gmt":"2022-10-12T04:56:19","guid":{"rendered":"http:\/\/dev.claret.cat\/producte\/nunca-fuimos-heroes\/"},"modified":"2023-01-28T18:13:58","modified_gmt":"2023-01-28T17:13:58","slug":"nunca-fuimos-heroes-9788408238089","status":"publish","type":"product","link":"https:\/\/www.claret.cat\/es\/libro\/nunca-fuimos-heroes-9788408238089\/","title":{"rendered":"NUNCA FUIMOS H\u00c9ROES"},"content":{"rendered":"<p>Nunca fuimos h\u00e9roes es un apasionante thriller, pero tambi\u00e9n un emocionante recorrido por la historia del terrorismo en nuestro pa\u00eds.<br \/> Gabo es un expolic\u00eda que ha dedicado toda su carrera a la lucha contra el terrorismo. Harri es un terrorista que lleva veinte a\u00f1os huido en Colombia. Cuando la Polic\u00eda descubre que Harri ha vuelto a Madrid, Gabo acabar\u00e1 vi\u00e9ndose arrastrado a una angustiosa investigaci\u00f3n extraoficial, junto a una joven inspectora de Estupefacientes, en la que se cruzar\u00e1 con guerrilleros colombianos, narcotraficantes y yihadistas. El expolic\u00eda establecer\u00e1 una perturbadora relaci\u00f3n con el terrorista que le obligar\u00e1 a resucitar fantasmas del pasado: la frustraci\u00f3n de los atentados, la tensi\u00f3n de las operaciones policiales, los a\u00f1os de la guerra sucia, los compa\u00f1eros que quedaron en el camino, el amor perdido\u2026<\/p>\n","protected":false},"excerpt":{"rendered":"<p>BENZO, FERNANDO<\/p>\n","protected":false},"featured_media":96309,"template":"","meta":{"_acf_changed":false,"om_disable_all_campaigns":false,"rs_blank_template":"","rs_page_bg_color":"","slide_template_v7":"","inline_featured_image":false,"_monsterinsights_skip_tracking":false,"_monsterinsights_sitenote_active":false,"_monsterinsights_sitenote_note":"","_monsterinsights_sitenote_category":0},"product_brand":[],"product_cat":[127],"product_tag":[],"class_list":{"0":"post-96308","1":"product","2":"type-product","3":"status-publish","4":"has-post-thumbnail","6":"product_cat-novella-contemporania","8":"first","9":"instock","10":"taxable","11":"shipping-taxable","12":"purchasable","13":"product-type-simple"},"acf":{"editorial":[{"ID":6233,"post_author":"3","post_date":"2022-07-28 17:47:48","post_date_gmt":"2022-07-28 15:47:48","post_content":"","post_title":"EDITORIAL PLANETA","post_excerpt":"","post_status":"publish","comment_status":"closed","ping_status":"closed","post_password":"","post_name":"editorial-planeta","to_ping":"","pinged":"","post_modified":"2022-07-28 17:47:48","post_modified_gmt":"2022-07-28 15:47:48","post_content_filtered":"","post_parent":0,"guid":"http:\/\/dev.claret.cat\/editorial\/editorial-planeta\/","menu_order":0,"post_type":"editorial","post_mime_type":"","comment_count":"0","filter":"raw"}],"autores-libros":[{"ID":155791,"post_author":"3","post_date":"2022-10-14 15:15:39","post_date_gmt":"2022-10-14 13:15:39","post_content":"","post_title":"FERNANDO BENZO","post_excerpt":"","post_status":"publish","comment_status":"closed","ping_status":"closed","post_password":"","post_name":"fernando-benzo","to_ping":"","pinged":"","post_modified":"2022-10-14 15:15:39","post_modified_gmt":"2022-10-14 13:15:39","post_content_filtered":"","post_parent":0,"guid":"http:\/\/dev.claret.cat\/autor\/fernando-benzo\/","menu_order":0,"post_type":"autor","post_mime_type":"","comment_count":"0","filter":"raw"}],"autor":"BENZO, FERNANDO","codart":"840823808","libros-coleccion":"Crimen y Misterio","ediciones":"1","encuadernacion":"R\u00fastica","fecha_de_publicacion":"01\/02\/2021","novedad":"1","paginas":"416","subtitulo":"","orden":"0","portada":"0","idioma":"spa"},"aioseo_notices":[],"_links":{"self":[{"href":"https:\/\/www.claret.cat\/es\/wp-json\/wp\/v2\/product\/96308","targetHints":{"allow":["GET"]}}],"collection":[{"href":"https:\/\/www.claret.cat\/es\/wp-json\/wp\/v2\/product"}],"about":[{"href":"https:\/\/www.claret.cat\/es\/wp-json\/wp\/v2\/types\/product"}],"wp:featuredmedia":[{"embeddable":true,"href":"https:\/\/www.claret.cat\/es\/wp-json\/wp\/v2\/media\/96309"}],"wp:attachment":[{"href":"https:\/\/www.claret.cat\/es\/wp-json\/wp\/v2\/media?parent=96308"}],"wp:term":[{"taxonomy":"product_brand","embeddable":true,"href":"https:\/\/www.claret.cat\/es\/wp-json\/wp\/v2\/product_brand?post=96308"},{"taxonomy":"product_cat","embeddable":true,"href":"https:\/\/www.claret.cat\/es\/wp-json\/wp\/v2\/product_cat?post=96308"},{"taxonomy":"product_tag","embeddable":true,"href":"https:\/\/www.claret.cat\/es\/wp-json\/wp\/v2\/product_tag?post=96308"}],"curies":[{"name":"wp","href":"https:\/\/api.w.org\/{rel}","templated":true}]}}