{"id":963477,"date":"2024-05-03T11:48:29","date_gmt":"2024-05-03T09:48:29","guid":{"rendered":"https:\/\/www.claret.cat\/llibre\/orientate-cree-espera-ama-9788418201141\/"},"modified":"2026-03-04T10:25:42","modified_gmt":"2026-03-04T09:25:42","slug":"orientate-cree-espera-ama-9788418201141","status":"publish","type":"product","link":"https:\/\/www.claret.cat\/es\/libro\/orientate-cree-espera-ama-9788418201141\/","title":{"rendered":"ORI\u00c9NTATE: CREE, ESPERA, AMA"},"content":{"rendered":"<p><span>Pertenece a la esencia del cristianismo creer, esperar y darse, acciones centrales que corresponden a tres de las caracter\u00edsticas m\u00e1s profundas inherentes al ser humano; acciones adem\u00e1s que transmiten verdad, belleza y felicidad. Practicando las virtudes trinitarias, el ADN de la identidad religiosa, el creyente se eleva mediante la gracia por encima de s\u00ed mismo sin salir de su finitud. Al mismo tiempo experimenta gozoso c\u00f3mo su fe, esperanza y amor descubren algo definitivo: vivenciar d\u00eda tras d\u00eda al Padre, al Hijo y al Esp\u00edritu Santo y donarse por entero a los hermanos situados en una sociedad necesitada de salvaci\u00f3n. Este acontecimiento de nuestro quehacer en el mundo puede servirnos de inspiraci\u00f3n y orientaci\u00f3n permanente para nuestra vida, tanto la presente como la futura. La portada nos ofrece a los bienaventurados en el cielo. Adornados en la tierra con las tres virtudes, ya gozan de la Sant\u00edsima Trinidad para siempre.<\/span><\/p>\n","protected":false},"excerpt":{"rendered":"<p>MONTES PERAL, LUIS \u00c1NGEL<\/p>\n","protected":false},"featured_media":1087417,"template":"","meta":{"_acf_changed":false,"om_disable_all_campaigns":false,"rs_blank_template":"","rs_page_bg_color":"","slide_template_v7":"","inline_featured_image":false,"_monsterinsights_skip_tracking":false,"_monsterinsights_sitenote_active":false,"_monsterinsights_sitenote_note":"","_monsterinsights_sitenote_category":0},"product_brand":[],"product_cat":[275,413],"product_tag":[],"class_list":{"0":"post-963477","1":"product","2":"type-product","3":"status-publish","4":"has-post-thumbnail","6":"product_cat-fonamental","7":"product_cat-fundamental","9":"first","10":"instock","11":"taxable","12":"shipping-taxable","13":"purchasable","14":"product-type-simple"},"acf":{"autor":"MONTES PERAL, LUIS \u00c1NGEL","codart":"841820114","libros-coleccion":"\u00c1GAPE ","ediciones":"1","encuadernacion":"R\u00fastica","fecha_de_publicacion":"25\/04\/2024","novedad":"0","paginas":"308","subtitulo":"","orden":"999","portada":"0","idioma":"spa","editorial":[{"ID":6359,"post_author":"3","post_date":"2022-07-28 17:50:30","post_date_gmt":"2022-07-28 15:50:30","post_content":"","post_title":"Secretariado Trinitario","post_excerpt":"","post_status":"publish","comment_status":"closed","ping_status":"closed","post_password":"","post_name":"secretariado-trinitario","to_ping":"","pinged":"","post_modified":"2022-07-28 17:50:30","post_modified_gmt":"2022-07-28 15:50:30","post_content_filtered":"","post_parent":0,"guid":"http:\/\/dev.claret.cat\/editorial\/secretariado-trinitario\/","menu_order":0,"post_type":"editorial","post_mime_type":"","comment_count":"0","filter":"raw"}],"autores-libros":[{"ID":162672,"post_author":"3","post_date":"2022-10-14 17:32:53","post_date_gmt":"2022-10-14 15:32:53","post_content":"","post_title":"LUIS \u00c1NGEL MONTES PERAL","post_excerpt":"","post_status":"publish","comment_status":"closed","ping_status":"closed","post_password":"","post_name":"luis-angel-montes-peral","to_ping":"","pinged":"","post_modified":"2022-10-14 17:32:53","post_modified_gmt":"2022-10-14 15:32:53","post_content_filtered":"","post_parent":0,"guid":"http:\/\/dev.claret.cat\/autor\/luis-angel-montes-peral\/","menu_order":0,"post_type":"autor","post_mime_type":"","comment_count":"0","filter":"raw"}],"booktrailer":"","resenas":""},"aioseo_notices":[],"_links":{"self":[{"href":"https:\/\/www.claret.cat\/es\/wp-json\/wp\/v2\/product\/963477","targetHints":{"allow":["GET"]}}],"collection":[{"href":"https:\/\/www.claret.cat\/es\/wp-json\/wp\/v2\/product"}],"about":[{"href":"https:\/\/www.claret.cat\/es\/wp-json\/wp\/v2\/types\/product"}],"wp:featuredmedia":[{"embeddable":true,"href":"https:\/\/www.claret.cat\/es\/wp-json\/wp\/v2\/media\/1087417"}],"wp:attachment":[{"href":"https:\/\/www.claret.cat\/es\/wp-json\/wp\/v2\/media?parent=963477"}],"wp:term":[{"taxonomy":"product_brand","embeddable":true,"href":"https:\/\/www.claret.cat\/es\/wp-json\/wp\/v2\/product_brand?post=963477"},{"taxonomy":"product_cat","embeddable":true,"href":"https:\/\/www.claret.cat\/es\/wp-json\/wp\/v2\/product_cat?post=963477"},{"taxonomy":"product_tag","embeddable":true,"href":"https:\/\/www.claret.cat\/es\/wp-json\/wp\/v2\/product_tag?post=963477"}],"curies":[{"name":"wp","href":"https:\/\/api.w.org\/{rel}","templated":true}]}}