{"id":963526,"date":"2024-05-03T16:40:02","date_gmt":"2024-05-03T14:40:02","guid":{"rendered":"https:\/\/www.claret.cat\/llibre\/yahho-japon-9788412782097\/"},"modified":"2024-05-06T14:20:41","modified_gmt":"2024-05-06T12:20:41","slug":"yahho-japon-9788412782097","status":"publish","type":"product","link":"https:\/\/www.claret.cat\/es\/libro\/yahho-japon-9788412782097\/","title":{"rendered":"\u00a1YAHHO JAP\u00d3N!"},"content":{"rendered":"<p>\u00bfSab\u00edas que en Jap\u00f3n hay mujeres artificieras? Son las que imaginan y fabrican los fuegos artificiales. Tambi\u00e9n hay artesanas de las cometas y los fideos soba, y estudiosas del musgo de los bosques, que tiene poderes extraordinarios. Existen las areneras, porque los ba\u00f1os de arena volc\u00e1nica son muy relajantes, y las luchadoras de sumo. Y artistas que con esmero, resina y polvo de oro convierten las cosas rotas en piezas valiosas. Otras producen paraguas para zapatos y objetos por el estilo, que no est\u00e1n a la venta y, sobre todo, sirven para preguntarnos por qu\u00e9 compramos tantas cosas que, en realidad, no necesitamos.<br \/> Se puede so\u00f1ar con todos los oficios que existen, y como los sue\u00f1os s\u00ed se cumplen, este libro presenta a ocho mujeres que se dedican a lo que m\u00e1s les gusta. A trav\u00e9s de sus historias, se cuentan otras maravillas poco conocidas del pa\u00eds del sol naciente. \u00bfO sab\u00edas que, en tiempos de paz, los samur\u00e1is fabricaban cometas?<\/p>\n","protected":false},"excerpt":{"rendered":"<p>OFFREDO, \u00c9VA<\/p>\n","protected":false},"featured_media":963701,"template":"","meta":{"_acf_changed":false,"om_disable_all_campaigns":false,"rs_blank_template":"","rs_page_bg_color":"","slide_template_v7":"","inline_featured_image":false,"_monsterinsights_skip_tracking":false,"_monsterinsights_sitenote_active":false,"_monsterinsights_sitenote_note":"","_monsterinsights_sitenote_category":0},"product_brand":[],"product_cat":[105,555],"product_tag":[],"class_list":{"0":"post-963526","1":"product","2":"type-product","3":"status-publish","4":"has-post-thumbnail","6":"product_cat-regal","7":"product_cat-regalo","9":"first","10":"instock","11":"taxable","12":"shipping-taxable","13":"purchasable","14":"product-type-simple"},"acf":{"autor":"OFFREDO, \u00c9VA","codart":"841278209","libros-coleccion":"\u00c1lbumes ilustrados","ediciones":"1","encuadernacion":"Carton\u00e9","fecha_de_publicacion":"01\/05\/2024","novedad":"1","paginas":"92","subtitulo":"","orden":"0","portada":"0","idioma":"spa","editorial":[{"ID":148435,"post_author":"3","post_date":"2022-10-14 11:58:13","post_date_gmt":"2022-10-14 09:58:13","post_content":"","post_title":"LIBROS DEL ZORRO ROJO","post_excerpt":"","post_status":"publish","comment_status":"closed","ping_status":"closed","post_password":"","post_name":"libros-del-zorro-rojo","to_ping":"","pinged":"","post_modified":"2022-10-14 11:58:13","post_modified_gmt":"2022-10-14 09:58:13","post_content_filtered":"","post_parent":0,"guid":"http:\/\/dev.claret.cat\/editorial\/libros-del-zorro-rojo\/","menu_order":0,"post_type":"editorial","post_mime_type":"","comment_count":"0","filter":"raw"}]},"aioseo_notices":[],"_links":{"self":[{"href":"https:\/\/www.claret.cat\/es\/wp-json\/wp\/v2\/product\/963526","targetHints":{"allow":["GET"]}}],"collection":[{"href":"https:\/\/www.claret.cat\/es\/wp-json\/wp\/v2\/product"}],"about":[{"href":"https:\/\/www.claret.cat\/es\/wp-json\/wp\/v2\/types\/product"}],"wp:featuredmedia":[{"embeddable":true,"href":"https:\/\/www.claret.cat\/es\/wp-json\/wp\/v2\/media\/963701"}],"wp:attachment":[{"href":"https:\/\/www.claret.cat\/es\/wp-json\/wp\/v2\/media?parent=963526"}],"wp:term":[{"taxonomy":"product_brand","embeddable":true,"href":"https:\/\/www.claret.cat\/es\/wp-json\/wp\/v2\/product_brand?post=963526"},{"taxonomy":"product_cat","embeddable":true,"href":"https:\/\/www.claret.cat\/es\/wp-json\/wp\/v2\/product_cat?post=963526"},{"taxonomy":"product_tag","embeddable":true,"href":"https:\/\/www.claret.cat\/es\/wp-json\/wp\/v2\/product_tag?post=963526"}],"curies":[{"name":"wp","href":"https:\/\/api.w.org\/{rel}","templated":true}]}}