{"id":963533,"date":"2024-05-03T16:45:02","date_gmt":"2024-05-03T14:45:02","guid":{"rendered":"https:\/\/www.claret.cat\/llibre\/celibato-9788432167454\/"},"modified":"2026-02-02T20:00:27","modified_gmt":"2026-02-02T19:00:27","slug":"celibato-9788432167454","status":"publish","type":"product","link":"https:\/\/www.claret.cat\/es\/libro\/celibato-9788432167454\/","title":{"rendered":"CELIBATO"},"content":{"rendered":"<p>El celibato ha sido y es fuente de vida cristiana en el mundo, y la Iglesia lo considera un carisma superior al don del matrimonio. El celibato parece estar en v\u00edas de extinci\u00f3n. Recomendado por el mismo Jesucristo, la Iglesia lo considera un carisma superior al don del matrimonio, y ha sido siempre \u2013en sus m\u00faltiples formas\u2013 fuente de vida cristiana en el mundo. \u00bfEs posible que ya no tenga sitio en los planes salvadores de Dios? \u00bfQu\u00e9 razones hay para seguir ese camino en la actualidad, si es Dios quien llama? \u00bfQu\u00e9 razones hay, si el matrimonio es un verdadero camino de santidad y un modo maravilloso de contribuir a extender el reino de Dios?<\/p>\n","protected":false},"excerpt":{"rendered":"<p>BURKHART, ERNST<\/p>\n","protected":false},"featured_media":1080380,"template":"","meta":{"_acf_changed":false,"om_disable_all_campaigns":false,"rs_blank_template":"","rs_page_bg_color":"","slide_template_v7":"","inline_featured_image":false,"_monsterinsights_skip_tracking":false,"_monsterinsights_sitenote_active":false,"_monsterinsights_sitenote_note":"","_monsterinsights_sitenote_category":0},"product_brand":[],"product_cat":[395,240],"product_tag":[],"class_list":{"0":"post-963533","1":"product","2":"type-product","3":"status-publish","4":"has-post-thumbnail","6":"product_cat-vida-religiosa-espiritualidad-1_espiritualidad","7":"product_cat-vida-religiosa-espiritualitat","9":"first","10":"instock","11":"taxable","12":"shipping-taxable","13":"purchasable","14":"product-type-simple"},"acf":{"autor":"BURKHART, ERNST","codart":"843216745","libros-coleccion":"Religi\u00f3n. Fuera de Colecci\u00f3n","ediciones":"1","encuadernacion":"R\u00fastica","fecha_de_publicacion":"03\/05\/2024","novedad":"1","paginas":"64","subtitulo":"","orden":"0","portada":"0","idioma":"spa","editorial":[{"ID":6348,"post_author":"3","post_date":"2022-07-28 17:50:16","post_date_gmt":"2022-07-28 15:50:16","post_content":"","post_title":"Rialp","post_excerpt":"","post_status":"publish","comment_status":"closed","ping_status":"closed","post_password":"","post_name":"rialp","to_ping":"","pinged":"","post_modified":"2022-07-28 17:50:16","post_modified_gmt":"2022-07-28 15:50:16","post_content_filtered":"","post_parent":0,"guid":"http:\/\/dev.claret.cat\/editorial\/rialp\/","menu_order":0,"post_type":"editorial","post_mime_type":"","comment_count":"0","filter":"raw"}],"booktrailer":"","resenas":""},"aioseo_notices":[],"_links":{"self":[{"href":"https:\/\/www.claret.cat\/es\/wp-json\/wp\/v2\/product\/963533","targetHints":{"allow":["GET"]}}],"collection":[{"href":"https:\/\/www.claret.cat\/es\/wp-json\/wp\/v2\/product"}],"about":[{"href":"https:\/\/www.claret.cat\/es\/wp-json\/wp\/v2\/types\/product"}],"wp:featuredmedia":[{"embeddable":true,"href":"https:\/\/www.claret.cat\/es\/wp-json\/wp\/v2\/media\/1080380"}],"wp:attachment":[{"href":"https:\/\/www.claret.cat\/es\/wp-json\/wp\/v2\/media?parent=963533"}],"wp:term":[{"taxonomy":"product_brand","embeddable":true,"href":"https:\/\/www.claret.cat\/es\/wp-json\/wp\/v2\/product_brand?post=963533"},{"taxonomy":"product_cat","embeddable":true,"href":"https:\/\/www.claret.cat\/es\/wp-json\/wp\/v2\/product_cat?post=963533"},{"taxonomy":"product_tag","embeddable":true,"href":"https:\/\/www.claret.cat\/es\/wp-json\/wp\/v2\/product_tag?post=963533"}],"curies":[{"name":"wp","href":"https:\/\/api.w.org\/{rel}","templated":true}]}}