{"id":963557,"date":"2024-05-03T16:50:49","date_gmt":"2024-05-03T14:50:49","guid":{"rendered":"https:\/\/www.claret.cat\/llibre\/erotica-y-materna-9788432167546\/"},"modified":"2026-04-07T17:17:32","modified_gmt":"2026-04-07T15:17:32","slug":"erotica-y-materna-9788432167546","status":"publish","type":"product","link":"https:\/\/www.claret.cat\/es\/libro\/erotica-y-materna-9788432167546\/","title":{"rendered":"ER\u00d3TICA Y MATERNA"},"content":{"rendered":"<p>Una exploraci\u00f3n al \u201cmisterio\u201d del universo femenino, su capacidad cr\u00edtica y sus inagotables recursos, su disposici\u00f3n a la acogida y a la ternura, su empat\u00eda y su apertura a la vida. Nuestro tiempo acelerado, obsesionado en \u201chacer cosas \u00fatiles\u201d, mina la disposici\u00f3n femenina a la acogida y a la ternura, y su apertura a la vida. Hay una escisi\u00f3n entre su dimensi\u00f3n er\u00f3tica y su dimensi\u00f3n materna, entre el amor a s\u00ed misma y el amor al otro. Si el exceso del componente er\u00f3tico-narcisista conlleva ego\u00edsmo y aridez afectiva, el desequilibrio hacia el componente materno origina conductas sofocantes. La autora explora aqu\u00ed el \u201cmisterio\u201d del universo femenino, su capacidad cr\u00edtica y sus inagotables recursos, que ser\u00e1n de gran ayuda para quien no se contenta con relaciones parciales e incompletas, sino que busca encontrarse, respetarse y quererse bien.<\/p>\n","protected":false},"excerpt":{"rendered":"<p>CERIOTTI MIGLIARESE, MARIOLINA<\/p>\n","protected":false},"featured_media":994519,"template":"","meta":{"_acf_changed":false,"om_disable_all_campaigns":false,"rs_blank_template":"","rs_page_bg_color":"","slide_template_v7":"","inline_featured_image":false,"_monsterinsights_skip_tracking":false,"_monsterinsights_sitenote_active":false,"_monsterinsights_sitenote_note":"","_monsterinsights_sitenote_category":0},"product_brand":[],"product_cat":[372,164],"product_tag":[],"class_list":{"0":"post-963557","1":"product","2":"type-product","3":"status-publish","4":"has-post-thumbnail","6":"product_cat-derechos-humanos","7":"product_cat-drets-humans","9":"first","10":"instock","11":"taxable","12":"shipping-taxable","13":"purchasable","14":"product-type-simple"},"acf":{"autor":"CERIOTTI MIGLIARESE, MARIOLINA","codart":"843216754","libros-coleccion":"Claves","ediciones":"6","encuadernacion":"R\u00fastica","fecha_de_publicacion":"03\/05\/2024","novedad":"1","paginas":"162","subtitulo":"UN VIAJE AL UNIVERSO FEMENINO","orden":"0","portada":"0","idioma":"spa","editorial":[{"ID":6348,"post_author":"3","post_date":"2022-07-28 17:50:16","post_date_gmt":"2022-07-28 15:50:16","post_content":"","post_title":"Rialp","post_excerpt":"","post_status":"publish","comment_status":"closed","ping_status":"closed","post_password":"","post_name":"rialp","to_ping":"","pinged":"","post_modified":"2022-07-28 17:50:16","post_modified_gmt":"2022-07-28 15:50:16","post_content_filtered":"","post_parent":0,"guid":"http:\/\/dev.claret.cat\/editorial\/rialp\/","menu_order":0,"post_type":"editorial","post_mime_type":"","comment_count":"0","filter":"raw"}],"booktrailer":"","resenas":""},"aioseo_notices":[],"_links":{"self":[{"href":"https:\/\/www.claret.cat\/es\/wp-json\/wp\/v2\/product\/963557","targetHints":{"allow":["GET"]}}],"collection":[{"href":"https:\/\/www.claret.cat\/es\/wp-json\/wp\/v2\/product"}],"about":[{"href":"https:\/\/www.claret.cat\/es\/wp-json\/wp\/v2\/types\/product"}],"wp:featuredmedia":[{"embeddable":true,"href":"https:\/\/www.claret.cat\/es\/wp-json\/wp\/v2\/media\/994519"}],"wp:attachment":[{"href":"https:\/\/www.claret.cat\/es\/wp-json\/wp\/v2\/media?parent=963557"}],"wp:term":[{"taxonomy":"product_brand","embeddable":true,"href":"https:\/\/www.claret.cat\/es\/wp-json\/wp\/v2\/product_brand?post=963557"},{"taxonomy":"product_cat","embeddable":true,"href":"https:\/\/www.claret.cat\/es\/wp-json\/wp\/v2\/product_cat?post=963557"},{"taxonomy":"product_tag","embeddable":true,"href":"https:\/\/www.claret.cat\/es\/wp-json\/wp\/v2\/product_tag?post=963557"}],"curies":[{"name":"wp","href":"https:\/\/api.w.org\/{rel}","templated":true}]}}