{"id":96383,"date":"2022-10-12T06:57:21","date_gmt":"2022-10-12T04:57:21","guid":{"rendered":"http:\/\/dev.claret.cat\/producte\/amate-3\/"},"modified":"2023-01-28T20:26:42","modified_gmt":"2023-01-28T19:26:42","slug":"amate-9788418318726","status":"publish","type":"product","link":"https:\/\/www.claret.cat\/es\/libro\/amate-9788418318726\/","title":{"rendered":"\u00c1MATE"},"content":{"rendered":"<p>Claudia Garc\u00eda tiene millones de seguidores en TikTok, pero sabe cu\u00e1l  es el verdadero triunfo: Qui\u00e9rete. S\u00e9 libre. S\u00e9 feliz. HAZLO. Aunque te d\u00e9 miedo, aunque pienses que no puedes, HAZLO. Porque vas a poder y porque solo as\u00ed podr\u00e1s ganar. Entonces te dar\u00e1s cuenta de que no hay mayor triunfo que quererse a una misma. Y es que t\u00fa eres la persona m\u00e1s importante de tu vida. No es un consejo, es una necesidad: \u00c1MATE.<\/p>\n","protected":false},"excerpt":{"rendered":"<p>GARC\u00cdA, CLAUDIA<\/p>\n","protected":false},"featured_media":96384,"template":"","meta":{"_acf_changed":false,"om_disable_all_campaigns":false,"rs_blank_template":"","rs_page_bg_color":"","slide_template_v7":"","inline_featured_image":false,"_monsterinsights_skip_tracking":false,"_monsterinsights_sitenote_active":false,"_monsterinsights_sitenote_note":"","_monsterinsights_sitenote_category":0},"product_brand":[],"product_cat":[116],"product_tag":[],"class_list":{"0":"post-96383","1":"product","2":"type-product","3":"status-publish","4":"has-post-thumbnail","6":"product_cat-influencers","8":"first","9":"instock","10":"taxable","11":"shipping-taxable","12":"purchasable","13":"product-type-simple"},"acf":{"editorial":[{"ID":6310,"post_author":"3","post_date":"2022-07-28 17:49:26","post_date_gmt":"2022-07-28 15:49:26","post_content":"","post_title":"MONTENA","post_excerpt":"","post_status":"publish","comment_status":"closed","ping_status":"closed","post_password":"","post_name":"montena","to_ping":"","pinged":"","post_modified":"2022-07-28 17:49:26","post_modified_gmt":"2022-07-28 15:49:26","post_content_filtered":"","post_parent":0,"guid":"http:\/\/dev.claret.cat\/editorial\/montena\/","menu_order":0,"post_type":"editorial","post_mime_type":"","comment_count":"0","filter":"raw"}],"autor":"GARC\u00cdA, CLAUDIA","codart":"841831872","libros-coleccion":"Montena","ediciones":"1","encuadernacion":"Carton\u00e9","fecha_de_publicacion":"01\/02\/2021","novedad":"1","paginas":"160","subtitulo":"","orden":"0","portada":"0","idioma":"spa","autores-libros":[{"ID":153087,"post_author":"3","post_date":"2022-10-14 14:53:57","post_date_gmt":"2022-10-14 12:53:57","post_content":"","post_title":"CLAUDIA GARC\u00cdA","post_excerpt":"","post_status":"publish","comment_status":"closed","ping_status":"closed","post_password":"","post_name":"claudia-garcia","to_ping":"","pinged":"","post_modified":"2022-10-14 14:53:57","post_modified_gmt":"2022-10-14 12:53:57","post_content_filtered":"","post_parent":0,"guid":"http:\/\/dev.claret.cat\/autor\/claudia-garcia\/","menu_order":0,"post_type":"autor","post_mime_type":"","comment_count":"0","filter":"raw"}]},"aioseo_notices":[],"_links":{"self":[{"href":"https:\/\/www.claret.cat\/es\/wp-json\/wp\/v2\/product\/96383","targetHints":{"allow":["GET"]}}],"collection":[{"href":"https:\/\/www.claret.cat\/es\/wp-json\/wp\/v2\/product"}],"about":[{"href":"https:\/\/www.claret.cat\/es\/wp-json\/wp\/v2\/types\/product"}],"wp:featuredmedia":[{"embeddable":true,"href":"https:\/\/www.claret.cat\/es\/wp-json\/wp\/v2\/media\/96384"}],"wp:attachment":[{"href":"https:\/\/www.claret.cat\/es\/wp-json\/wp\/v2\/media?parent=96383"}],"wp:term":[{"taxonomy":"product_brand","embeddable":true,"href":"https:\/\/www.claret.cat\/es\/wp-json\/wp\/v2\/product_brand?post=96383"},{"taxonomy":"product_cat","embeddable":true,"href":"https:\/\/www.claret.cat\/es\/wp-json\/wp\/v2\/product_cat?post=96383"},{"taxonomy":"product_tag","embeddable":true,"href":"https:\/\/www.claret.cat\/es\/wp-json\/wp\/v2\/product_tag?post=96383"}],"curies":[{"name":"wp","href":"https:\/\/api.w.org\/{rel}","templated":true}]}}