{"id":96392,"date":"2022-10-12T06:57:29","date_gmt":"2022-10-12T04:57:29","guid":{"rendered":"http:\/\/dev.claret.cat\/producte\/superlio-en-el-laboratorio-el-mundo-de-clodett-7\/"},"modified":"2023-01-28T10:48:26","modified_gmt":"2023-01-28T09:48:26","slug":"superlio-en-el-laboratorio-el-mundo-de-clodett-7-9788418318528","status":"publish","type":"product","link":"https:\/\/www.claret.cat\/es\/libro\/superlio-en-el-laboratorio-el-mundo-de-clodett-7-9788418318528\/","title":{"rendered":"SUPERL\u00cdO EN EL LABORATORIO (EL MUNDO DE CLODETT 7)"},"content":{"rendered":"<p>Clodett la l\u00eda en librer\u00edas&#8230; \u00a1y en el laboratorio! \u00a1Hola, clodettamis! HELP: esta vez la he liado&#8230; \u00a1DEMASIADO! Nos hemos colado en el laboratorio, la zona M\u00c1S PROHIBIDA del internado  de mi gemela Jannette. Parec\u00eda que lo ten\u00edamos todo controlado, pero&#8230;  \u00bfalguien se pensaba que el experimento saldr\u00eda bien a la primera? Lo hab\u00e9is adivinado: \u00a1SUPERL\u00cdO A LA VISTA!<\/p>\n","protected":false},"excerpt":{"rendered":"<p>CLODETT,<\/p>\n","protected":false},"featured_media":96393,"template":"","meta":{"_acf_changed":false,"om_disable_all_campaigns":false,"rs_blank_template":"","rs_page_bg_color":"","slide_template_v7":"","inline_featured_image":false,"_monsterinsights_skip_tracking":false,"_monsterinsights_sitenote_active":false,"_monsterinsights_sitenote_note":"","_monsterinsights_sitenote_category":0},"product_brand":[],"product_cat":[132],"product_tag":[],"class_list":{"0":"post-96392","1":"product","2":"type-product","3":"status-publish","4":"has-post-thumbnail","6":"product_cat-lectures-per-preadolescents-6-12-anys","8":"first","9":"instock","10":"taxable","11":"shipping-taxable","12":"purchasable","13":"product-type-simple"},"acf":{"editorial":[{"ID":6310,"post_author":"3","post_date":"2022-07-28 17:49:26","post_date_gmt":"2022-07-28 15:49:26","post_content":"","post_title":"MONTENA","post_excerpt":"","post_status":"publish","comment_status":"closed","ping_status":"closed","post_password":"","post_name":"montena","to_ping":"","pinged":"","post_modified":"2022-07-28 17:49:26","post_modified_gmt":"2022-07-28 15:49:26","post_content_filtered":"","post_parent":0,"guid":"http:\/\/dev.claret.cat\/editorial\/montena\/","menu_order":0,"post_type":"editorial","post_mime_type":"","comment_count":"0","filter":"raw"}],"autor":"CLODETT,","codart":"841831852","libros-coleccion":"El mundo de Clodett","ediciones":"1","encuadernacion":"Carton\u00e9","fecha_de_publicacion":"01\/02\/2021","novedad":"1","paginas":"192","subtitulo":"","orden":"0","portada":"0","idioma":"spa","autores-libros":[{"ID":153139,"post_author":"3","post_date":"2022-10-14 14:54:23","post_date_gmt":"2022-10-14 12:54:23","post_content":"","post_title":"CLODETT","post_excerpt":"","post_status":"publish","comment_status":"closed","ping_status":"closed","post_password":"","post_name":"clodett","to_ping":"","pinged":"","post_modified":"2022-10-14 14:54:23","post_modified_gmt":"2022-10-14 12:54:23","post_content_filtered":"","post_parent":0,"guid":"http:\/\/dev.claret.cat\/autor\/clodett\/","menu_order":0,"post_type":"autor","post_mime_type":"","comment_count":"0","filter":"raw"}]},"aioseo_notices":[],"_links":{"self":[{"href":"https:\/\/www.claret.cat\/es\/wp-json\/wp\/v2\/product\/96392","targetHints":{"allow":["GET"]}}],"collection":[{"href":"https:\/\/www.claret.cat\/es\/wp-json\/wp\/v2\/product"}],"about":[{"href":"https:\/\/www.claret.cat\/es\/wp-json\/wp\/v2\/types\/product"}],"wp:featuredmedia":[{"embeddable":true,"href":"https:\/\/www.claret.cat\/es\/wp-json\/wp\/v2\/media\/96393"}],"wp:attachment":[{"href":"https:\/\/www.claret.cat\/es\/wp-json\/wp\/v2\/media?parent=96392"}],"wp:term":[{"taxonomy":"product_brand","embeddable":true,"href":"https:\/\/www.claret.cat\/es\/wp-json\/wp\/v2\/product_brand?post=96392"},{"taxonomy":"product_cat","embeddable":true,"href":"https:\/\/www.claret.cat\/es\/wp-json\/wp\/v2\/product_cat?post=96392"},{"taxonomy":"product_tag","embeddable":true,"href":"https:\/\/www.claret.cat\/es\/wp-json\/wp\/v2\/product_tag?post=96392"}],"curies":[{"name":"wp","href":"https:\/\/api.w.org\/{rel}","templated":true}]}}