{"id":96398,"date":"2022-10-12T06:57:34","date_gmt":"2022-10-12T04:57:34","guid":{"rendered":"http:\/\/dev.claret.cat\/producte\/la-vida-no-regalada\/"},"modified":"2023-01-28T11:16:24","modified_gmt":"2023-01-28T10:16:24","slug":"la-vida-no-regalada-9788417805838","status":"publish","type":"product","link":"https:\/\/www.claret.cat\/es\/libro\/la-vida-no-regalada-9788417805838\/","title":{"rendered":"LA VIDA NO REGALADA"},"content":{"rendered":"<p>Con Luis Cabrera empez\u00f3 todo. Una novela sin ficci\u00f3n escrita por el director del Taller de M\u00fasics y una de las figuras fundamentales del mundo del flamenco y de la m\u00fasica en Espa\u00f1a.La vida no regalada es una novela sin ficci\u00f3n que narra la evoluci\u00f3n de Espa\u00f1a desde los \u00faltimos a\u00f1os de la Dictadura hasta llegar a la Transici\u00f3n, a trav\u00e9s de la vida de su protagonista, Lorenzo Almendro; el d\u00eda a d\u00eda de un ni\u00f1o de un pueblo de Ja\u00e9n que emigra con sus padres a Barcelona durante los a\u00f1os 60 y se establecen en el barrio de Verd\u00fan.A trav\u00e9s del protagonista, Lorenzo, trasunto entra\u00f1able del propio Luis Cabrera, asistimos a la realidad de aquellos a\u00f1os en un barrio obrero en el que conviven inmigrantes llegados de muchos puntos de Espa\u00f1a con familias catalanoparlantes. El descubrimiento del catal\u00e1n, las pandillas enfrentadas, las viviendas de la obra social, los padres trabajando en las f\u00e1bricas metal\u00fargicas o textiles, las fiestas populares, los primeros flirteos pol\u00edticos, el reparto de octavillas, la creaci\u00f3n de las casas regionales y las pe\u00f1as flamencas\u2026Desde los inicios m\u00e1s amateurs y los primeros contactos con el flamenco hasta la relaci\u00f3n profesional y de amistad con figuras tan destacadas como Enrique Morente, Camar\u00f3n, Tete Montoliu, Mayte Mart\u00edn o Miguel Poveda, la vida de Lorenzo Almendro, esto es, de Luis Cabrera, nos hace part\u00edcipes de una \u00e9poca de revuelta y de descubrimiento llena de m\u00fasica, ideales y talento.\u00ab\u00bfEs Barcelona una ciudad misteriosa? Luis Cabrera nos conduce en esta vibrante novela biogr\u00e1fica por sus catacumbas, donde retumban la voz de Enrique Morente y la explosi\u00f3n de libertad que nunca m\u00e1s se ha vuelto a ver.\u00bb<br \/>Javier P\u00e9rez And\u00fajar\u00abLlibre extraordinari, at\u00e8s que \u00e9s senzill i profund, divertit i anguni\u00f3s, real i ple de reflexions!!!\u00bb<br \/>Valent\u00ed G\u00f3mez i Oliver\u00abDel destierro de un ni\u00f1o de nueve a\u00f1os a la construcci\u00f3n de un hombre que deja huella. Este libro ofrece la clave para la integraci\u00f3n arm\u00f3nica de una sociedad compleja.\u00bb<br \/>Llu\u00eds Boada Dom\u00e8nech\u00abUn viaje a trav\u00e9s de la memoria de un pa\u00eds que se so\u00f1aba a s\u00ed mismo. Un retrato sin tapujos de un mundo construido a contracorriente.\u00bb<br \/>Carles Duarte\u00abLuis cabrera ha escrito una historia, con sabor a verdad, con un pie en Andaluc\u00eda y otro en Catalunya. Para ayudar a entenderlas mejor. Y a amarlas.\u00bb<br \/>Vicen\u00e7 Villatoro<\/p>\n","protected":false},"excerpt":{"rendered":"<p>CABRERA, LUIS<\/p>\n","protected":false},"featured_media":96399,"template":"","meta":{"_acf_changed":false,"om_disable_all_campaigns":false,"rs_blank_template":"","rs_page_bg_color":"","slide_template_v7":"","inline_featured_image":false,"_monsterinsights_skip_tracking":false,"_monsterinsights_sitenote_active":false,"_monsterinsights_sitenote_note":"","_monsterinsights_sitenote_category":0},"product_brand":[],"product_cat":[127],"product_tag":[],"class_list":{"0":"post-96398","1":"product","2":"type-product","3":"status-publish","4":"has-post-thumbnail","6":"product_cat-novella-contemporania","8":"first","9":"instock","10":"taxable","11":"shipping-taxable","12":"purchasable","13":"product-type-simple"},"acf":{"autor":"CABRERA, LUIS","codart":"841780583","libros-coleccion":"Novela","ediciones":"1","encuadernacion":"R\u00fastica","fecha_de_publicacion":"01\/02\/2021","novedad":"1","paginas":"288","subtitulo":"","orden":"0","portada":"0","idioma":"spa","editorial":[{"ID":148755,"post_author":"3","post_date":"2022-10-14 12:00:44","post_date_gmt":"2022-10-14 10:00:44","post_content":"","post_title":"Roca Editorial","post_excerpt":"","post_status":"publish","comment_status":"closed","ping_status":"closed","post_password":"","post_name":"roca-editorial","to_ping":"","pinged":"","post_modified":"2022-10-14 12:00:44","post_modified_gmt":"2022-10-14 10:00:44","post_content_filtered":"","post_parent":0,"guid":"http:\/\/dev.claret.cat\/editorial\/roca-editorial\/","menu_order":0,"post_type":"editorial","post_mime_type":"","comment_count":"0","filter":"raw"}],"autores-libros":[{"ID":162689,"post_author":"3","post_date":"2022-10-14 17:33:01","post_date_gmt":"2022-10-14 15:33:01","post_content":"","post_title":"LUIS CABRERA","post_excerpt":"","post_status":"publish","comment_status":"closed","ping_status":"closed","post_password":"","post_name":"luis-cabrera","to_ping":"","pinged":"","post_modified":"2022-10-14 17:33:01","post_modified_gmt":"2022-10-14 15:33:01","post_content_filtered":"","post_parent":0,"guid":"http:\/\/dev.claret.cat\/autor\/luis-cabrera\/","menu_order":0,"post_type":"autor","post_mime_type":"","comment_count":"0","filter":"raw"}]},"aioseo_notices":[],"_links":{"self":[{"href":"https:\/\/www.claret.cat\/es\/wp-json\/wp\/v2\/product\/96398","targetHints":{"allow":["GET"]}}],"collection":[{"href":"https:\/\/www.claret.cat\/es\/wp-json\/wp\/v2\/product"}],"about":[{"href":"https:\/\/www.claret.cat\/es\/wp-json\/wp\/v2\/types\/product"}],"wp:featuredmedia":[{"embeddable":true,"href":"https:\/\/www.claret.cat\/es\/wp-json\/wp\/v2\/media\/96399"}],"wp:attachment":[{"href":"https:\/\/www.claret.cat\/es\/wp-json\/wp\/v2\/media?parent=96398"}],"wp:term":[{"taxonomy":"product_brand","embeddable":true,"href":"https:\/\/www.claret.cat\/es\/wp-json\/wp\/v2\/product_brand?post=96398"},{"taxonomy":"product_cat","embeddable":true,"href":"https:\/\/www.claret.cat\/es\/wp-json\/wp\/v2\/product_cat?post=96398"},{"taxonomy":"product_tag","embeddable":true,"href":"https:\/\/www.claret.cat\/es\/wp-json\/wp\/v2\/product_tag?post=96398"}],"curies":[{"name":"wp","href":"https:\/\/api.w.org\/{rel}","templated":true}]}}