{"id":964000,"date":"2024-05-08T12:45:20","date_gmt":"2024-05-08T10:45:20","guid":{"rendered":"https:\/\/www.claret.cat\/llibre\/londres-9788491586975\/"},"modified":"2025-04-23T18:51:37","modified_gmt":"2025-04-23T16:51:37","slug":"londres-9788491586975","status":"publish","type":"product","link":"https:\/\/www.claret.cat\/es\/libro\/londres-9788491586975\/","title":{"rendered":"LONDRES"},"content":{"rendered":"<p>En esta gu\u00eda se re\u00fane toda la informaci\u00f3n necesaria para sacar el mayor partido de una visita a la capital de Gran Breta\u00f1a. Adem\u00e1s de la gu\u00eda completa de Londres, se ofrece una parte pr\u00e1ctica con abundante informaci\u00f3n hotelera y gastron\u00f3mica, facilitando as\u00ed los servicios tur\u00edsticos de los que el viajero puede disfrutar: hoteles,  restaurantes clasificados seg\u00fan un criterio de calidad as\u00ed como otros datos de inter\u00e9s. Incluye un plano para visitar Londres de d\u00eda o de noche.<\/p>\n","protected":false},"excerpt":{"rendered":"<p>ANAYA TOURING \/ TOURING EDITORE<\/p>\n","protected":false},"featured_media":1017026,"template":"","meta":{"_acf_changed":false,"om_disable_all_campaigns":false,"rs_blank_template":"","rs_page_bg_color":"","slide_template_v7":"","inline_featured_image":false,"_monsterinsights_skip_tracking":false,"_monsterinsights_sitenote_active":false,"_monsterinsights_sitenote_note":"","_monsterinsights_sitenote_category":0},"product_brand":[],"product_cat":[557,107],"product_tag":[],"class_list":{"0":"post-964000","1":"product","2":"type-product","3":"status-publish","4":"has-post-thumbnail","6":"product_cat-guias-de-viaje","7":"product_cat-guies-de-viatge","9":"first","10":"instock","11":"taxable","12":"shipping-taxable","13":"purchasable","14":"product-type-simple"},"acf":{"autor":"ANAYA TOURING \/ TOURING EDITORE","codart":"849158697","libros-coleccion":"FORA DE COL.LECCI\u00d3","ediciones":"1","encuadernacion":"R\u00fastica","fecha_de_publicacion":"01\/05\/2024","novedad":"1","paginas":"270","subtitulo":"","orden":"0","portada":"0","idioma":"spa","editorial":[{"ID":147435,"post_author":"3","post_date":"2022-10-14 11:50:33","post_date_gmt":"2022-10-14 09:50:33","post_content":"","post_title":"Anaya Touring","post_excerpt":"","post_status":"publish","comment_status":"closed","ping_status":"closed","post_password":"","post_name":"anaya-touring","to_ping":"","pinged":"","post_modified":"2022-10-14 11:50:33","post_modified_gmt":"2022-10-14 09:50:33","post_content_filtered":"","post_parent":0,"guid":"http:\/\/dev.claret.cat\/editorial\/anaya-touring\/","menu_order":0,"post_type":"editorial","post_mime_type":"","comment_count":"0","filter":"raw"}],"booktrailer":"","resenas":""},"aioseo_notices":[],"_links":{"self":[{"href":"https:\/\/www.claret.cat\/es\/wp-json\/wp\/v2\/product\/964000","targetHints":{"allow":["GET"]}}],"collection":[{"href":"https:\/\/www.claret.cat\/es\/wp-json\/wp\/v2\/product"}],"about":[{"href":"https:\/\/www.claret.cat\/es\/wp-json\/wp\/v2\/types\/product"}],"wp:featuredmedia":[{"embeddable":true,"href":"https:\/\/www.claret.cat\/es\/wp-json\/wp\/v2\/media\/1017026"}],"wp:attachment":[{"href":"https:\/\/www.claret.cat\/es\/wp-json\/wp\/v2\/media?parent=964000"}],"wp:term":[{"taxonomy":"product_brand","embeddable":true,"href":"https:\/\/www.claret.cat\/es\/wp-json\/wp\/v2\/product_brand?post=964000"},{"taxonomy":"product_cat","embeddable":true,"href":"https:\/\/www.claret.cat\/es\/wp-json\/wp\/v2\/product_cat?post=964000"},{"taxonomy":"product_tag","embeddable":true,"href":"https:\/\/www.claret.cat\/es\/wp-json\/wp\/v2\/product_tag?post=964000"}],"curies":[{"name":"wp","href":"https:\/\/api.w.org\/{rel}","templated":true}]}}