{"id":964079,"date":"2024-05-08T13:55:20","date_gmt":"2024-05-08T11:55:20","guid":{"rendered":"https:\/\/www.claret.cat\/llibre\/el-libro-de-las-ilusiones-9788432200380\/"},"modified":"2024-08-26T10:51:15","modified_gmt":"2024-08-26T08:51:15","slug":"el-libro-de-las-ilusiones-9788432200380","status":"publish","type":"product","link":"https:\/\/www.claret.cat\/es\/libro\/el-libro-de-las-ilusiones-9788432200380\/","title":{"rendered":"EL LIBRO DE LAS ILUSIONES"},"content":{"rendered":"<p>Meses despu\u00e9s del accidente en el que murieron su mujer y su hijo, David Zimmer, escritor y profesor en Vermont, escribe un libro sobre la \u00fanica persona que ha conseguido devolverle la sonrisa, el actor de cine mudo Hector Mann, desaparecido d\u00e9cadas atr\u00e1s.En la d\u00e9cima novela de Paul Auster, la narraci\u00f3n de la vida de Hector Mann contada por Zimmer se mezcla con lo que le sucede al profesor y con la filmograf\u00eda del actor, configurando potentes historias entrecruzadas que difuminan los l\u00edmites entre la ficci\u00f3n y la realidad.<\/p>\n","protected":false},"excerpt":{"rendered":"<p>AUSTER, PAUL<\/p>\n","protected":false},"featured_media":967509,"template":"","meta":{"_acf_changed":false,"om_disable_all_campaigns":false,"rs_blank_template":"","rs_page_bg_color":"","slide_template_v7":"","inline_featured_image":false,"_monsterinsights_skip_tracking":false,"_monsterinsights_sitenote_active":false,"_monsterinsights_sitenote_note":"","_monsterinsights_sitenote_category":0},"product_brand":[],"product_cat":[127,357],"product_tag":[],"class_list":{"0":"post-964079","1":"product","2":"type-product","3":"status-publish","4":"has-post-thumbnail","6":"product_cat-novella-contemporania","7":"product_cat-novela-contemporanea","9":"first","10":"instock","11":"taxable","12":"shipping-taxable","13":"purchasable","14":"product-type-simple"},"acf":{"autor":"AUSTER, PAUL","codart":"843220038","libros-coleccion":"","ediciones":"0","encuadernacion":"R\u00fastica","fecha_de_publicacion":"21\/02\/2012","novedad":"0","paginas":"368","subtitulo":"","orden":"999","portada":"0","idioma":"spa","editorial":[{"ID":6149,"post_author":"3","post_date":"2022-07-28 17:45:56","post_date_gmt":"2022-07-28 15:45:56","post_content":"","post_title":"BOOKET","post_excerpt":"","post_status":"publish","comment_status":"closed","ping_status":"closed","post_password":"","post_name":"booket","to_ping":"","pinged":"","post_modified":"2022-07-28 17:45:56","post_modified_gmt":"2022-07-28 15:45:56","post_content_filtered":"","post_parent":0,"guid":"http:\/\/dev.claret.cat\/editorial\/booket\/","menu_order":0,"post_type":"editorial","post_mime_type":"","comment_count":"0","filter":"raw"}],"autores-libros":[{"ID":166714,"post_author":"3","post_date":"2022-10-14 18:05:27","post_date_gmt":"2022-10-14 16:05:27","post_content":"","post_title":"PAUL AUSTER","post_excerpt":"","post_status":"publish","comment_status":"closed","ping_status":"closed","post_password":"","post_name":"paul-auster","to_ping":"","pinged":"","post_modified":"2022-10-14 18:05:27","post_modified_gmt":"2022-10-14 16:05:27","post_content_filtered":"","post_parent":0,"guid":"http:\/\/dev.claret.cat\/autor\/paul-auster\/","menu_order":0,"post_type":"autor","post_mime_type":"","comment_count":"0","filter":"raw"}]},"aioseo_notices":[],"_links":{"self":[{"href":"https:\/\/www.claret.cat\/es\/wp-json\/wp\/v2\/product\/964079","targetHints":{"allow":["GET"]}}],"collection":[{"href":"https:\/\/www.claret.cat\/es\/wp-json\/wp\/v2\/product"}],"about":[{"href":"https:\/\/www.claret.cat\/es\/wp-json\/wp\/v2\/types\/product"}],"wp:featuredmedia":[{"embeddable":true,"href":"https:\/\/www.claret.cat\/es\/wp-json\/wp\/v2\/media\/967509"}],"wp:attachment":[{"href":"https:\/\/www.claret.cat\/es\/wp-json\/wp\/v2\/media?parent=964079"}],"wp:term":[{"taxonomy":"product_brand","embeddable":true,"href":"https:\/\/www.claret.cat\/es\/wp-json\/wp\/v2\/product_brand?post=964079"},{"taxonomy":"product_cat","embeddable":true,"href":"https:\/\/www.claret.cat\/es\/wp-json\/wp\/v2\/product_cat?post=964079"},{"taxonomy":"product_tag","embeddable":true,"href":"https:\/\/www.claret.cat\/es\/wp-json\/wp\/v2\/product_tag?post=964079"}],"curies":[{"name":"wp","href":"https:\/\/api.w.org\/{rel}","templated":true}]}}