{"id":964106,"date":"2024-05-08T17:10:17","date_gmt":"2024-05-08T15:10:17","guid":{"rendered":"https:\/\/www.claret.cat\/llibre\/500-aperitivos-2024-9788410048737\/"},"modified":"2025-03-27T18:55:41","modified_gmt":"2025-03-27T17:55:41","slug":"500-aperitivos-2024-9788410048737","status":"publish","type":"product","link":"https:\/\/www.claret.cat\/es\/libro\/500-aperitivos-2024-9788410048737\/","title":{"rendered":"500 APERITIVOS (2024)"},"content":{"rendered":"<p>* Un compendio de aperitivos que ofrece recetas sencillas y f\u00e1ciles de preparar.<br \/> * Aperitivos para cada ocasi\u00f3n: elegantes canap\u00e9s para servir en un c\u00f3ctel, divertidas porciones de pizza para fiestas infantiles, entrantes sofisticados para antes de la cena o bocados saludables bajos en calor\u00edas para las veladas nocturnas.<br \/> * Una enorme variedad de ideas para preparar aperitivos: crudit\u00e9s, crostini, brochetas picantes, bocados dulces&#8230;<\/p>\n<p> Incluye numerosos consejos para seleccionar los mejores ingredientes y mostrarlos de la forma m\u00e1s exquisita e incluso trucos para arreglar las cosas cuando \u00e9stas se tuercen en el \u00faltimo momento. Con sus magn\u00edficas fotograf\u00edas y sus sencillas instrucciones, es la gu\u00eda ideal para crear aperitivos perfectos para cada ocasi\u00f3n.<\/p>\n<p> Una colecci\u00f3n amena de car\u00e1cter tem\u00e1tico con 500 recetas en cada volumen. \u00c9stas son exquisitas, muy claras y f\u00e1ciles de seguir. Con informaci\u00f3n detallada sobre aspectos fundamentales: t\u00e9cnicas, equipo, ingredientes e ideas de presentaci\u00f3n.<\/p>\n","protected":false},"excerpt":{"rendered":"<p>BLAKE, SUSANNAH<\/p>\n","protected":false},"featured_media":964107,"template":"","meta":{"_acf_changed":false,"om_disable_all_campaigns":false,"rs_blank_template":"","rs_page_bg_color":"","slide_template_v7":"","inline_featured_image":false,"_monsterinsights_skip_tracking":false,"_monsterinsights_sitenote_active":false,"_monsterinsights_sitenote_note":"","_monsterinsights_sitenote_category":0},"product_brand":[],"product_cat":[90,540],"product_tag":[],"class_list":{"0":"post-964106","1":"product","2":"type-product","3":"status-publish","4":"has-post-thumbnail","6":"product_cat-altres","7":"product_cat-otros","9":"first","10":"instock","11":"taxable","12":"shipping-taxable","13":"purchasable","14":"product-type-simple"},"acf":{"autor":"BLAKE, SUSANNAH","codart":"841004873","libros-coleccion":"500 recetas","ediciones":"1","encuadernacion":"R\u00fastica","fecha_de_publicacion":"01\/04\/2024","novedad":"1","paginas":"288","subtitulo":"","orden":"0","portada":"0","idioma":"spa","editorial":[{"ID":147554,"post_author":"3","post_date":"2022-10-14 11:51:27","post_date_gmt":"2022-10-14 09:51:27","post_content":"","post_title":"BLUME (Naturart)","post_excerpt":"","post_status":"publish","comment_status":"closed","ping_status":"closed","post_password":"","post_name":"blume-naturart","to_ping":"","pinged":"","post_modified":"2022-10-14 11:51:27","post_modified_gmt":"2022-10-14 09:51:27","post_content_filtered":"","post_parent":0,"guid":"http:\/\/dev.claret.cat\/editorial\/blume-naturart\/","menu_order":0,"post_type":"editorial","post_mime_type":"","comment_count":"0","filter":"raw"}]},"aioseo_notices":[],"_links":{"self":[{"href":"https:\/\/www.claret.cat\/es\/wp-json\/wp\/v2\/product\/964106","targetHints":{"allow":["GET"]}}],"collection":[{"href":"https:\/\/www.claret.cat\/es\/wp-json\/wp\/v2\/product"}],"about":[{"href":"https:\/\/www.claret.cat\/es\/wp-json\/wp\/v2\/types\/product"}],"wp:featuredmedia":[{"embeddable":true,"href":"https:\/\/www.claret.cat\/es\/wp-json\/wp\/v2\/media\/964107"}],"wp:attachment":[{"href":"https:\/\/www.claret.cat\/es\/wp-json\/wp\/v2\/media?parent=964106"}],"wp:term":[{"taxonomy":"product_brand","embeddable":true,"href":"https:\/\/www.claret.cat\/es\/wp-json\/wp\/v2\/product_brand?post=964106"},{"taxonomy":"product_cat","embeddable":true,"href":"https:\/\/www.claret.cat\/es\/wp-json\/wp\/v2\/product_cat?post=964106"},{"taxonomy":"product_tag","embeddable":true,"href":"https:\/\/www.claret.cat\/es\/wp-json\/wp\/v2\/product_tag?post=964106"}],"curies":[{"name":"wp","href":"https:\/\/api.w.org\/{rel}","templated":true}]}}