{"id":964255,"date":"2024-05-09T14:30:57","date_gmt":"2024-05-09T12:30:57","guid":{"rendered":"https:\/\/www.claret.cat\/llibre\/el-oxigeno-de-la-vida-cristiana-9788497155823\/"},"modified":"2025-09-03T11:01:28","modified_gmt":"2025-09-03T09:01:28","slug":"el-oxigeno-de-la-vida-cristiana-9788497155823","status":"publish","type":"product","link":"https:\/\/www.claret.cat\/es\/libro\/el-oxigeno-de-la-vida-cristiana-9788497155823\/","title":{"rendered":"EL OX\u00cdGENO DE LA VIDA CRISTIANA"},"content":{"rendered":"<p class='ql-align-justify'>Estas catequesis de Francisco sobre el celo apost\u00f3lico son un sencillo tratado sobre qu\u00e9 significa seguir a Jes\u00fas hoy.<\/p>\n<p class='ql-align-justify'>La evangelizaci\u00f3n es constitutiva del cristiano; el anuncio es \u00abel ox\u00edgeno de la vida cristiana\u00bb, sin el cual la fe enferma y se marchita. A partir del encuentro personal con Jes\u00fas, los cristianos est\u00e1n llamados a vivir la normalidad de la vida como una aventura alegre, liberadora y llena de sorpresas.<\/p>\n<p class='ql-align-justify'>A trav\u00e9s de unos cuantos testigos representativos de la riqueza de la Iglesia, de distintas \u00e9pocas y de los cinco continentes, el Papa va componiendo un cuadro con los principales elementos de la evangelizaci\u00f3n.<\/p>\n<p><\/p>\n","protected":false},"excerpt":{"rendered":"<p>PAPA FRANCISCO<\/p>\n","protected":false},"featured_media":964286,"template":"","meta":{"_acf_changed":false,"om_disable_all_campaigns":false,"rs_blank_template":"","rs_page_bg_color":"","slide_template_v7":"","inline_featured_image":false,"_monsterinsights_skip_tracking":false,"_monsterinsights_sitenote_active":false,"_monsterinsights_sitenote_note":"","_monsterinsights_sitenote_category":0},"product_brand":[],"product_cat":[92,542],"product_tag":[],"class_list":{"0":"post-964255","1":"product","2":"type-product","3":"status-publish","4":"has-post-thumbnail","6":"product_cat-vida-religiosa","7":"product_cat-vida-religiosa-1_espiritualidad-spa","9":"first","10":"instock","11":"taxable","12":"shipping-taxable","13":"purchasable","14":"product-type-simple"},"acf":{"autor":"PAPA FRANCISCO","codart":"849715582","libros-coleccion":"Ra\u00edces de la fe","ediciones":"1","encuadernacion":"Tela","fecha_de_publicacion":"09\/05\/2024","novedad":"1","paginas":"162","subtitulo":"CATEQUESIS SOBRE EL ANUNCIO","orden":"999","portada":"1","idioma":"spa","editorial":[{"ID":6157,"post_author":"3","post_date":"2022-07-28 17:46:07","post_date_gmt":"2022-07-28 15:46:07","post_content":"","post_title":"Ciudad Nueva","post_excerpt":"","post_status":"publish","comment_status":"closed","ping_status":"closed","post_password":"","post_name":"ciudad-nueva","to_ping":"","pinged":"","post_modified":"2022-07-28 17:46:07","post_modified_gmt":"2022-07-28 15:46:07","post_content_filtered":"","post_parent":0,"guid":"http:\/\/dev.claret.cat\/editorial\/ciudad-nueva\/","menu_order":0,"post_type":"editorial","post_mime_type":"","comment_count":"0","filter":"raw"}],"booktrailer":"","resenas":""},"aioseo_notices":[],"_links":{"self":[{"href":"https:\/\/www.claret.cat\/es\/wp-json\/wp\/v2\/product\/964255","targetHints":{"allow":["GET"]}}],"collection":[{"href":"https:\/\/www.claret.cat\/es\/wp-json\/wp\/v2\/product"}],"about":[{"href":"https:\/\/www.claret.cat\/es\/wp-json\/wp\/v2\/types\/product"}],"wp:featuredmedia":[{"embeddable":true,"href":"https:\/\/www.claret.cat\/es\/wp-json\/wp\/v2\/media\/964286"}],"wp:attachment":[{"href":"https:\/\/www.claret.cat\/es\/wp-json\/wp\/v2\/media?parent=964255"}],"wp:term":[{"taxonomy":"product_brand","embeddable":true,"href":"https:\/\/www.claret.cat\/es\/wp-json\/wp\/v2\/product_brand?post=964255"},{"taxonomy":"product_cat","embeddable":true,"href":"https:\/\/www.claret.cat\/es\/wp-json\/wp\/v2\/product_cat?post=964255"},{"taxonomy":"product_tag","embeddable":true,"href":"https:\/\/www.claret.cat\/es\/wp-json\/wp\/v2\/product_tag?post=964255"}],"curies":[{"name":"wp","href":"https:\/\/api.w.org\/{rel}","templated":true}]}}