{"id":964545,"date":"2024-05-13T11:45:49","date_gmt":"2024-05-13T09:45:49","guid":{"rendered":"https:\/\/www.claret.cat\/llibre\/bendita-tu-eres-entre-las-mujeres-9788419240163\/"},"modified":"2024-05-22T10:30:08","modified_gmt":"2024-05-22T08:30:08","slug":"bendita-tu-eres-entre-las-mujeres-9788419240163","status":"publish","type":"product","link":"https:\/\/www.claret.cat\/es\/libro\/bendita-tu-eres-entre-las-mujeres-9788419240163\/","title":{"rendered":"BENDITA T\u00da ERES ENTRE LAS MUJERES"},"content":{"rendered":"<p>Romana presenta con LibReRia editRice Vaticana (L.e.V.) el nuevo t\u00edtulo con las oraciones del Papa a la Virgen Mar\u00eda durante su Pontificado, en el A\u00f1o dedicado a la Oraci\u00f3n. En las 224 p\u00e1ginas de este volumen se contienen las m\u00e1s bellas oraciones del Papa Francisco a la Virgen, ordenadas cronol\u00f3gicamente desde el inicio de su Pontificado hasta hoy. Las oraciones se acompa\u00f1an de im\u00e1genes del Papa de distintos momentos de oraci\u00f3n que ilustran y enriquecen este libro.As\u00ed, junto a la oraciones que forman parte de las devociones que han acompa\u00f1ado a Francisco en su vida, desde el inicio de su ministerio sacerdotal en Buenos Aires, hasta nuestros d\u00edas como Pont\u00edfice, se encuentran las hermosas oraciones que el Papa ha pronunciado ante las im\u00e1genes de la Virgen Mar\u00eda durante su Pontificado. Francisco ha dedicado su devota oraci\u00f3n a la Madre de Dios, bajo las distintas advocaciones a la Virgen Mar\u00eda, con especial devoci\u00f3n en cada ocasi\u00f3n, desde la oraci\u00f3n dominical del \u00c1ngelus, como durante las celebraciones lit\u00fargicas, viajes apost\u00f3licos, vigilias de oraci\u00f3n y festividades dedicadas a la Virgen, as\u00ed como en los Documentos de Magisterio como Enc\u00edclicas, Exhortaciones Apost\u00f3licas y Cartas y Mensajes Pontificios. Es notoria la devoci\u00f3n de Francisco por la Virgen Mar\u00eda en sus diversas advocaciones. En su primera Exhortaci\u00f3n Apost\u00f3lica Evangelii gaudium Francisco la concluye con una oraci\u00f3n a la Virgen. La oraci\u00f3n del Rosario est\u00e1 siempre presente en el coraz\u00f3n del Papa. La oraci\u00f3n a la Virgen Desatanudos, advocaci\u00f3n especialmente querida por el Papa, ha sido universalmente difundida por Francisco, que ha animado a los fieles a rezarla. En palabras de Francisco: \u201c&#8217;Santa Mar\u00eda, Madre de la Misericordia, protege a tu Iglesia, guarda al pueblo que camina en la fe, gu\u00edalo por los caminos de la esperanza y la paz.&#8217; Una nueva obra con las oraciones del Papa Francisco a la Virgen Mar\u00eda, recitadas durante los diez primeros a\u00f1os de su Pontificado, en el A\u00f1o dedicado a la Oraci\u00f3n, como preparaci\u00f3n del Jubileo del 2025.<\/p>\n","protected":false},"excerpt":{"rendered":"<p>PAPA FRANCISCO<\/p>\n","protected":false},"featured_media":964546,"template":"","meta":{"_acf_changed":false,"om_disable_all_campaigns":false,"rs_blank_template":"","rs_page_bg_color":"","slide_template_v7":"","inline_featured_image":false,"_monsterinsights_skip_tracking":false,"_monsterinsights_sitenote_active":false,"_monsterinsights_sitenote_note":"","_monsterinsights_sitenote_category":0},"product_brand":[],"product_cat":[542,92],"product_tag":[],"class_list":{"0":"post-964545","1":"product","2":"type-product","3":"status-publish","4":"has-post-thumbnail","6":"product_cat-vida-religiosa-1_espiritualidad-spa","7":"product_cat-vida-religiosa","9":"first","10":"instock","11":"taxable","12":"shipping-taxable","13":"purchasable","14":"product-type-simple"},"acf":{"autor":"PAPA FRANCISCO","codart":"841924016","libros-coleccion":"","ediciones":"1","encuadernacion":"Carton\u00e9","fecha_de_publicacion":"01\/04\/2024","novedad":"1","paginas":"224","subtitulo":"ORACIONES DEL PAPA A LA VIRGEN MAR\u00cdA","orden":"0","portada":"0","idioma":"spa","editorial":[{"ID":148758,"post_author":"3","post_date":"2022-10-14 12:00:45","post_date_gmt":"2022-10-14 10:00:45","post_content":"","post_title":"ROMANA","post_excerpt":"","post_status":"publish","comment_status":"closed","ping_status":"closed","post_password":"","post_name":"romana","to_ping":"","pinged":"","post_modified":"2022-10-14 12:00:45","post_modified_gmt":"2022-10-14 10:00:45","post_content_filtered":"","post_parent":0,"guid":"http:\/\/dev.claret.cat\/editorial\/romana\/","menu_order":0,"post_type":"editorial","post_mime_type":"","comment_count":"0","filter":"raw"}]},"aioseo_notices":[],"_links":{"self":[{"href":"https:\/\/www.claret.cat\/es\/wp-json\/wp\/v2\/product\/964545","targetHints":{"allow":["GET"]}}],"collection":[{"href":"https:\/\/www.claret.cat\/es\/wp-json\/wp\/v2\/product"}],"about":[{"href":"https:\/\/www.claret.cat\/es\/wp-json\/wp\/v2\/types\/product"}],"wp:featuredmedia":[{"embeddable":true,"href":"https:\/\/www.claret.cat\/es\/wp-json\/wp\/v2\/media\/964546"}],"wp:attachment":[{"href":"https:\/\/www.claret.cat\/es\/wp-json\/wp\/v2\/media?parent=964545"}],"wp:term":[{"taxonomy":"product_brand","embeddable":true,"href":"https:\/\/www.claret.cat\/es\/wp-json\/wp\/v2\/product_brand?post=964545"},{"taxonomy":"product_cat","embeddable":true,"href":"https:\/\/www.claret.cat\/es\/wp-json\/wp\/v2\/product_cat?post=964545"},{"taxonomy":"product_tag","embeddable":true,"href":"https:\/\/www.claret.cat\/es\/wp-json\/wp\/v2\/product_tag?post=964545"}],"curies":[{"name":"wp","href":"https:\/\/api.w.org\/{rel}","templated":true}]}}