{"id":964555,"date":"2024-05-13T12:20:13","date_gmt":"2024-05-13T10:20:13","guid":{"rendered":"https:\/\/www.claret.cat\/llibre\/una-historia-de-las-mujeres-9788491365396\/"},"modified":"2024-12-04T23:16:50","modified_gmt":"2024-12-04T22:16:50","slug":"una-historia-de-las-mujeres-9788491365396","status":"publish","type":"product","link":"https:\/\/www.claret.cat\/es\/libro\/una-historia-de-las-mujeres-9788491365396\/","title":{"rendered":"UNA HISTORIA DE LAS MUJERES"},"content":{"rendered":"<p><em>Una historia de las mujeres<\/em>, de <strong>M\u00aa \u00c1ngeles Garc\u00eda Carpintero<\/strong>, ofrece un fascinante recorrido por el papel fundamental de las mujeres a lo largo de la historia. Entre los <strong>siglos X y XI<\/strong>, las mujeres ten\u00edan una presencia activa y reconocida en documentos legales, pero a partir del <strong>siglo XII<\/strong>, su papel fue reducido, siendo mencionadas solo en funci\u00f3n de sus relaciones familiares o a trav\u00e9s de apelativos y diminutivos. Muchas quedaron relegadas al \u00e1mbito dom\u00e9stico o al encierro en <strong>monasterios femeninos<\/strong>, cuyo n\u00famero fue disminuyendo con el tiempo.<\/p>\n<p>A pesar de estas limitaciones, las mujeres continuaron creando <strong>espacios de acci\u00f3n<\/strong> y de relaci\u00f3n, mostrando una resistencia constante frente a las restricciones impuestas por la sociedad. Este libro visibiliza sus luchas, aportaciones y logros en campos como la <strong>cultura<\/strong>, la <strong>ciencia<\/strong> y la <strong>pol\u00edtica<\/strong>, y ofrece una nueva perspectiva sobre su papel en la construcci\u00f3n del mundo actual.<\/p>\n","protected":false},"excerpt":{"rendered":"<p>GARC\u00cdA-CARPINTERO S\u00c1NCHEZ-MIGUEL, M\u00aa \u00c1NGELES<\/p>\n","protected":false},"featured_media":995023,"template":"","meta":{"_acf_changed":false,"om_disable_all_campaigns":false,"rs_blank_template":"","rs_page_bg_color":"","slide_template_v7":"","inline_featured_image":false,"_monsterinsights_skip_tracking":false,"_monsterinsights_sitenote_active":false,"_monsterinsights_sitenote_note":"","_monsterinsights_sitenote_category":0},"product_brand":[],"product_cat":[90,581,308,540],"product_tag":[],"class_list":{"0":"post-964555","1":"product","2":"type-product","3":"status-publish","4":"has-post-thumbnail","6":"product_cat-altres","7":"product_cat-editorial-claret","8":"product_cat-castella","9":"product_cat-otros","11":"first","12":"instock","13":"taxable","14":"shipping-taxable","15":"purchasable","16":"product-type-simple"},"acf":{"autor":"GARC\u00cdA-CARPINTERO S\u00c1NCHEZ-MIGUEL, M\u00aa \u00c1NGELES","codart":"849136539","libros-coleccion":"","ediciones":"1","encuadernacion":"R\u00fastica","fecha_de_publicacion":"18\/06\/2024","novedad":"1","paginas":"294","subtitulo":"DESDE LA PROVENZANA MEDIEVAL Y SANT PERE DE LES PUEL\u00b7LES DE BARCELONA ","orden":"9","portada":"1","idioma":"spa","editorial":[{"ID":6158,"post_author":"3","post_date":"2022-07-28 17:46:08","post_date_gmt":"2022-07-28 15:46:08","post_content":"","post_title":"CLARET","post_excerpt":"","post_status":"publish","comment_status":"closed","ping_status":"closed","post_password":"","post_name":"claret","to_ping":"","pinged":"","post_modified":"2022-07-28 17:46:08","post_modified_gmt":"2022-07-28 15:46:08","post_content_filtered":"","post_parent":0,"guid":"http:\/\/dev.claret.cat\/editorial\/claret\/","menu_order":0,"post_type":"editorial","post_mime_type":"","comment_count":"0","filter":"raw"}],"autores-libros":[{"ID":5762,"post_author":"3","post_date":"2022-07-28 17:30:56","post_date_gmt":"2022-07-28 15:30:56","post_content":"<div class=\"traductor-textarea form-group\">\r\n<div class=\"textarea-desti col-xs-12 col-sm-6\">\r\n<div class=\"form-control second-textarea\">M\u00aa\u00c1ngeles Garc\u00eda-Carpintero S\u00e1nchez-Miguel va n\u00e9ixer a Daimiel (Ciudad Real) en 1959. En 1965 va arribar a Bellvitge, on ha viscut fins ara. Encara que sempre ha escrit, va comen\u00e7ar a publicar en 2015, arran dels 50 anys de la localitat. \u00c0vida de con\u00e8ixer i entendre des de petita, investiga des de fa uns anys la nostra hist\u00f2ria pr\u00f2xima, especialment els aspectes relacionats amb la hist\u00f2ria silenciada de les dones.<\/div>\r\n<\/div>\r\n<\/div>\r\n<div class=\"traductor-checkbox form-group\">\r\n<div class=\"row\">\r\n<div class=\"col-sm-offset-2 col-sm-5\"><\/div>\r\n<\/div>\r\n<\/div>","post_title":"M\u00aa \u00c1NGELES GARC\u00cdA-CARPINTERO S\u00c1NCHEZ-MIGUEL","post_excerpt":"","post_status":"publish","comment_status":"closed","ping_status":"closed","post_password":"","post_name":"ma-angeles-garcia-carpintero-sanchez-miguel","to_ping":"","pinged":"","post_modified":"2024-06-26 11:52:02","post_modified_gmt":"2024-06-26 09:52:02","post_content_filtered":"","post_parent":0,"guid":"http:\/\/dev.claret.cat\/autor\/ma-angeles-garcia-carpintero-sanchez-miguel\/","menu_order":0,"post_type":"autor","post_mime_type":"","comment_count":"0","filter":"raw"}],"booktrailer":"","linkebook":"","ficha":"849136539_1717065099.pdf","muestra":"","precioebook":"0","presentacion":"<iframe width=\"949\" height=\"433\" src=\"https:\/\/www.youtube.com\/embed\/Icxf6X7sWBk?si=2N9ZzIWUFCMPgiYe\" title=\"YouTube video player\" frameborder=\"0\" allow=\"accelerometer; autoplay; clipboard-write; encrypted-media; gyroscope; picture-in-picture; web-share\" referrerpolicy=\"strict-origin-when-cross-origin\" allowfullscreen><\/iframe>","resenas":"<p>Catalunya Cristiana (castell\u00e0), 07\/07\/2024<\/p>\n<p><a href=\"https:\/\/drive.google.com\/file\/d\/1qtovSmDaaSXMIMzjpcVdpiFBR_bzPBku\/view?usp=sharing\" rel=\"noopener noreferrer\" target=\"_blank\">https:\/\/drive.google.com\/file\/d\/1qtovSmDaaSXMIMzjpcVdpiFBR_bzPBku\/view?usp=sharing<\/a><\/p>\n<p><\/p>\n<p>Catalunya Cristiana (catal\u00e0), 07\/07\/2024<\/p>\n<p><a href=\"https:\/\/drive.google.com\/file\/d\/1aoV9aP3WEeXmx4R_OZurfB4VW07HR3cJ\/view?usp=sharing\" rel=\"noopener noreferrer\" target=\"_blank\">https:\/\/drive.google.com\/file\/d\/1aoV9aP3WEeXmx4R_OZurfB4VW07HR3cJ\/view?usp=sharing<\/a><\/p>\n<p><\/p>\n<p>Catalunya Cristiana (castellano), 14\/07\/2024<\/p>\n<p><a href=\"https:\/\/drive.google.com\/file\/d\/1XUuR5xS2Jb4KPe-gA2lQb2Fc-yWoib-C\/view\" rel=\"noopener noreferrer\" target=\"_blank\">https:\/\/drive.google.com\/file\/d\/1XUuR5xS2Jb4KPe-gA2lQb2Fc-yWoib-C\/view<\/a><\/p>\n<p><\/p>\n<p>Catalunya Cristiana (castellano), 08\/09\/2024<\/p>\n<p><a href=\"https:\/\/drive.google.com\/file\/d\/1fmovNz6Vs57PwqdICRX5_1ANo-JxsjOi\/view?usp=sharing\" rel=\"noopener noreferrer\" target=\"_blank\">https:\/\/drive.google.com\/file\/d\/1fmovNz6Vs57PwqdICRX5_1ANo-JxsjOi\/view?usp=sharing<\/a><\/p>\n<p><\/p>\n<p>Catalunya Cristiana (castellano), 13\/10\/2024<\/p>\n<p><a href=\"https:\/\/drive.google.com\/file\/d\/1W4T0SrkF84QWP6Dbmrp8Veswxt_6X0qc\/view?usp=sharing\" rel=\"noopener noreferrer\" target=\"_blank\" style=\"background-color: rgb(255, 255, 255);\">https:\/\/drive.google.com\/file\/d\/1W4T0SrkF84QWP6Dbmrp8Veswxt_6X0qc\/view?usp=sharing<\/a><\/p>\n<p><\/p>\n<p>Catalunya Cristiana (castell\u00e0), 10\/11\/2024<\/p>\n<p><a href=\"https:\/\/drive.google.com\/file\/d\/1HXt9MGuDhvShBqYGds_PhZDDfsTRNnxj\/view?usp=sharing\" rel=\"noopener noreferrer\" target=\"_blank\">https:\/\/drive.google.com\/file\/d\/1HXt9MGuDhvShBqYGds_PhZDDfsTRNnxj\/view?usp=sharing<\/a><\/p>\n","traductores-libros":"","ilustradores-libros":"","formato":"","ebookportada":false,"recomendamos":"","mas_vendido":""},"aioseo_notices":[],"_links":{"self":[{"href":"https:\/\/www.claret.cat\/es\/wp-json\/wp\/v2\/product\/964555","targetHints":{"allow":["GET"]}}],"collection":[{"href":"https:\/\/www.claret.cat\/es\/wp-json\/wp\/v2\/product"}],"about":[{"href":"https:\/\/www.claret.cat\/es\/wp-json\/wp\/v2\/types\/product"}],"wp:featuredmedia":[{"embeddable":true,"href":"https:\/\/www.claret.cat\/es\/wp-json\/wp\/v2\/media\/995023"}],"wp:attachment":[{"href":"https:\/\/www.claret.cat\/es\/wp-json\/wp\/v2\/media?parent=964555"}],"wp:term":[{"taxonomy":"product_brand","embeddable":true,"href":"https:\/\/www.claret.cat\/es\/wp-json\/wp\/v2\/product_brand?post=964555"},{"taxonomy":"product_cat","embeddable":true,"href":"https:\/\/www.claret.cat\/es\/wp-json\/wp\/v2\/product_cat?post=964555"},{"taxonomy":"product_tag","embeddable":true,"href":"https:\/\/www.claret.cat\/es\/wp-json\/wp\/v2\/product_tag?post=964555"}],"curies":[{"name":"wp","href":"https:\/\/api.w.org\/{rel}","templated":true}]}}