{"id":964800,"date":"2024-05-14T13:00:38","date_gmt":"2024-05-14T11:00:38","guid":{"rendered":"https:\/\/www.claret.cat\/llibre\/mr-brit-quadern-de-vacances-dangles-2n-de-primaria-9788413898261\/"},"modified":"2025-10-20T17:59:45","modified_gmt":"2025-10-20T15:59:45","slug":"mr-brit-quadern-de-vacances-dangles-2n-de-primaria-9788413898261","status":"publish","type":"product","link":"https:\/\/www.claret.cat\/es\/libro\/mr-brit-quadern-de-vacances-dangles-2n-de-primaria-9788413898261\/","title":{"rendered":"MR. BRIT. QUADERN DE VACANCES D&#8221;ANGL\u00c8S. 2N DE PRIM\u00c0RIA"},"content":{"rendered":"<p>\u00a0<br \/> RESOL EL MISTERI MENTRE APRENS ANGL\u00c8S!Ajuda en Mr. Brit en aquesta aventura! Resol els enigmes, troba les pistes i descobreix qui ha robat les ferradures dels cavalls.<br \/> Amb aquest quadern podr\u00e0s repassar els principals continguts que es treballen en angl\u00e8s a 2n de prim\u00e0ria, amb activitats divertides acompanyades d&#8221;il\u00b7lustracions i recursos d&#8221;\u00e0udio accessibles mitjan\u00e7ant codis QR per treballar la comprensi\u00f3 oral i la pronunciaci\u00f3.<br \/> Les activitats augmenten de nivell de forma gradual i inclouen exercicis espec\u00edfics sobre les caracter\u00edstiques fonol\u00f2giques i ortogr\u00e0fiques de l&#8221;angl\u00e8s. A m\u00e9s, contenen pistes visuals per facilitar la comprensi\u00f3 de les instruccions m\u00e9s freq\u00fcents i fomentar l&#8221;autonomia.<br \/> Els temes que es tracten en aquest volum inclouen<\/p>\n<p> Els n\u00fameros<br \/> Les formes geom\u00e8triques<br \/> Les estacions<br \/> La roba<br \/> Les habitacions de la casa<br \/> Les parts de la cara<br \/> Els mitjans de transport<\/p>\n<p> \u00a0<br \/> Cont\u00e9:<\/p>\n<p> Una hist\u00f2ria amb moltes activitats d&#8221;angl\u00e8s.<br \/> Una taula per completar amb les pistes.<br \/> Un d\u00edptic amb adhesius.<\/p>\n","protected":false},"excerpt":{"rendered":"<p>AA. VV.<\/p>\n","protected":false},"featured_media":964801,"template":"","meta":{"_acf_changed":false,"om_disable_all_campaigns":false,"rs_blank_template":"","rs_page_bg_color":"","slide_template_v7":"","inline_featured_image":false,"_monsterinsights_skip_tracking":false,"_monsterinsights_sitenote_active":false,"_monsterinsights_sitenote_note":"","_monsterinsights_sitenote_category":0},"product_brand":[],"product_cat":[90,540],"product_tag":[],"class_list":{"0":"post-964800","1":"product","2":"type-product","3":"status-publish","4":"has-post-thumbnail","6":"product_cat-altres","7":"product_cat-otros","9":"first","10":"instock","11":"taxable","12":"shipping-taxable","13":"purchasable","14":"product-type-simple"},"acf":{"autor":"AA. VV.","codart":"841389826","libros-coleccion":"FORA DE COL.LECCI\u00d3","ediciones":"1","encuadernacion":"R\u00fastica","fecha_de_publicacion":"01\/05\/2024","novedad":"1","paginas":"0","subtitulo":"","orden":"0","portada":"0","idioma":"cat","editorial":[{"ID":6249,"post_author":"3","post_date":"2022-07-28 17:48:09","post_date_gmt":"2022-07-28 15:48:09","post_content":"","post_title":"Estrella Polar","post_excerpt":"","post_status":"publish","comment_status":"closed","ping_status":"closed","post_password":"","post_name":"estrella-polar","to_ping":"","pinged":"","post_modified":"2022-07-28 17:48:09","post_modified_gmt":"2022-07-28 15:48:09","post_content_filtered":"","post_parent":0,"guid":"http:\/\/dev.claret.cat\/editorial\/estrella-polar\/","menu_order":0,"post_type":"editorial","post_mime_type":"","comment_count":"0","filter":"raw"}],"booktrailer":"","resenas":""},"aioseo_notices":[],"_links":{"self":[{"href":"https:\/\/www.claret.cat\/es\/wp-json\/wp\/v2\/product\/964800","targetHints":{"allow":["GET"]}}],"collection":[{"href":"https:\/\/www.claret.cat\/es\/wp-json\/wp\/v2\/product"}],"about":[{"href":"https:\/\/www.claret.cat\/es\/wp-json\/wp\/v2\/types\/product"}],"wp:featuredmedia":[{"embeddable":true,"href":"https:\/\/www.claret.cat\/es\/wp-json\/wp\/v2\/media\/964801"}],"wp:attachment":[{"href":"https:\/\/www.claret.cat\/es\/wp-json\/wp\/v2\/media?parent=964800"}],"wp:term":[{"taxonomy":"product_brand","embeddable":true,"href":"https:\/\/www.claret.cat\/es\/wp-json\/wp\/v2\/product_brand?post=964800"},{"taxonomy":"product_cat","embeddable":true,"href":"https:\/\/www.claret.cat\/es\/wp-json\/wp\/v2\/product_cat?post=964800"},{"taxonomy":"product_tag","embeddable":true,"href":"https:\/\/www.claret.cat\/es\/wp-json\/wp\/v2\/product_tag?post=964800"}],"curies":[{"name":"wp","href":"https:\/\/api.w.org\/{rel}","templated":true}]}}