{"id":964820,"date":"2024-05-14T13:25:02","date_gmt":"2024-05-14T11:25:02","guid":{"rendered":"https:\/\/www.claret.cat\/llibre\/aprender-recordar-y-olvidar-9788434437708\/"},"modified":"2024-05-14T16:11:29","modified_gmt":"2024-05-14T14:11:29","slug":"aprender-recordar-y-olvidar-9788434437708","status":"publish","type":"product","link":"https:\/\/www.claret.cat\/es\/libro\/aprender-recordar-y-olvidar-9788434437708\/","title":{"rendered":"APRENDER, RECORDAR Y OLVIDAR"},"content":{"rendered":"<p>\u00bfQu\u00e9 pasa en el cerebro cuando aprendemos?Adaptarse al modo en que funciona el cerebro en general y al de cada uno en particular es esencial para mejorar la memoria y la propia inteligencia.<br \/> Estamos ante un libro dirigido a todas aquellas personas interesadas en conocer c\u00f3mo el cerebro se las arregla para aprender, almacenar y retener los conocimientos. Para entender c\u00f3mo se refuerzan, debilitan o cambian las memorias, c\u00f3mo recordamos y por qu\u00e9 olvidamos. En definitiva, un estudio de las razones y las claves cient\u00edficas que permiten establecer los mejores procedimientos para ense\u00f1ar y aprender con eficacia.<\/p>\n","protected":false},"excerpt":{"rendered":"<p>MORGADO, IGNACIO<\/p>\n","protected":false},"featured_media":964875,"template":"","meta":{"_acf_changed":false,"om_disable_all_campaigns":false,"rs_blank_template":"","rs_page_bg_color":"","slide_template_v7":"","inline_featured_image":false,"_monsterinsights_skip_tracking":false,"_monsterinsights_sitenote_active":false,"_monsterinsights_sitenote_note":"","_monsterinsights_sitenote_category":0},"product_brand":[],"product_cat":[188,381],"product_tag":[],"class_list":{"0":"post-964820","1":"product","2":"type-product","3":"status-publish","4":"has-post-thumbnail","6":"product_cat-psicopedagogia","7":"product_cat-psicopedagogia-pedagogia-2_humanidades","9":"first","10":"instock","11":"taxable","12":"shipping-taxable","13":"purchasable","14":"product-type-simple"},"acf":{"autor":"MORGADO, IGNACIO","codart":"843443770","libros-coleccion":"Ariel","ediciones":"1","encuadernacion":"R\u00fastica","fecha_de_publicacion":"01\/05\/2024","novedad":"1","paginas":"256","subtitulo":"CLAVES CEREBRALES DE LA MEMORIA Y LA EDUCACI\u00d3N","orden":"0","portada":"0","idioma":"spa","editorial":[{"ID":6220,"post_author":"3","post_date":"2022-07-28 17:47:28","post_date_gmt":"2022-07-28 15:47:28","post_content":"","post_title":"Editorial Ariel","post_excerpt":"","post_status":"publish","comment_status":"closed","ping_status":"closed","post_password":"","post_name":"editorial-ariel","to_ping":"","pinged":"","post_modified":"2022-07-28 17:47:28","post_modified_gmt":"2022-07-28 15:47:28","post_content_filtered":"","post_parent":0,"guid":"http:\/\/dev.claret.cat\/editorial\/editorial-ariel\/","menu_order":0,"post_type":"editorial","post_mime_type":"","comment_count":"0","filter":"raw"}]},"aioseo_notices":[],"_links":{"self":[{"href":"https:\/\/www.claret.cat\/es\/wp-json\/wp\/v2\/product\/964820","targetHints":{"allow":["GET"]}}],"collection":[{"href":"https:\/\/www.claret.cat\/es\/wp-json\/wp\/v2\/product"}],"about":[{"href":"https:\/\/www.claret.cat\/es\/wp-json\/wp\/v2\/types\/product"}],"wp:featuredmedia":[{"embeddable":true,"href":"https:\/\/www.claret.cat\/es\/wp-json\/wp\/v2\/media\/964875"}],"wp:attachment":[{"href":"https:\/\/www.claret.cat\/es\/wp-json\/wp\/v2\/media?parent=964820"}],"wp:term":[{"taxonomy":"product_brand","embeddable":true,"href":"https:\/\/www.claret.cat\/es\/wp-json\/wp\/v2\/product_brand?post=964820"},{"taxonomy":"product_cat","embeddable":true,"href":"https:\/\/www.claret.cat\/es\/wp-json\/wp\/v2\/product_cat?post=964820"},{"taxonomy":"product_tag","embeddable":true,"href":"https:\/\/www.claret.cat\/es\/wp-json\/wp\/v2\/product_tag?post=964820"}],"curies":[{"name":"wp","href":"https:\/\/api.w.org\/{rel}","templated":true}]}}