{"id":964900,"date":"2024-05-15T10:25:35","date_gmt":"2024-05-15T08:25:35","guid":{"rendered":"https:\/\/www.claret.cat\/llibre\/resurreccion-experiencia-de-vida-en-cristo-resucitado-9788422019572\/"},"modified":"2026-02-12T17:21:24","modified_gmt":"2026-02-12T16:21:24","slug":"resurreccion-experiencia-de-vida-en-cristo-resucitado-9788422019572","status":"publish","type":"product","link":"https:\/\/www.claret.cat\/es\/libro\/resurreccion-experiencia-de-vida-en-cristo-resucitado-9788422019572\/","title":{"rendered":"RESURRECCION  EXPERIENCIA DE VIDA EN CRISTO RESUCITADO"},"content":{"rendered":"<p>Con su estilo siempre sugerente y provocativo, Fabrice Hadjadj nos adentra en la profundidad del misterio de la resurrecci\u00f3n. La obra sigue de cerca el hilo de las apariciones del Se\u00f1or y revela c\u00f3mo los textos no hablan de realidades abstractas o esquivas, sino de c\u00f3mo el Se\u00f1or se hace presente, una vez resucitado, en los signos de la vida diaria del creyente. \u00abLas apariciones del Resucitado tienen un car\u00e1cter eminentemente pr\u00e1ctico. No son fantasmagor\u00edas para huir del hic y especular sobre lo lejano; nos reconducen al amor al pr\u00f3jimo, nos ense\u00f1an a ver las cosas de \u201call\u00e1 arriba\u201d, es decir, no cosas distintas de las que ve el com\u00fan de los mortales, sino las mismas cosas a partir del Esp\u00edritu. \u201cTodav\u00eda no se hab\u00eda dado el Esp\u00edritu, porque Jes\u00fas no hab\u00eda sido glorificado\u201d, observa Juan (7,39). Y Jes\u00fas lo explicita en su \u00faltimo discurso antes de la Pasi\u00f3n: \u201cOs conviene que yo me vaya; porque si no me voy, no vendr\u00e1 a vosotros el Par\u00e1clito. En cambio, si me voy, os lo enviar\u00e9\u00bb (Jn 16,7)\u201d\u00bb.<\/p>\n","protected":false},"excerpt":{"rendered":"<p>HADJADJ, FABRICE<\/p>\n","protected":false},"featured_media":1083645,"template":"","meta":{"_acf_changed":false,"om_disable_all_campaigns":false,"rs_blank_template":"","rs_page_bg_color":"","slide_template_v7":"","inline_featured_image":false,"_monsterinsights_skip_tracking":false,"_monsterinsights_sitenote_active":false,"_monsterinsights_sitenote_note":"","_monsterinsights_sitenote_category":0},"product_brand":[],"product_cat":[341,75,91,541,345,79],"product_tag":[],"class_list":{"0":"post-964900","1":"product","2":"type-product","3":"status-publish","4":"has-post-thumbnail","6":"product_cat-biblia-es","7":"product_cat-biblia","8":"product_cat-cristologia","9":"product_cat-cristologia-1_espiritualidad-spa","10":"product_cat-espiritualidad","11":"product_cat-espiritualitat","13":"first","14":"instock","15":"taxable","16":"shipping-taxable","17":"purchasable","18":"product-type-simple"},"acf":{"autor":"HADJADJ, FABRICE","codart":"842201957","libros-coleccion":"BAC Popular","ediciones":"1","encuadernacion":"Carpeta","fecha_de_publicacion":"01\/04\/2017","novedad":"0","paginas":"149","subtitulo":"","orden":"0","portada":"0","idioma":"spa","editorial":[{"ID":261860,"post_author":"3","post_date":"2022-10-24 11:16:47","post_date_gmt":"2022-10-24 09:16:47","post_content":"","post_title":"BIBLIOTECA DE AUTORES CRISTIANOS. B.A.C.","post_excerpt":"","post_status":"publish","comment_status":"closed","ping_status":"closed","post_password":"","post_name":"biblioteca-de-autores-cristianos-b-a-c","to_ping":"","pinged":"","post_modified":"2022-10-24 11:16:47","post_modified_gmt":"2022-10-24 09:16:47","post_content_filtered":"","post_parent":0,"guid":"http:\/\/dev.claret.cat\/editorial\/biblioteca-de-autores-cristianos-b-a-c\/","menu_order":0,"post_type":"editorial","post_mime_type":"","comment_count":"0","filter":"raw"}],"autores-libros":[{"ID":155615,"post_author":"3","post_date":"2022-10-14 15:14:15","post_date_gmt":"2022-10-14 13:14:15","post_content":"","post_title":"FABRICE HADJADJ","post_excerpt":"","post_status":"publish","comment_status":"closed","ping_status":"closed","post_password":"","post_name":"fabrice-hadjadj","to_ping":"","pinged":"","post_modified":"2022-10-14 15:14:15","post_modified_gmt":"2022-10-14 13:14:15","post_content_filtered":"","post_parent":0,"guid":"http:\/\/dev.claret.cat\/autor\/fabrice-hadjadj\/","menu_order":0,"post_type":"autor","post_mime_type":"","comment_count":"0","filter":"raw"}],"booktrailer":"","resenas":""},"aioseo_notices":[],"_links":{"self":[{"href":"https:\/\/www.claret.cat\/es\/wp-json\/wp\/v2\/product\/964900","targetHints":{"allow":["GET"]}}],"collection":[{"href":"https:\/\/www.claret.cat\/es\/wp-json\/wp\/v2\/product"}],"about":[{"href":"https:\/\/www.claret.cat\/es\/wp-json\/wp\/v2\/types\/product"}],"wp:featuredmedia":[{"embeddable":true,"href":"https:\/\/www.claret.cat\/es\/wp-json\/wp\/v2\/media\/1083645"}],"wp:attachment":[{"href":"https:\/\/www.claret.cat\/es\/wp-json\/wp\/v2\/media?parent=964900"}],"wp:term":[{"taxonomy":"product_brand","embeddable":true,"href":"https:\/\/www.claret.cat\/es\/wp-json\/wp\/v2\/product_brand?post=964900"},{"taxonomy":"product_cat","embeddable":true,"href":"https:\/\/www.claret.cat\/es\/wp-json\/wp\/v2\/product_cat?post=964900"},{"taxonomy":"product_tag","embeddable":true,"href":"https:\/\/www.claret.cat\/es\/wp-json\/wp\/v2\/product_tag?post=964900"}],"curies":[{"name":"wp","href":"https:\/\/api.w.org\/{rel}","templated":true}]}}