{"id":964960,"date":"2024-05-15T13:25:03","date_gmt":"2024-05-15T11:25:03","guid":{"rendered":"https:\/\/www.claret.cat\/llibre\/la-travessia-infinita-9788411730709\/"},"modified":"2025-01-31T14:23:18","modified_gmt":"2025-01-31T13:23:18","slug":"la-travessia-infinita-9788411730709","status":"publish","type":"product","link":"https:\/\/www.claret.cat\/es\/libro\/la-travessia-infinita-9788411730709\/","title":{"rendered":"LA TRAVESSIA INFINITA"},"content":{"rendered":"<p>El 14 d\u2019abril del 2015 en Jeremias Mateo i el seu amic Salvi Mart\u00edn van patir un accident terrible escalant el Triangle de Tacul, un cim de 4.248 metres als Alps. En Salvi va morir a l\u2019acte i en Jere, malgrat les greus lesions, va sobreviure. Despr\u00e9s d\u2019un mes en coma en un hospital a Fran\u00e7a i un any a l\u2019Institut de Neurorehabilitaci\u00f3 Guttmann, va haver d\u2019aprendre a conviure amb les seq\u00fceles f\u00edsiques i mentals de l\u2019accident. Aquesta \u00e9s la hist\u00f2ria de com va aprendre a superar les adversitats i, quan tot semblava impossible, continuar mirant endavant i avan\u00e7ant fins al punt d\u2019enfrontar-se a reptes tit\u00e0nics que nom\u00e9s un grapat nedadors al m\u00f3n, amb discapacitat o sense, poden afrontar.<\/p>\n","protected":false},"excerpt":{"rendered":"<p>MARTIN SKILTON, ADAM \/MATEOS, JERE<\/p>\n","protected":false},"featured_media":966623,"template":"","meta":{"_acf_changed":false,"om_disable_all_campaigns":false,"rs_blank_template":"","rs_page_bg_color":"","slide_template_v7":"","inline_featured_image":false,"_monsterinsights_skip_tracking":false,"_monsterinsights_sitenote_active":false,"_monsterinsights_sitenote_note":"","_monsterinsights_sitenote_category":0},"product_brand":[],"product_cat":[179,377],"product_tag":[],"class_list":{"0":"post-964960","1":"product","2":"type-product","3":"status-publish","4":"has-post-thumbnail","6":"product_cat-autoajuda-i-salut-mental","7":"product_cat-autoayuda-y-salud-mental","9":"first","10":"instock","11":"taxable","12":"shipping-taxable","13":"purchasable","14":"product-type-simple"},"acf":{"autor":"MARTIN SKILTON, ADAM \/MATEOS, JERE","codart":"841173070","libros-coleccion":"CATALAN","ediciones":"1","encuadernacion":"R\u00fastica","fecha_de_publicacion":"01\/05\/2024","novedad":"1","paginas":"170","subtitulo":"","orden":"0","portada":"0","idioma":"cat","editorial":[{"ID":147453,"post_author":"3","post_date":"2022-10-14 11:50:42","post_date_gmt":"2022-10-14 09:50:42","post_content":"","post_title":"ARA LLIBRES","post_excerpt":"","post_status":"publish","comment_status":"closed","ping_status":"closed","post_password":"","post_name":"ara-llibres","to_ping":"","pinged":"","post_modified":"2022-10-14 11:50:42","post_modified_gmt":"2022-10-14 09:50:42","post_content_filtered":"","post_parent":0,"guid":"http:\/\/dev.claret.cat\/editorial\/ara-llibres\/","menu_order":0,"post_type":"editorial","post_mime_type":"","comment_count":"0","filter":"raw"}]},"aioseo_notices":[],"_links":{"self":[{"href":"https:\/\/www.claret.cat\/es\/wp-json\/wp\/v2\/product\/964960","targetHints":{"allow":["GET"]}}],"collection":[{"href":"https:\/\/www.claret.cat\/es\/wp-json\/wp\/v2\/product"}],"about":[{"href":"https:\/\/www.claret.cat\/es\/wp-json\/wp\/v2\/types\/product"}],"wp:featuredmedia":[{"embeddable":true,"href":"https:\/\/www.claret.cat\/es\/wp-json\/wp\/v2\/media\/966623"}],"wp:attachment":[{"href":"https:\/\/www.claret.cat\/es\/wp-json\/wp\/v2\/media?parent=964960"}],"wp:term":[{"taxonomy":"product_brand","embeddable":true,"href":"https:\/\/www.claret.cat\/es\/wp-json\/wp\/v2\/product_brand?post=964960"},{"taxonomy":"product_cat","embeddable":true,"href":"https:\/\/www.claret.cat\/es\/wp-json\/wp\/v2\/product_cat?post=964960"},{"taxonomy":"product_tag","embeddable":true,"href":"https:\/\/www.claret.cat\/es\/wp-json\/wp\/v2\/product_tag?post=964960"}],"curies":[{"name":"wp","href":"https:\/\/api.w.org\/{rel}","templated":true}]}}