{"id":96498,"date":"2022-10-12T06:58:57","date_gmt":"2022-10-12T04:58:57","guid":{"rendered":"http:\/\/dev.claret.cat\/producte\/orar-con-sencillez-de-corazon\/"},"modified":"2024-05-02T05:50:25","modified_gmt":"2024-05-02T03:50:25","slug":"orar-con-sencillez-de-corazon-9788428835732","status":"publish","type":"product","link":"https:\/\/www.claret.cat\/es\/libro\/orar-con-sencillez-de-corazon-9788428835732\/","title":{"rendered":"ORAR CON SENCILLEZ DE CORAZ\u00d3N"},"content":{"rendered":"<p>Este libro sobre las Bienaventuranzas est\u00e1 escrito en Lectura f\u00e1cil por Isabel Cano con la colaboraci\u00f3n del grupo de catequesis de adultos con discapacidad intelectual de la parroquia de Santa Mar\u00eda, Madre de Dios, de Tres Cantos (Madrid), ilustrado por Ana Cervera y locutado por Aptent.Las personas que han escrito este libro est\u00e1n en un grupo de catequesis de adultos. Son cristianos comprometidos con Dios que forman un grupo variado de personas con diferentes capacidades intelectuales. Con este nuevo libro quieren ense\u00f1arnos qu\u00e9 son las bienaventuranzas para ellos.Est\u00e1 escrito en Lectura F\u00e1cil, m\u00e9todo para hacer m\u00e1s accesible la lectura al emplear un lenguaje claro y sencillo. Los textos de la Biblia est\u00e1n adaptados para hacerlos m\u00e1s f\u00e1ciles de entender. Las palabras dif\u00edciles aparecen en el texto con otro color y luego est\u00e1 su explicaci\u00f3n.Todos los cap\u00edtulos de este libro est\u00e1n organizados de la misma manera. Cada bienaventuranza tiene un dibujo y despu\u00e9s va una explicaci\u00f3n. Le sigue un apartado con los comentarios de algunas personas del grupo de catequesis. A cada comentario le sigue un trozo de la Biblia. Cada bienaventuranza termina con un salmo. El libro tambi\u00e9n contiene QR con los que se accede a las grabaciones del texto completo del libro, de modo que sea accesible a personas con discapacidades visuales.<\/p>\n","protected":false},"excerpt":{"rendered":"<p>CANO ESPINOSA, ISABEL; CERVERA, ANA<\/p>\n","protected":false},"featured_media":338067,"template":"","meta":{"_acf_changed":false,"om_disable_all_campaigns":false,"rs_blank_template":"","rs_page_bg_color":"","slide_template_v7":"","inline_featured_image":false,"_monsterinsights_skip_tracking":false,"_monsterinsights_sitenote_active":false,"_monsterinsights_sitenote_note":"","_monsterinsights_sitenote_category":0},"product_brand":[],"product_cat":[221,480,497,248],"product_tag":[],"class_list":{"0":"post-96498","1":"product","2":"type-product","3":"status-publish","4":"has-post-thumbnail","6":"product_cat-dadults","7":"product_cat-de-adultos","8":"product_cat-meditaciones","9":"product_cat-meditacions","11":"first","12":"instock","13":"taxable","14":"shipping-taxable","15":"purchasable","16":"product-type-simple"},"acf":{"editorial":[{"ID":6335,"post_author":"3","post_date":"2022-07-28 17:49:59","post_date_gmt":"2022-07-28 15:49:59","post_content":"","post_title":"PPC altres","post_excerpt":"","post_status":"publish","comment_status":"closed","ping_status":"closed","post_password":"","post_name":"ppc-altres","to_ping":"","pinged":"","post_modified":"2022-07-28 17:49:59","post_modified_gmt":"2022-07-28 15:49:59","post_content_filtered":"","post_parent":0,"guid":"http:\/\/dev.claret.cat\/editorial\/ppc-altres\/","menu_order":0,"post_type":"editorial","post_mime_type":"","comment_count":"0","filter":"raw"}],"autor":"CANO ESPINOSA, ISABEL; CERVERA, ANA","codart":"842883573","libros-coleccion":"Manuales de Oraci\u00f3n","ediciones":"1","encuadernacion":"R\u00fastica","fecha_de_publicacion":"12\/02\/2021","novedad":"1","paginas":"84","subtitulo":"LAS BIENAVENTURANZAS","orden":"0","portada":"0","idioma":"spa","autores-libros":[{"ID":158053,"post_author":"3","post_date":"2022-10-14 15:33:47","post_date_gmt":"2022-10-14 13:33:47","post_content":"","post_title":"ISABEL CANO ESPINOSA","post_excerpt":"","post_status":"publish","comment_status":"closed","ping_status":"closed","post_password":"","post_name":"isabel-cano-espinosa","to_ping":"","pinged":"","post_modified":"2022-10-14 15:33:47","post_modified_gmt":"2022-10-14 13:33:47","post_content_filtered":"","post_parent":0,"guid":"http:\/\/dev.claret.cat\/autor\/isabel-cano-espinosa\/","menu_order":0,"post_type":"autor","post_mime_type":"","comment_count":"0","filter":"raw"},{"ID":150065,"post_author":"3","post_date":"2022-10-14 14:29:57","post_date_gmt":"2022-10-14 12:29:57","post_content":"","post_title":"ANA CERVERA","post_excerpt":"","post_status":"publish","comment_status":"closed","ping_status":"closed","post_password":"","post_name":"ana-cervera","to_ping":"","pinged":"","post_modified":"2022-10-14 14:29:57","post_modified_gmt":"2022-10-14 12:29:57","post_content_filtered":"","post_parent":0,"guid":"http:\/\/dev.claret.cat\/autor\/ana-cervera\/","menu_order":0,"post_type":"autor","post_mime_type":"","comment_count":"0","filter":"raw"}]},"aioseo_notices":[],"_links":{"self":[{"href":"https:\/\/www.claret.cat\/es\/wp-json\/wp\/v2\/product\/96498","targetHints":{"allow":["GET"]}}],"collection":[{"href":"https:\/\/www.claret.cat\/es\/wp-json\/wp\/v2\/product"}],"about":[{"href":"https:\/\/www.claret.cat\/es\/wp-json\/wp\/v2\/types\/product"}],"wp:featuredmedia":[{"embeddable":true,"href":"https:\/\/www.claret.cat\/es\/wp-json\/wp\/v2\/media\/338067"}],"wp:attachment":[{"href":"https:\/\/www.claret.cat\/es\/wp-json\/wp\/v2\/media?parent=96498"}],"wp:term":[{"taxonomy":"product_brand","embeddable":true,"href":"https:\/\/www.claret.cat\/es\/wp-json\/wp\/v2\/product_brand?post=96498"},{"taxonomy":"product_cat","embeddable":true,"href":"https:\/\/www.claret.cat\/es\/wp-json\/wp\/v2\/product_cat?post=96498"},{"taxonomy":"product_tag","embeddable":true,"href":"https:\/\/www.claret.cat\/es\/wp-json\/wp\/v2\/product_tag?post=96498"}],"curies":[{"name":"wp","href":"https:\/\/api.w.org\/{rel}","templated":true}]}}