{"id":964992,"date":"2024-05-15T13:45:34","date_gmt":"2024-05-15T11:45:34","guid":{"rendered":"https:\/\/www.claret.cat\/llibre\/mi-gran-amigo-secreto-9788419829207\/"},"modified":"2024-05-15T13:51:06","modified_gmt":"2024-05-15T11:51:06","slug":"mi-gran-amigo-secreto-9788419829207","status":"publish","type":"product","link":"https:\/\/www.claret.cat\/es\/libro\/mi-gran-amigo-secreto-9788419829207\/","title":{"rendered":"MI GRAN AMIGO SECRETO"},"content":{"rendered":"<p>Representa la brillante amistad que una ni\u00f1a encuentra en un amigo imaginario mientras cuida a su madre postrada en cama. El coraz\u00f3n de la ni\u00f1a se vuelve m\u00e1s fuerte mientras vive aventuras con su amigo secreto dinosaurio \u2018Duri&#8221;. El proceso en el que la protagonista se da cuenta de que tiene familiares y amigos a su lado en quienes confiar se desarrolla de una manera conmovedora. Transmite el gran poder que hay dentro de los ni\u00f1os y que brilla en tiempos de crisis. Transmite suavemente la verdad de que la amistad existe en el mundo y que podemos usar esa amistad como un trampol\u00edn para avanzar.<\/p>\n","protected":false},"excerpt":{"rendered":"<p>HYE-WON, KYUNG<\/p>\n","protected":false},"featured_media":964993,"template":"","meta":{"_acf_changed":false,"om_disable_all_campaigns":false,"rs_blank_template":"","rs_page_bg_color":"","slide_template_v7":"","inline_featured_image":false,"_monsterinsights_skip_tracking":false,"_monsterinsights_sitenote_active":false,"_monsterinsights_sitenote_note":"","_monsterinsights_sitenote_category":0},"product_brand":[],"product_cat":[131,361],"product_tag":[],"class_list":{"0":"post-964992","1":"product","2":"type-product","3":"status-publish","4":"has-post-thumbnail","6":"product_cat-contes-per-infants-0-6-anys","7":"product_cat-cuentos-para-ninos-0-6-anos","9":"first","10":"instock","11":"taxable","12":"shipping-taxable","13":"purchasable","14":"product-type-simple"},"acf":{"autor":"HYE-WON, KYUNG","codart":"841982920","libros-coleccion":"INFANTIL","ediciones":"1","encuadernacion":"Carton\u00e9","fecha_de_publicacion":"01\/03\/2024","novedad":"1","paginas":"45","subtitulo":"","orden":"0","portada":"0","idioma":"spa","editorial":[{"ID":148891,"post_author":"3","post_date":"2022-10-14 12:01:48","post_date_gmt":"2022-10-14 10:01:48","post_content":"","post_title":"TRAMUNTANA EDITORIAL","post_excerpt":"","post_status":"publish","comment_status":"closed","ping_status":"closed","post_password":"","post_name":"tramuntana-editorial","to_ping":"","pinged":"","post_modified":"2022-10-14 12:01:48","post_modified_gmt":"2022-10-14 10:01:48","post_content_filtered":"","post_parent":0,"guid":"http:\/\/dev.claret.cat\/editorial\/tramuntana-editorial\/","menu_order":0,"post_type":"editorial","post_mime_type":"","comment_count":"0","filter":"raw"}]},"aioseo_notices":[],"_links":{"self":[{"href":"https:\/\/www.claret.cat\/es\/wp-json\/wp\/v2\/product\/964992","targetHints":{"allow":["GET"]}}],"collection":[{"href":"https:\/\/www.claret.cat\/es\/wp-json\/wp\/v2\/product"}],"about":[{"href":"https:\/\/www.claret.cat\/es\/wp-json\/wp\/v2\/types\/product"}],"wp:featuredmedia":[{"embeddable":true,"href":"https:\/\/www.claret.cat\/es\/wp-json\/wp\/v2\/media\/964993"}],"wp:attachment":[{"href":"https:\/\/www.claret.cat\/es\/wp-json\/wp\/v2\/media?parent=964992"}],"wp:term":[{"taxonomy":"product_brand","embeddable":true,"href":"https:\/\/www.claret.cat\/es\/wp-json\/wp\/v2\/product_brand?post=964992"},{"taxonomy":"product_cat","embeddable":true,"href":"https:\/\/www.claret.cat\/es\/wp-json\/wp\/v2\/product_cat?post=964992"},{"taxonomy":"product_tag","embeddable":true,"href":"https:\/\/www.claret.cat\/es\/wp-json\/wp\/v2\/product_tag?post=964992"}],"curies":[{"name":"wp","href":"https:\/\/api.w.org\/{rel}","templated":true}]}}