{"id":96501,"date":"2022-10-12T06:58:59","date_gmt":"2022-10-12T04:58:59","guid":{"rendered":"http:\/\/dev.claret.cat\/producte\/confidencialidad-transparencia-y-accountability\/"},"modified":"2024-05-02T05:43:11","modified_gmt":"2024-05-02T03:43:11","slug":"confidencialidad-transparencia-y-accountability-9788428836623","status":"publish","type":"product","link":"https:\/\/www.claret.cat\/es\/libro\/confidencialidad-transparencia-y-accountability-9788428836623\/","title":{"rendered":"CONFIDENCIALIDAD, TRANSPARENCIA Y ACCOUNTABILITY"},"content":{"rendered":"<p>La cuesti\u00f3n de la crisis de los abusos sexuales impulsa a encarar renovadamente varias de las instituciones y pr\u00e1cticas jur\u00eddico-can\u00f3nicas que se nos ofrecen como instrumentos para tratar con esta compleja y dolorosa situaci\u00f3n. La necesidad de colocar la dignidad de la persona en el centro de su respuesta plantea una serie de interrogantes como el papel de las v\u00edctimas en los procesos, el acceso a la informaci\u00f3n, la necesidad de brindar la confidencialidad a los sobrevivientes, as\u00ed como la transparencia en los procesos. Otras cuestiones se refieren al sacramento de la Reconciliaci\u00f3n, incluida la posibilidad de retener la absoluci\u00f3n, y la comprensi\u00f3n del sigilo sacramental.La publicaci\u00f3n es resultado de un seminario organizado por la Pontificia Comisi\u00f3n para la Protecci\u00f3n de los Menores, en donde autores de gran prestigio reflexionaron sobre estos temas desde una perspectiva hist\u00f3rica, teol\u00f3gica y can\u00f3nica. El trabajo es de gran relevancia para aquellos que desean participar en hacer de la Iglesia un lugar m\u00e1s seguro para todos.<\/p>\n","protected":false},"excerpt":{"rendered":"<p>PORTILLO, DANIEL; FRANCK, MAR\u00cdA IN\u00c9S. (COORDS.)<\/p>\n","protected":false},"featured_media":450399,"template":"","meta":{"_acf_changed":false,"om_disable_all_campaigns":false,"rs_blank_template":"","rs_page_bg_color":"","slide_template_v7":"","inline_featured_image":false,"_monsterinsights_skip_tracking":false,"_monsterinsights_sitenote_active":false,"_monsterinsights_sitenote_note":"","_monsterinsights_sitenote_category":0},"product_brand":[],"product_cat":[516,290],"product_tag":[],"class_list":{"0":"post-96501","1":"product","2":"type-product","3":"status-publish","4":"has-post-thumbnail","6":"product_cat-moral-de-la-persona-sexualidad","7":"product_cat-moral-de-la-persona-sexualitat","9":"first","10":"instock","11":"taxable","12":"shipping-taxable","13":"purchasable","14":"product-type-simple"},"acf":{"editorial":[{"ID":6335,"post_author":"3","post_date":"2022-07-28 17:49:59","post_date_gmt":"2022-07-28 15:49:59","post_content":"","post_title":"PPC altres","post_excerpt":"","post_status":"publish","comment_status":"closed","ping_status":"closed","post_password":"","post_name":"ppc-altres","to_ping":"","pinged":"","post_modified":"2022-07-28 17:49:59","post_modified_gmt":"2022-07-28 15:49:59","post_content_filtered":"","post_parent":0,"guid":"http:\/\/dev.claret.cat\/editorial\/ppc-altres\/","menu_order":0,"post_type":"editorial","post_mime_type":"","comment_count":"0","filter":"raw"}],"autor":"PORTILLO, DANIEL; FRANCK, MAR\u00cdA IN\u00c9S. (COORDS.)","codart":"842883662","libros-coleccion":"FUERA DE COLECCI\u00d3N","ediciones":"1","encuadernacion":"R\u00fastica","fecha_de_publicacion":"12\/02\/2021","novedad":"1","paginas":"248","subtitulo":"LA DIGNIDAD DE LAS PERSONAS EN LOS PROCESOS DE DENUNCIA DE ABUSO SEXUAL","orden":"0","portada":"0","idioma":"spa","autores-libros":[{"ID":153629,"post_author":"3","post_date":"2022-10-14 14:58:16","post_date_gmt":"2022-10-14 12:58:16","post_content":"","post_title":"DANIEL PORTILLO","post_excerpt":"","post_status":"publish","comment_status":"closed","ping_status":"closed","post_password":"","post_name":"daniel-portillo","to_ping":"","pinged":"","post_modified":"2022-10-14 14:58:16","post_modified_gmt":"2022-10-14 12:58:16","post_content_filtered":"","post_parent":0,"guid":"http:\/\/dev.claret.cat\/autor\/daniel-portillo\/","menu_order":0,"post_type":"autor","post_mime_type":"","comment_count":"0","filter":"raw"},{"ID":163643,"post_author":"3","post_date":"2022-10-14 17:40:41","post_date_gmt":"2022-10-14 15:40:41","post_content":"","post_title":"MAR\u00cdA IN\u00c9S. (COORDS.) FRANCK","post_excerpt":"","post_status":"publish","comment_status":"closed","ping_status":"closed","post_password":"","post_name":"maria-ines-coords-franck","to_ping":"","pinged":"","post_modified":"2022-10-14 17:40:41","post_modified_gmt":"2022-10-14 15:40:41","post_content_filtered":"","post_parent":0,"guid":"http:\/\/dev.claret.cat\/autor\/maria-ines-coords-franck\/","menu_order":0,"post_type":"autor","post_mime_type":"","comment_count":"0","filter":"raw"}]},"aioseo_notices":[],"_links":{"self":[{"href":"https:\/\/www.claret.cat\/es\/wp-json\/wp\/v2\/product\/96501","targetHints":{"allow":["GET"]}}],"collection":[{"href":"https:\/\/www.claret.cat\/es\/wp-json\/wp\/v2\/product"}],"about":[{"href":"https:\/\/www.claret.cat\/es\/wp-json\/wp\/v2\/types\/product"}],"wp:featuredmedia":[{"embeddable":true,"href":"https:\/\/www.claret.cat\/es\/wp-json\/wp\/v2\/media\/450399"}],"wp:attachment":[{"href":"https:\/\/www.claret.cat\/es\/wp-json\/wp\/v2\/media?parent=96501"}],"wp:term":[{"taxonomy":"product_brand","embeddable":true,"href":"https:\/\/www.claret.cat\/es\/wp-json\/wp\/v2\/product_brand?post=96501"},{"taxonomy":"product_cat","embeddable":true,"href":"https:\/\/www.claret.cat\/es\/wp-json\/wp\/v2\/product_cat?post=96501"},{"taxonomy":"product_tag","embeddable":true,"href":"https:\/\/www.claret.cat\/es\/wp-json\/wp\/v2\/product_tag?post=96501"}],"curies":[{"name":"wp","href":"https:\/\/api.w.org\/{rel}","templated":true}]}}