{"id":965054,"date":"2024-05-16T10:40:15","date_gmt":"2024-05-16T08:40:15","guid":{"rendered":"https:\/\/www.claret.cat\/llibre\/la-fisonomia-franciscana-de-santa-teresita-del-nino-jesus-9788491656258\/"},"modified":"2024-05-16T10:55:37","modified_gmt":"2024-05-16T08:55:37","slug":"la-fisonomia-franciscana-de-santa-teresita-del-nino-jesus-9788491656258","status":"publish","type":"product","link":"https:\/\/www.claret.cat\/es\/libro\/la-fisonomia-franciscana-de-santa-teresita-del-nino-jesus-9788491656258\/","title":{"rendered":"LA FISONOM\u00cdA FRANCISCANA DE SANTA TERESITA DEL NI\u00d1O JES\u00daS"},"content":{"rendered":"<p><span>A lo largo de su vida destac\u00f3 por su gran amor y conocimiento profundo de la vida y espiritualidad de Santa Teresa de Lisieux. Adem\u00e1s de las obras tituladas La fisonom\u00eda franciscana de Santa Teresa del Ni\u00f1o Jes\u00fas (1930) y La joven cristiana en la escuela de Santa Teresita del Ni\u00f1o Jes\u00fas (1931), tambi\u00e9n es autor de El Protestantismo ante la Biblia (1923) con 9 ediciones, la \u00faltima en 1978. En la Fisonom\u00eda franciscana de Santa Teresa del Ni\u00f1o Jes\u00fas se evocan los rasgos m\u00e1s atractivos y sobresalientes de san Francisco de As\u00eds, y muestra c\u00f3mo coinciden con el fondo espiritual de la santa carmelita de Lisieux.<\/span><\/p>\n","protected":false},"excerpt":{"rendered":"<p>PAPIOL, REMIGIO DE<\/p>\n","protected":false},"featured_media":965055,"template":"","meta":{"_acf_changed":false,"om_disable_all_campaigns":false,"rs_blank_template":"","rs_page_bg_color":"","slide_template_v7":"","inline_featured_image":false,"_monsterinsights_skip_tracking":false,"_monsterinsights_sitenote_active":false,"_monsterinsights_sitenote_note":"","_monsterinsights_sitenote_category":0},"product_brand":[],"product_cat":[485,232,493,243],"product_tag":[],"class_list":{"0":"post-965054","1":"product","2":"type-product","3":"status-publish","4":"has-post-thumbnail","6":"product_cat-autores-espiritualidad-1_espiritualidad","7":"product_cat-autors-espiritualitat","8":"product_cat-franciscana-espiritualidad-1_espiritualidad","9":"product_cat-franciscana","11":"first","12":"instock","13":"taxable","14":"shipping-taxable","15":"purchasable","16":"product-type-simple"},"acf":{"autor":"PAPIOL, REMIGIO DE","codart":"849165625","libros-coleccion":"","ediciones":"1","encuadernacion":"R\u00fastica","fecha_de_publicacion":"16\/05\/2024","novedad":"1","paginas":"92","subtitulo":"","orden":"0","portada":"0","idioma":"spa","editorial":[{"ID":6172,"post_author":"3","post_date":"2022-07-28 17:46:27","post_date_gmt":"2022-07-28 15:46:27","post_content":"","post_title":"CPL","post_excerpt":"","post_status":"publish","comment_status":"closed","ping_status":"closed","post_password":"","post_name":"cpl","to_ping":"","pinged":"","post_modified":"2022-07-28 17:46:27","post_modified_gmt":"2022-07-28 15:46:27","post_content_filtered":"","post_parent":0,"guid":"http:\/\/dev.claret.cat\/editorial\/cpl\/","menu_order":0,"post_type":"editorial","post_mime_type":"","comment_count":"0","filter":"raw"}]},"aioseo_notices":[],"_links":{"self":[{"href":"https:\/\/www.claret.cat\/es\/wp-json\/wp\/v2\/product\/965054","targetHints":{"allow":["GET"]}}],"collection":[{"href":"https:\/\/www.claret.cat\/es\/wp-json\/wp\/v2\/product"}],"about":[{"href":"https:\/\/www.claret.cat\/es\/wp-json\/wp\/v2\/types\/product"}],"wp:featuredmedia":[{"embeddable":true,"href":"https:\/\/www.claret.cat\/es\/wp-json\/wp\/v2\/media\/965055"}],"wp:attachment":[{"href":"https:\/\/www.claret.cat\/es\/wp-json\/wp\/v2\/media?parent=965054"}],"wp:term":[{"taxonomy":"product_brand","embeddable":true,"href":"https:\/\/www.claret.cat\/es\/wp-json\/wp\/v2\/product_brand?post=965054"},{"taxonomy":"product_cat","embeddable":true,"href":"https:\/\/www.claret.cat\/es\/wp-json\/wp\/v2\/product_cat?post=965054"},{"taxonomy":"product_tag","embeddable":true,"href":"https:\/\/www.claret.cat\/es\/wp-json\/wp\/v2\/product_tag?post=965054"}],"curies":[{"name":"wp","href":"https:\/\/api.w.org\/{rel}","templated":true}]}}