{"id":965080,"date":"2024-05-16T11:45:53","date_gmt":"2024-05-16T09:45:53","guid":{"rendered":"https:\/\/www.claret.cat\/llibre\/carta-a-meneceo-edicion-bilingue-9788430122042\/"},"modified":"2024-12-12T11:30:32","modified_gmt":"2024-12-12T10:30:32","slug":"carta-a-meneceo-edicion-bilingue-9788430122042","status":"publish","type":"product","link":"https:\/\/www.claret.cat\/es\/libro\/carta-a-meneceo-edicion-bilingue-9788430122042\/","title":{"rendered":"CARTA A MENECEO. EDICI\u00d3N BILING\u00dcE"},"content":{"rendered":"<p class='ql-align-justify'>All\u00e1 por el siglo III a.C., Epicuro crey\u00f3 haber encontrado la receta de la felicidad. Pens\u00f3, adem\u00e1s, que era el primero en hacerlo. Y trat\u00f3 de vivir en consecuencia.<\/p>\n<p class='ql-align-justify'>Se tienen noticias de que fund\u00f3 varias comunidades en las que se buscaba, en amistad y reflexi\u00f3n, emular la vida feliz transmitida por el maestro. Cinco siglos despu\u00e9s, segu\u00eda habiendo \u00abepic\u00fareos\u00bb que se esforzaban por alcanzar una existencia dichosa.<\/p>\n<p class='ql-align-justify'>Much\u00edsimo se ha perdido de lo que escribi\u00f3 Epicuro, circunstancia que no ha dejado de alegrar a sus numerosos detractores de entonces y de ahora. Con todo, ha llegado hasta nosotros un peque\u00f1o escrito, una carta que envi\u00f3 a un amigo y disc\u00edpulo, en la que le resum\u00eda los principales \u00abelementos de la vida dichosa\u00bb. Se trata de la m\u00e1s escueta y completa exposici\u00f3n de una filosof\u00eda de vida feliz que ha sobrevivido desde la Antig\u00fcedad.<\/p>\n<p class='ql-align-justify'>La presente edici\u00f3n ofrece, junto al original griego, una traducci\u00f3n literal interlineal y una traducci\u00f3n libre. Completa el volumen una introducci\u00f3n sobre el contexto hist\u00f3rico, pol\u00edtico y cultural, as\u00ed como dos amplios comentarios, uno filos\u00f3fico y otro ling\u00fc\u00edstico.<\/p>\n<p><\/p>\n","protected":false},"excerpt":{"rendered":"<p>EPICURO<\/p>\n","protected":false},"featured_media":965089,"template":"","meta":{"_acf_changed":false,"om_disable_all_campaigns":false,"rs_blank_template":"","rs_page_bg_color":"","slide_template_v7":"","inline_featured_image":false,"_monsterinsights_skip_tracking":false,"_monsterinsights_sitenote_active":false,"_monsterinsights_sitenote_note":"","_monsterinsights_sitenote_category":0},"product_brand":[],"product_cat":[373,166,445,175],"product_tag":[],"class_list":{"0":"post-965080","1":"product","2":"type-product","3":"status-publish","4":"has-post-thumbnail","6":"product_cat-autores","7":"product_cat-autors-filosofia","8":"product_cat-etica-filosofia-2_humanidades","9":"product_cat-etica","11":"first","12":"instock","13":"taxable","14":"shipping-taxable","15":"purchasable","16":"product-type-simple"},"acf":{"autor":"EPICURO","codart":"843012204","libros-coleccion":"Hermeneia","ediciones":"1","encuadernacion":"R\u00fastica","fecha_de_publicacion":"16\/05\/2024","novedad":"1","paginas":"176","subtitulo":"EDICI\u00d3N BILING\u00dcE Y COMENTARIO DE PEDRO GARC\u00cdA-BAR\u00d3","orden":"0","portada":"0","idioma":"spa","editorial":[{"ID":6364,"post_author":"3","post_date":"2022-07-28 17:50:36","post_date_gmt":"2022-07-28 15:50:36","post_content":"","post_title":"S\u00edgueme","post_excerpt":"","post_status":"publish","comment_status":"closed","ping_status":"closed","post_password":"","post_name":"sigueme","to_ping":"","pinged":"","post_modified":"2022-07-28 17:50:36","post_modified_gmt":"2022-07-28 15:50:36","post_content_filtered":"","post_parent":0,"guid":"http:\/\/dev.claret.cat\/editorial\/sigueme\/","menu_order":0,"post_type":"editorial","post_mime_type":"","comment_count":"0","filter":"raw"}]},"aioseo_notices":[],"_links":{"self":[{"href":"https:\/\/www.claret.cat\/es\/wp-json\/wp\/v2\/product\/965080","targetHints":{"allow":["GET"]}}],"collection":[{"href":"https:\/\/www.claret.cat\/es\/wp-json\/wp\/v2\/product"}],"about":[{"href":"https:\/\/www.claret.cat\/es\/wp-json\/wp\/v2\/types\/product"}],"wp:featuredmedia":[{"embeddable":true,"href":"https:\/\/www.claret.cat\/es\/wp-json\/wp\/v2\/media\/965089"}],"wp:attachment":[{"href":"https:\/\/www.claret.cat\/es\/wp-json\/wp\/v2\/media?parent=965080"}],"wp:term":[{"taxonomy":"product_brand","embeddable":true,"href":"https:\/\/www.claret.cat\/es\/wp-json\/wp\/v2\/product_brand?post=965080"},{"taxonomy":"product_cat","embeddable":true,"href":"https:\/\/www.claret.cat\/es\/wp-json\/wp\/v2\/product_cat?post=965080"},{"taxonomy":"product_tag","embeddable":true,"href":"https:\/\/www.claret.cat\/es\/wp-json\/wp\/v2\/product_tag?post=965080"}],"curies":[{"name":"wp","href":"https:\/\/api.w.org\/{rel}","templated":true}]}}