{"id":965106,"date":"2024-05-16T12:10:57","date_gmt":"2024-05-16T10:10:57","guid":{"rendered":"https:\/\/www.claret.cat\/llibre\/me-amo-y-se-entrego-por-mi-gal-220-9788429331752\/"},"modified":"2026-04-01T05:52:02","modified_gmt":"2026-04-01T03:52:02","slug":"me-amo-y-se-entrego-por-mi-gal-220-9788429331752","status":"publish","type":"product","link":"https:\/\/www.claret.cat\/es\/libro\/me-amo-y-se-entrego-por-mi-gal-220-9788429331752\/","title":{"rendered":"ME AM\u00d3 Y SE ENTREG\u00d3 POR M\u00cd (GAL 2,20)"},"content":{"rendered":"<p><span>En este emotivo libro homenaje, m\u00e1s de cincuenta colaboradores y amigos cercanos a Juan Miguel D\u00edaz Rodelas unen fuerzas para celebrar el legado de un hombre que vivi\u00f3 para acercarnos a Dios y su Palabra. Con una estructura tr\u00edptica que abarca el Antiguo y Nuevo Testamento, as\u00ed como la intersecci\u00f3n entre Biblia, Teolog\u00eda, Historia y Cultura, este volumen se erige como un mosaico de reflexiones que encapsulan la profundidad y el alcance de la influencia de Juan Miguel. A trav\u00e9s de su alegre y generosa personalidad, nos invita a descubrir c\u00f3mo la Biblia puede iluminar todas las facetas de nuestra vida y sociedad. Un testimonio conmovedor y acad\u00e9mico que nos reta a vivir la esencia del mensaje divino en nuestro mundo contempor\u00e1neo.<\/span><\/p>\n","protected":false},"excerpt":{"rendered":"<p>GIR\u00d3N IZQUIERDO, JES\u00daS ; RAM\u00d3N CASAS, FERNANDO ENRIQUE<\/p>\n","protected":false},"featured_media":1081414,"template":"","meta":{"_acf_changed":false,"om_disable_all_campaigns":false,"rs_blank_template":"","rs_page_bg_color":"","slide_template_v7":"","inline_featured_image":false,"_monsterinsights_skip_tracking":false,"_monsterinsights_sitenote_active":false,"_monsterinsights_sitenote_note":"","_monsterinsights_sitenote_category":0},"product_brand":[],"product_cat":[465,204],"product_tag":[],"class_list":{"0":"post-965106","1":"product","2":"type-product","3":"status-publish","4":"has-post-thumbnail","6":"product_cat-san-juan-y-epistolas","7":"product_cat-sant-joan-i-epistoles","9":"first","10":"instock","11":"taxable","12":"shipping-taxable","13":"purchasable","14":"product-type-simple"},"acf":{"autor":"GIR\u00d3N IZQUIERDO, JES\u00daS ; RAM\u00d3N CASAS, FERNANDO ENRIQUE","codart":"842933175","libros-coleccion":"SAL TERRAE- PRESENCIA TEOL\u00d3GICA","ediciones":"1","encuadernacion":"R\u00fastica","fecha_de_publicacion":"02\/05\/2024","novedad":"1","paginas":"872","subtitulo":"LIBRO HOMENAJE A JUAN MIGUEL D\u00cdAZ RODELAS","orden":"0","portada":"0","idioma":"spa","editorial":[{"ID":6351,"post_author":"3","post_date":"2022-07-28 17:50:19","post_date_gmt":"2022-07-28 15:50:19","post_content":"","post_title":"Sal Terrae","post_excerpt":"","post_status":"publish","comment_status":"closed","ping_status":"closed","post_password":"","post_name":"sal-terrae","to_ping":"","pinged":"","post_modified":"2022-07-28 17:50:19","post_modified_gmt":"2022-07-28 15:50:19","post_content_filtered":"","post_parent":0,"guid":"http:\/\/dev.claret.cat\/editorial\/sal-terrae\/","menu_order":0,"post_type":"editorial","post_mime_type":"","comment_count":"0","filter":"raw"}],"booktrailer":"","resenas":""},"aioseo_notices":[],"_links":{"self":[{"href":"https:\/\/www.claret.cat\/es\/wp-json\/wp\/v2\/product\/965106","targetHints":{"allow":["GET"]}}],"collection":[{"href":"https:\/\/www.claret.cat\/es\/wp-json\/wp\/v2\/product"}],"about":[{"href":"https:\/\/www.claret.cat\/es\/wp-json\/wp\/v2\/types\/product"}],"wp:featuredmedia":[{"embeddable":true,"href":"https:\/\/www.claret.cat\/es\/wp-json\/wp\/v2\/media\/1081414"}],"wp:attachment":[{"href":"https:\/\/www.claret.cat\/es\/wp-json\/wp\/v2\/media?parent=965106"}],"wp:term":[{"taxonomy":"product_brand","embeddable":true,"href":"https:\/\/www.claret.cat\/es\/wp-json\/wp\/v2\/product_brand?post=965106"},{"taxonomy":"product_cat","embeddable":true,"href":"https:\/\/www.claret.cat\/es\/wp-json\/wp\/v2\/product_cat?post=965106"},{"taxonomy":"product_tag","embeddable":true,"href":"https:\/\/www.claret.cat\/es\/wp-json\/wp\/v2\/product_tag?post=965106"}],"curies":[{"name":"wp","href":"https:\/\/api.w.org\/{rel}","templated":true}]}}