{"id":96513,"date":"2022-10-12T06:59:09","date_gmt":"2022-10-12T04:59:09","guid":{"rendered":"http:\/\/dev.claret.cat\/producte\/ecologia-integral-y-supervivencia\/"},"modified":"2024-05-02T05:42:28","modified_gmt":"2024-05-02T03:42:28","slug":"ecologia-integral-y-supervivencia-9788428836555","status":"publish","type":"product","link":"https:\/\/www.claret.cat\/es\/libro\/ecologia-integral-y-supervivencia-9788428836555\/","title":{"rendered":"ECOLOG\u00cdA INTEGRAL Y SUPERVIVENCIA"},"content":{"rendered":"<p>Hace ya m\u00e1s de cinco a\u00f1os que el papa Francisco public\u00f3 la enc\u00edclica Laudato si&#8221; sobre \u00abel cuidado de la casa com\u00fan\u00bb. El documento fue acogido con entusiasmo por todos aquellos que no ten\u00edan intereses por continuar degradando nuestro planeta. Desde entonces, los hitos en la lucha medioambiental se han sucedido.La convocatoria de la Asamblea Especial del S\u00ednodo de los Obispos para la Regi\u00f3n Panamaz\u00f3nica, que se celebr\u00f3 en octubre de 2019, fue otro gran y completo esfuerzo ecol\u00f3gico de Francisco, que concluy\u00f3 con la publicaci\u00f3n de un texto titulado Amazonia: nuevos caminos para la Iglesia y para una ecolog\u00eda integral y de la exhortaci\u00f3n apost\u00f3lica Querida Amazonia, el dos de febrero.Con ocasi\u00f3n del aniversario del s\u00ednodo y de la exhortaci\u00f3n apost\u00f3lica, se han intentado reunir en este libro clases, art\u00edculos y conferencias de Antoni Matabosch, ampliados y redondeados, haciendo una s\u00edntesis desde el punto de vista cristiano sobre la problem\u00e1tica medioambiental.<\/p>\n","protected":false},"excerpt":{"rendered":"<p>MATABOSCH, ANTONI<\/p>\n","protected":false},"featured_media":450387,"template":"","meta":{"_acf_changed":false,"om_disable_all_campaigns":false,"rs_blank_template":"","rs_page_bg_color":"","slide_template_v7":"","inline_featured_image":false,"_monsterinsights_skip_tracking":false,"_monsterinsights_sitenote_active":false,"_monsterinsights_sitenote_note":"","_monsterinsights_sitenote_category":0},"product_brand":[],"product_cat":[275,413,515,289],"product_tag":[],"class_list":{"0":"post-96513","1":"product","2":"type-product","3":"status-publish","4":"has-post-thumbnail","6":"product_cat-fonamental","7":"product_cat-fundamental","8":"product_cat-moral-de-la-persona-bioetica-teologia-1_espiritualidad","9":"product_cat-moral-de-la-persona-bioetica","11":"first","12":"instock","13":"taxable","14":"shipping-taxable","15":"purchasable","16":"product-type-simple"},"acf":{"editorial":[{"ID":6335,"post_author":"3","post_date":"2022-07-28 17:49:59","post_date_gmt":"2022-07-28 15:49:59","post_content":"","post_title":"PPC altres","post_excerpt":"","post_status":"publish","comment_status":"closed","ping_status":"closed","post_password":"","post_name":"ppc-altres","to_ping":"","pinged":"","post_modified":"2022-07-28 17:49:59","post_modified_gmt":"2022-07-28 15:49:59","post_content_filtered":"","post_parent":0,"guid":"http:\/\/dev.claret.cat\/editorial\/ppc-altres\/","menu_order":0,"post_type":"editorial","post_mime_type":"","comment_count":"0","filter":"raw"}],"autor":"MATABOSCH, ANTONI","codart":"842883655","libros-coleccion":"PASTORAL","ediciones":"1","encuadernacion":"R\u00fastica","fecha_de_publicacion":"12\/02\/2021","novedad":"1","paginas":"176","subtitulo":"","orden":"0","portada":"0","idioma":"spa","autores-libros":[{"ID":150830,"post_author":"3","post_date":"2022-10-14 14:36:04","post_date_gmt":"2022-10-14 12:36:04","post_content":"","post_title":"ANTONI MATABOSCH","post_excerpt":"","post_status":"publish","comment_status":"closed","ping_status":"closed","post_password":"","post_name":"antoni-matabosch","to_ping":"","pinged":"","post_modified":"2022-10-14 14:36:04","post_modified_gmt":"2022-10-14 12:36:04","post_content_filtered":"","post_parent":0,"guid":"http:\/\/dev.claret.cat\/autor\/antoni-matabosch\/","menu_order":0,"post_type":"autor","post_mime_type":"","comment_count":"0","filter":"raw"}]},"aioseo_notices":[],"_links":{"self":[{"href":"https:\/\/www.claret.cat\/es\/wp-json\/wp\/v2\/product\/96513","targetHints":{"allow":["GET"]}}],"collection":[{"href":"https:\/\/www.claret.cat\/es\/wp-json\/wp\/v2\/product"}],"about":[{"href":"https:\/\/www.claret.cat\/es\/wp-json\/wp\/v2\/types\/product"}],"wp:featuredmedia":[{"embeddable":true,"href":"https:\/\/www.claret.cat\/es\/wp-json\/wp\/v2\/media\/450387"}],"wp:attachment":[{"href":"https:\/\/www.claret.cat\/es\/wp-json\/wp\/v2\/media?parent=96513"}],"wp:term":[{"taxonomy":"product_brand","embeddable":true,"href":"https:\/\/www.claret.cat\/es\/wp-json\/wp\/v2\/product_brand?post=96513"},{"taxonomy":"product_cat","embeddable":true,"href":"https:\/\/www.claret.cat\/es\/wp-json\/wp\/v2\/product_cat?post=96513"},{"taxonomy":"product_tag","embeddable":true,"href":"https:\/\/www.claret.cat\/es\/wp-json\/wp\/v2\/product_tag?post=96513"}],"curies":[{"name":"wp","href":"https:\/\/api.w.org\/{rel}","templated":true}]}}