{"id":965159,"date":"2024-05-16T14:20:03","date_gmt":"2024-05-16T12:20:03","guid":{"rendered":"https:\/\/www.claret.cat\/llibre\/preparats-llestos-ja-3-hem-dajudar-el-kevin-9788424674182\/"},"modified":"2025-01-31T15:56:20","modified_gmt":"2025-01-31T14:56:20","slug":"preparats-llestos-ja-3-hem-dajudar-el-kevin-9788424674182","status":"publish","type":"product","link":"https:\/\/www.claret.cat\/es\/libro\/preparats-llestos-ja-3-hem-dajudar-el-kevin-9788424674182\/","title":{"rendered":"PREPARATS, LLESTOS, JA! 3. HEM D&#8217;AJUDAR EL KEVIN!"},"content":{"rendered":"<p>L&#8217;Isaac Hern\u00e1ndez est\u00e0 segur que \u00e9s la creu de l&#8217;equip d&#8217;atletisme i que, si poguessin, els seus companys el farien fora. Especialment ara que la semifinal s&#8217;acosta.\u00a0Ara b\u00e9, quan al seu company Kevin li prohibeixen competir si no aprova totes les assignatures que ha susp\u00e8s (que s\u00f3n gaireb\u00e9 totes!), l&#8217;Isaac, l&#8217;Aurora i el Gabi es proposaran ajudar-lo a estudiar.\u00a0Nom\u00e9s hi ha un problema: a l&#8217;Isaac, el Kevin li fa una por terrible i, a m\u00e9s, el seu avi acaba de posar-se malalt i el necessita.\u00a0Podr\u00e0 superar la seva timidesa per ajudar al Kevin i a l&#8217;equip? Aconseguir\u00e0 La Magdalena estar a punt per la semifinal?\u00a0<br \/>3, 2, 1&#8230; Una nova s\u00e8rie sobre atletisme, amistat i inclusi\u00f3.<\/p>\n","protected":false},"excerpt":{"rendered":"<p>TOM\u00c9, ANDREA<\/p>\n","protected":false},"featured_media":965160,"template":"","meta":{"_acf_changed":false,"om_disable_all_campaigns":false,"rs_blank_template":"","rs_page_bg_color":"","slide_template_v7":"","inline_featured_image":false,"_monsterinsights_skip_tracking":false,"_monsterinsights_sitenote_active":false,"_monsterinsights_sitenote_note":"","_monsterinsights_sitenote_category":0},"product_brand":[],"product_cat":[132,362],"product_tag":[],"class_list":{"0":"post-965159","1":"product","2":"type-product","3":"status-publish","4":"has-post-thumbnail","6":"product_cat-lectures-per-preadolescents-6-12-anys","7":"product_cat-libros-preadolescentes-6-12-anos","9":"first","10":"instock","11":"taxable","12":"shipping-taxable","13":"purchasable","14":"product-type-simple"},"acf":{"autor":"TOM\u00c9, ANDREA","codart":"842467418","libros-coleccion":"FORA DE COL.LECCI\u00d3","ediciones":"1","encuadernacion":"R\u00fastica","fecha_de_publicacion":"01\/05\/2024","novedad":"1","paginas":"232","subtitulo":"","orden":"0","portada":"0","idioma":"cat","editorial":[{"ID":148189,"post_author":"3","post_date":"2022-10-14 11:56:19","post_date_gmt":"2022-10-14 09:56:19","post_content":"","post_title":"GALERA, EDITORIAL","post_excerpt":"","post_status":"publish","comment_status":"closed","ping_status":"closed","post_password":"","post_name":"galera-editorial","to_ping":"","pinged":"","post_modified":"2022-10-14 11:56:19","post_modified_gmt":"2022-10-14 09:56:19","post_content_filtered":"","post_parent":0,"guid":"http:\/\/dev.claret.cat\/editorial\/galera-editorial\/","menu_order":0,"post_type":"editorial","post_mime_type":"","comment_count":"0","filter":"raw"}]},"aioseo_notices":[],"_links":{"self":[{"href":"https:\/\/www.claret.cat\/es\/wp-json\/wp\/v2\/product\/965159","targetHints":{"allow":["GET"]}}],"collection":[{"href":"https:\/\/www.claret.cat\/es\/wp-json\/wp\/v2\/product"}],"about":[{"href":"https:\/\/www.claret.cat\/es\/wp-json\/wp\/v2\/types\/product"}],"wp:featuredmedia":[{"embeddable":true,"href":"https:\/\/www.claret.cat\/es\/wp-json\/wp\/v2\/media\/965160"}],"wp:attachment":[{"href":"https:\/\/www.claret.cat\/es\/wp-json\/wp\/v2\/media?parent=965159"}],"wp:term":[{"taxonomy":"product_brand","embeddable":true,"href":"https:\/\/www.claret.cat\/es\/wp-json\/wp\/v2\/product_brand?post=965159"},{"taxonomy":"product_cat","embeddable":true,"href":"https:\/\/www.claret.cat\/es\/wp-json\/wp\/v2\/product_cat?post=965159"},{"taxonomy":"product_tag","embeddable":true,"href":"https:\/\/www.claret.cat\/es\/wp-json\/wp\/v2\/product_tag?post=965159"}],"curies":[{"name":"wp","href":"https:\/\/api.w.org\/{rel}","templated":true}]}}