{"id":965300,"date":"2024-05-16T17:32:33","date_gmt":"2024-05-16T15:32:33","guid":{"rendered":"https:\/\/www.claret.cat\/llibre\/un-destino-de-ira-y-fuego-saga-destino-y-fuego-libro-1-9788719621082\/"},"modified":"2024-05-16T17:32:45","modified_gmt":"2024-05-16T15:32:45","slug":"un-destino-de-ira-y-fuego-saga-destino-y-fuego-libro-1-9788719621082","status":"publish","type":"product","link":"https:\/\/www.claret.cat\/es\/libro\/un-destino-de-ira-y-fuego-saga-destino-y-fuego-libro-1-9788719621082\/","title":{"rendered":"UN DESTINO DE IRA Y FUEGO (SAGA DESTINO Y FUEGO LIBRO 1)"},"content":{"rendered":"<p>Este hombre me ha condenado a muerte. Despu\u00e9s de besarme.<\/p>\n<p>Una ladrona criada en las calles de Nueva York. Un mundo desconocido gobernado por la magia. Un pr\u00edncipe traicionado. Una misi\u00f3n peligrosa. Un destino cruel.<\/p>\n<p>Ella tendr\u00e1 que fingir para salvarse.\u00c9l deber\u00e1 confiar en su peor enemiga.Pero el destino tiene sus propios planes&#8230;<\/p>\n","protected":false},"excerpt":{"rendered":"<p>K.A.TUCKER<\/p>\n","protected":false},"featured_media":965301,"template":"","meta":{"_acf_changed":false,"om_disable_all_campaigns":false,"rs_blank_template":"","rs_page_bg_color":"","slide_template_v7":"","inline_featured_image":false,"_monsterinsights_skip_tracking":false,"_monsterinsights_sitenote_active":false,"_monsterinsights_sitenote_note":"","_monsterinsights_sitenote_category":0},"product_brand":[],"product_cat":[133,132,362,363],"product_tag":[],"class_list":{"0":"post-965300","1":"product","2":"type-product","3":"status-publish","4":"has-post-thumbnail","6":"product_cat-lectures-per-adolescents-12-18-anys","7":"product_cat-lectures-per-preadolescents-6-12-anys","8":"product_cat-libros-preadolescentes-6-12-anos","9":"product_cat-lecturas-por-adolescentes-12-18-anos","11":"first","12":"instock","13":"taxable","14":"shipping-taxable","15":"purchasable","16":"product-type-simple"},"acf":{"autor":"K.A.TUCKER","codart":"871962108","libros-coleccion":"","ediciones":"1","encuadernacion":"R\u00fastica","fecha_de_publicacion":"16\/05\/2024","novedad":"1","paginas":"637","subtitulo":"","orden":"0","portada":"0","idioma":"spa","editorial":[{"ID":430250,"post_author":"3","post_date":"2023-05-18 13:50:19","post_date_gmt":"2023-05-18 11:50:19","post_content":"","post_title":"TBR","post_excerpt":"","post_status":"publish","comment_status":"closed","ping_status":"closed","post_password":"","post_name":"tbr-3","to_ping":"","pinged":"","post_modified":"2023-05-18 13:50:19","post_modified_gmt":"2023-05-18 11:50:19","post_content_filtered":"","post_parent":0,"guid":"https:\/\/www.claret.cat\/editorial\/tbr-3\/","menu_order":0,"post_type":"editorial","post_mime_type":"","comment_count":"0","filter":"raw"}]},"aioseo_notices":[],"_links":{"self":[{"href":"https:\/\/www.claret.cat\/es\/wp-json\/wp\/v2\/product\/965300","targetHints":{"allow":["GET"]}}],"collection":[{"href":"https:\/\/www.claret.cat\/es\/wp-json\/wp\/v2\/product"}],"about":[{"href":"https:\/\/www.claret.cat\/es\/wp-json\/wp\/v2\/types\/product"}],"wp:featuredmedia":[{"embeddable":true,"href":"https:\/\/www.claret.cat\/es\/wp-json\/wp\/v2\/media\/965301"}],"wp:attachment":[{"href":"https:\/\/www.claret.cat\/es\/wp-json\/wp\/v2\/media?parent=965300"}],"wp:term":[{"taxonomy":"product_brand","embeddable":true,"href":"https:\/\/www.claret.cat\/es\/wp-json\/wp\/v2\/product_brand?post=965300"},{"taxonomy":"product_cat","embeddable":true,"href":"https:\/\/www.claret.cat\/es\/wp-json\/wp\/v2\/product_cat?post=965300"},{"taxonomy":"product_tag","embeddable":true,"href":"https:\/\/www.claret.cat\/es\/wp-json\/wp\/v2\/product_tag?post=965300"}],"curies":[{"name":"wp","href":"https:\/\/api.w.org\/{rel}","templated":true}]}}