{"id":965611,"date":"2024-05-21T12:35:19","date_gmt":"2024-05-21T10:35:19","guid":{"rendered":"https:\/\/www.claret.cat\/llibre\/de-la-angustia-la-paz-9788419407436\/"},"modified":"2025-04-03T10:05:05","modified_gmt":"2025-04-03T08:05:05","slug":"de-la-angustia-la-paz-9788419407436","status":"publish","type":"product","link":"https:\/\/www.claret.cat\/es\/libro\/de-la-angustia-la-paz-9788419407436\/","title":{"rendered":"DE LA ANGUSTIA LA PAZ"},"content":{"rendered":"<p>&#8216;Enfrentada con una jerarqu\u00eda eclesi\u00e1stica ciega y sorda ante sus padecimientos, Marie de la Trinit\u00e9, monja dominica, estaba al borde de la locura. Nadie parec\u00eda comprender su angustia. Desesperada, escribi\u00f3 a Jacques Lacan en busca de ayuda, quien la alent\u00f3 a redactar esta obra.     Lleno de fuerza, el relato de Marie de la Trinit\u00e9 nos acerca a la experiencia de su ingreso en el psiqui\u00e1trico de Bonneval, poco despu\u00e9s de haber estado a punto de sufrir una lobotom\u00eda de resultados irreversibles; tambi\u00e9n a su paso por la consulta de distintos psicoanalistas, quienes solo supieron ofrecerle respuestas que la somet\u00edan a la dominaci\u00f3n del terapeuta. Ello hace de su caso un comentario privilegiado sobre la dimensi\u00f3n \u00e9tica de los diversos tratamientos psiqui\u00e1tricos que la ciencia ofrece para paliar el sufrimiento ps\u00edquico, el cual se presenta con frecuencia como algo que cuestiona el orden establecido.     Esta obra constituye un testimonio de c\u00f3mo los efectos de una ansiedad profunda pueden trastornar una vida. Pero la historia de Marie es, tambi\u00e9n, un rayo de esperanza: la lecci\u00f3n de una batalla ganada a la locur<\/p>\n","protected":false},"excerpt":{"rendered":"<p>TRINIT\u00c9, MARIE DE LA<\/p>\n","protected":false},"featured_media":965649,"template":"","meta":{"_acf_changed":false,"om_disable_all_campaigns":false,"rs_blank_template":"","rs_page_bg_color":"","slide_template_v7":"","inline_featured_image":false,"_monsterinsights_skip_tracking":false,"_monsterinsights_sitenote_active":false,"_monsterinsights_sitenote_note":"","_monsterinsights_sitenote_category":0},"product_brand":[],"product_cat":[491,241,395,240],"product_tag":[],"class_list":{"0":"post-965611","1":"product","2":"type-product","3":"status-publish","4":"has-post-thumbnail","6":"product_cat-testimonios","7":"product_cat-testimonis","8":"product_cat-vida-religiosa-espiritualidad-1_espiritualidad","9":"product_cat-vida-religiosa-espiritualitat","11":"first","12":"instock","13":"taxable","14":"shipping-taxable","15":"purchasable","16":"product-type-simple"},"acf":{"autor":"TRINIT\u00c9, MARIE DE LA","codart":"841940743","libros-coleccion":"FORA DE COL.LECCI\u00d3","ediciones":"1","encuadernacion":"Carpeta","fecha_de_publicacion":"01\/05\/2024","novedad":"1","paginas":"144","subtitulo":"RELATO DE UNA MONJA DESDE LOS L\u00cdMITES DE LA LOCURA","orden":"0","portada":"0","idioma":"spa","editorial":[{"ID":148566,"post_author":"3","post_date":"2022-10-14 11:59:14","post_date_gmt":"2022-10-14 09:59:14","post_content":"","post_title":"Ned Ediciones","post_excerpt":"","post_status":"publish","comment_status":"closed","ping_status":"closed","post_password":"","post_name":"ned-ediciones","to_ping":"","pinged":"","post_modified":"2022-10-14 11:59:14","post_modified_gmt":"2022-10-14 09:59:14","post_content_filtered":"","post_parent":0,"guid":"http:\/\/dev.claret.cat\/editorial\/ned-ediciones\/","menu_order":0,"post_type":"editorial","post_mime_type":"","comment_count":"0","filter":"raw"}]},"aioseo_notices":[],"_links":{"self":[{"href":"https:\/\/www.claret.cat\/es\/wp-json\/wp\/v2\/product\/965611","targetHints":{"allow":["GET"]}}],"collection":[{"href":"https:\/\/www.claret.cat\/es\/wp-json\/wp\/v2\/product"}],"about":[{"href":"https:\/\/www.claret.cat\/es\/wp-json\/wp\/v2\/types\/product"}],"wp:featuredmedia":[{"embeddable":true,"href":"https:\/\/www.claret.cat\/es\/wp-json\/wp\/v2\/media\/965649"}],"wp:attachment":[{"href":"https:\/\/www.claret.cat\/es\/wp-json\/wp\/v2\/media?parent=965611"}],"wp:term":[{"taxonomy":"product_brand","embeddable":true,"href":"https:\/\/www.claret.cat\/es\/wp-json\/wp\/v2\/product_brand?post=965611"},{"taxonomy":"product_cat","embeddable":true,"href":"https:\/\/www.claret.cat\/es\/wp-json\/wp\/v2\/product_cat?post=965611"},{"taxonomy":"product_tag","embeddable":true,"href":"https:\/\/www.claret.cat\/es\/wp-json\/wp\/v2\/product_tag?post=965611"}],"curies":[{"name":"wp","href":"https:\/\/api.w.org\/{rel}","templated":true}]}}